{"id":54313,"date":"2026-05-13T16:00:35","date_gmt":"2026-05-13T14:00:35","guid":{"rendered":"https:\/\/premino.pl\/?product=vinoclean-olejek-nocny-detox-30ml"},"modified":"2026-05-13T16:00:37","modified_gmt":"2026-05-13T14:00:37","slug":"vinoclean-olejek-nocny-detox-30ml","status":"publish","type":"product","link":"https:\/\/premino.pl\/?product=vinoclean-olejek-nocny-detox-30ml","title":{"rendered":"Vinoclean olejek nocny detox 30ml"},"content":{"rendered":"<p>Odkryj Olejek Nocny D\u00e9tox \u2013 luksusow\u0105 piel\u0119gnacj\u0119, kt\u00f3ra przywraca matowej i zestresowanej sk\u00f3rze promienny blask. Formu\u0142a \u0142\u0105czy pi\u0119\u0107 wyj\u0105tkowych olejk\u00f3w: olej z pestek winogron bogaty w kwasy omega-6, olej z dzikiej r\u00f3\u017cy, olej ze s\u0142odkich migda\u0142\u00f3w, olejek eteryczny z neroli oraz olejek eteryczny z lawendy, aby sk\u00f3ra wygl\u0105da\u0142a zdrowo i \u015bwie\u017co.<\/p>\n<p><b>Dlaczego warto go wybra\u0107?<br \/><\/b>\u2022 Bez PEG-\u00f3w i silikon\u00f3w<br \/>\u2022 100% sk\u0142adnik\u00f3w pochodzenia naturalnego<br \/>\u2022 Certyfikat ekologiczny<br \/>\u2022 Wega\u0144ski<\/p>\n<p><b>Widoczne efekty:<\/b><br \/>96% uczestniczek badania klinicznego stwierdzi\u0142o, \u017ce ich sk\u00f3ra wygl\u0105da \u015bwie\u017co*<\/p>\n<p>*Badanie: 21 kobiet, 28 dni, samoocena satysfakcji<\/p>\n<p><b>Kluczowe sk\u0142adniki i dzia\u0142anie:<br \/><\/b>\u2022 Olej z pestek winogron \u2013 naturalnie od\u017cywia i dzia\u0142a antyoksydacyjnie<br \/>\u2022 Delikatny olejek migda\u0142owy \u2013 bogaty w kwasy Omega 6 i 9 oraz witaminy A, B, D i E<br \/>\u2022 Olejek eteryczny neroli \u2013 \u0142agodzi, regeneruje i wspomaga relaks<\/p>\n<p><b>Ciekawostka:<\/b><br \/>Olejek sprawdzi si\u0119 przy ka\u017cdym typie sk\u00f3ry, tak\u017ce mieszanej i t\u0142ustej. Sucha konsystencja szybko si\u0119 wch\u0142ania, nie pozostawiaj\u0105c uczucia lepko\u015bci.<\/p>\n<p><b>Spos\u00f3b u\u017cycia:<\/b><br \/>Wieczorem nanie\u015b 6 kropli Olejku Nocnego D\u00e9tox. Stosuj solo lub przed na\u0142o\u017ceniem kremu nawil\u017caj\u0105cego.<\/p>\n<p><strong>Dzia\u0142anie:<\/strong> chroni, nawil\u017caj\u0105ce, od\u017cywcze, regeneruje, \u0142agodzi podra\u017cnienia<br \/>\n<strong>Gramatura:<\/strong> ml<br \/>\n<strong>Konsystencja:<\/strong> olejek<br \/>\n<strong>Linie elitarne:<\/strong> tak<br \/>\n<strong>Piel\u0119gnacja specyficzna:<\/strong> nie<br \/>\n<strong>Pojemno\u015b\u0107:<\/strong> 30<br \/>\n<strong>Pora stosowania:<\/strong> noc<br \/>\n<strong>P\u0142e\u0107:<\/strong> damski<br \/>\n<strong>Rodzaj sk\u00f3ry:<\/strong> wra\u017cliwa<br \/>\n<strong>S\u0142o\u0144ce:<\/strong> nie<br \/>\n<strong>Typ sk\u00f3ry:<\/strong> mieszana\/t\u0142usta, normalna, sucha<\/p>\n<p><strong>Uwagi:<\/strong><\/p>\n<p>Unika\u0107 kontaktu z oczami.<\/p>\n<p><strong>Sk\u0142adniki:<\/strong><\/p>\n<p>CAPRYLIC\/CAPRIC TRIGLYCERIDE, VITIS VINIFERA (GRAPE) SEED OIL, PRUNUS AMYGDALUS DULCIS (SWEET ALMOND) OIL, ROSA CANINA FRUIT OIL, CITRUS AURANTIUM AMARA (BITTER ORANGE) LEAF\/TWIG OIL, LINALOOL, DAUCUS CAROTA SATIVA (CARROT) SEED OIL, HELIANTHUS ANNUUS (SUNFLOWER) SEED OIL, SANTALUM ALBUM (SANDALWOOD) OIL, TOCOPHEROL, CITRUS AURANTIUM AMARA (BITTER ORANGE) FLOWER OIL, LAVANDULA ANGUSTIFOLIA (LAVENDER) OIL, GERANIOL, LIMONENE, CITRAL, FARNESOL.<\/p>\n","protected":false},"excerpt":{"rendered":"<p> <strong>Dzia\u0142anie:<\/strong> chroni, nawil\u017caj\u0105ce, od\u017cywcze, regeneruje, \u0142agodzi podra\u017cnienia<br \/>  <strong>Gramatura:<\/strong> ml<br \/>  <strong>Konsystencja:<\/strong> olejek<br \/>  <strong>Linie elitarne:<\/strong> tak<br \/>  <strong>Piel\u0119gnacja specyficzna:<\/strong> nie<br \/>  <strong>Pojemno\u015b\u0107:<\/strong> 30<br \/>  <strong>Pora stosowania:<\/strong> noc<br \/>  <strong>P\u0142e\u0107:<\/strong> damski<br \/>  <strong>Rodzaj sk\u00f3ry:<\/strong> wra\u017cliwa<br \/>  <strong>S\u0142o\u0144ce:<\/strong> nie<br \/>  <strong>Typ sk\u00f3ry:<\/strong> mieszana\/t\u0142usta, normalna, sucha <\/p>\n","protected":false},"featured_media":54314,"comment_status":"open","ping_status":"closed","template":"","meta":{"_acf_changed":false},"kategoria-hurtowni":[90,109,110],"product_brand":[653],"product_cat":[76],"product_tag":[],"class_list":{"0":"post-54313","1":"product","2":"type-product","3":"status-publish","4":"has-post-thumbnail","6":"kategoria-hurtowni-pielegnacja","7":"kategoria-hurtowni-pielegnacja-twarzy-pielegnacja","8":"kategoria-hurtowni-twarz-pielegnacja-twarzy-pielegnacja","9":"product_brand-caudalie","10":"product_cat-primavera","12":"first","13":"outofstock","14":"taxable","15":"shipping-taxable","16":"product-type-simple"},"acf":[],"_links":{"self":[{"href":"https:\/\/premino.pl\/index.php?rest_route=\/wp\/v2\/product\/54313","targetHints":{"allow":["GET"]}}],"collection":[{"href":"https:\/\/premino.pl\/index.php?rest_route=\/wp\/v2\/product"}],"about":[{"href":"https:\/\/premino.pl\/index.php?rest_route=\/wp\/v2\/types\/product"}],"replies":[{"embeddable":true,"href":"https:\/\/premino.pl\/index.php?rest_route=%2Fwp%2Fv2%2Fcomments&post=54313"}],"wp:featuredmedia":[{"embeddable":true,"href":"https:\/\/premino.pl\/index.php?rest_route=\/wp\/v2\/media\/54314"}],"wp:attachment":[{"href":"https:\/\/premino.pl\/index.php?rest_route=%2Fwp%2Fv2%2Fmedia&parent=54313"}],"wp:term":[{"taxonomy":"kategoria-hurtowni","embeddable":true,"href":"https:\/\/premino.pl\/index.php?rest_route=%2Fwp%2Fv2%2Fkategoria-hurtowni&post=54313"},{"taxonomy":"product_brand","embeddable":true,"href":"https:\/\/premino.pl\/index.php?rest_route=%2Fwp%2Fv2%2Fproduct_brand&post=54313"},{"taxonomy":"product_cat","embeddable":true,"href":"https:\/\/premino.pl\/index.php?rest_route=%2Fwp%2Fv2%2Fproduct_cat&post=54313"},{"taxonomy":"product_tag","embeddable":true,"href":"https:\/\/premino.pl\/index.php?rest_route=%2Fwp%2Fv2%2Fproduct_tag&post=54313"}],"curies":[{"name":"wp","href":"https:\/\/api.w.org\/{rel}","templated":true}]}}