{"id":54315,"date":"2026-05-13T16:00:35","date_gmt":"2026-05-13T14:00:35","guid":{"rendered":"https:\/\/premino.pl\/?product=the-des-vignes-zel-pod-prysznic-200ml"},"modified":"2026-05-13T16:00:37","modified_gmt":"2026-05-13T14:00:37","slug":"the-des-vignes-zel-pod-prysznic-200ml","status":"publish","type":"product","link":"https:\/\/premino.pl\/?product=the-des-vignes-zel-pod-prysznic-200ml","title":{"rendered":"Th\u00e9 des Vignes \u017cel pod prysznic 200ml"},"content":{"rendered":"<p>Delikatnie myj\u0105cy \u017cel pod prysznic Th\u00e9 des Vignes bez myd\u0142a skutecznie oczyszcza sk\u00f3r\u0119, pozostawiaj\u0105c j\u0105 mi\u0119kk\u0105 i subtelnie pachn\u0105c\u0105. Otula cia\u0142o zmys\u0142owym aromatem kultowej wody Th\u00e9 des Vignes \u2013 z nutami bia\u0142ego pi\u017cma, neroli i imbiru.<\/p>\n<p>Formu\u0142a zawiera 97% sk\u0142adnik\u00f3w pochodzenia naturalnego i jest doskonale tolerowana przez sk\u00f3r\u0119.<br \/>Bez myd\u0142a, wzbogacona o ultradelikatn\u0105 baz\u0119 myj\u0105c\u0105, idealnie sprawdza si\u0119 do codziennego stosowania.<\/p>\n<p><b>G\u0142\u00f3wne sk\u0142adniki zapachowe:<br \/><\/b>Bia\u0142e pi\u017cmo \u2013 kremowa, otulaj\u0105ca i koj\u0105ca nuta.<br \/>Neroli \u2013 delikatny, kwiatowy akcent kwiatu pomara\u0144czy.<br \/>Imbir \u2013 \u015bwie\u017cy, cytrusowo-korzenny ton, kt\u00f3ry dodaje energii.<\/p>\n<p><b>Czy wiesz, \u017ce&#8230;<\/b><br \/>Linia Th\u00e9 des Vignes inspirowana jest zmys\u0142owymi nutami Wody Orze\u017awiaj\u0105cej Th\u00e9 des Vignes, stworzonej w 2011 roku przez za\u0142o\u017cycielk\u0119 marki Caudalie \u2013 Mathilde Thomas, we wsp\u00f3\u0142pracy z mistrzem perfumiarstwa Jacques\u2019em Cavallierem.<\/p>\n<p><b>Spos\u00f3b u\u017cycia:<\/b><br \/>Na\u0142\u00f3\u017c \u017cel na wilgotn\u0105 sk\u00f3r\u0119, delikatnie spie\u0144, a nast\u0119pnie sp\u0142ucz wod\u0105.<\/p>\n<p><strong>Dzia\u0142anie:<\/strong> nawil\u017caj\u0105ce, oczyszczaj\u0105ce, od\u015bwie\u017ca, relaksuj\u0105ce, zmi\u0119kcza<br \/>\n<strong>Gramatura:<\/strong> ml<br \/>\n<strong>Konsystencja:<\/strong> \u017cel<br \/>\n<strong>Linie elitarne:<\/strong> tak<br \/>\n<strong>Lokalizacja:<\/strong> ca\u0142e cia\u0142o<br \/>\n<strong>Piel\u0119gnacja cia\u0142a:<\/strong> tak<br \/>\n<strong>Pojemno\u015b\u0107:<\/strong> 200<br \/>\n<strong>P\u0142e\u0107:<\/strong> damski<br \/>\n<strong>S\u0142o\u0144ce:<\/strong> nie<\/p>\n<p><strong>Uwagi:<\/strong><\/p>\n<p>Unika\u0107 kontaktu z oczami.<\/p>\n<p><strong>Sk\u0142adniki:<\/strong><\/p>\n<p>AQUA\/WATER\/EAU, DECYL GLUCOSIDE, SODIUM COCOYL GLUTAMATE, GLYCERIN, SUCROSE COCOATE, ACRYLATES\/C10-30 ALKYL ACRYLATE CROSSPOLYMER, CAPRYLYL GLYCOL, POTASSIUM SORBATE, CITRIC ACID, LIMONENE, LINALOOL, ALOE BARBADENSIS LEAF JUICE POWDER, PARFUM (FRAGRANCE).<\/p>\n","protected":false},"excerpt":{"rendered":"<p> <strong>Dzia\u0142anie:<\/strong> nawil\u017caj\u0105ce, oczyszczaj\u0105ce, od\u015bwie\u017ca, relaksuj\u0105ce, zmi\u0119kcza<br \/>  <strong>Gramatura:<\/strong> ml<br \/>  <strong>Konsystencja:<\/strong> \u017cel<br \/>  <strong>Linie elitarne:<\/strong> tak<br \/>  <strong>Lokalizacja:<\/strong> ca\u0142e cia\u0142o<br \/>  <strong>Piel\u0119gnacja cia\u0142a:<\/strong> tak<br \/>  <strong>Pojemno\u015b\u0107:<\/strong> 200<br \/>  <strong>P\u0142e\u0107:<\/strong> damski<br \/>  <strong>S\u0142o\u0144ce:<\/strong> nie <\/p>\n","protected":false},"featured_media":54316,"comment_status":"open","ping_status":"closed","template":"","meta":{"_acf_changed":false},"kategoria-hurtowni":[90,91],"product_brand":[653],"product_cat":[76],"product_tag":[],"class_list":{"0":"post-54315","1":"product","2":"type-product","3":"status-publish","4":"has-post-thumbnail","6":"kategoria-hurtowni-pielegnacja","7":"kategoria-hurtowni-pielegnacja-ciala","8":"product_brand-caudalie","9":"product_cat-primavera","11":"first","12":"outofstock","13":"taxable","14":"shipping-taxable","15":"product-type-simple"},"acf":[],"_links":{"self":[{"href":"https:\/\/premino.pl\/index.php?rest_route=\/wp\/v2\/product\/54315","targetHints":{"allow":["GET"]}}],"collection":[{"href":"https:\/\/premino.pl\/index.php?rest_route=\/wp\/v2\/product"}],"about":[{"href":"https:\/\/premino.pl\/index.php?rest_route=\/wp\/v2\/types\/product"}],"replies":[{"embeddable":true,"href":"https:\/\/premino.pl\/index.php?rest_route=%2Fwp%2Fv2%2Fcomments&post=54315"}],"wp:featuredmedia":[{"embeddable":true,"href":"https:\/\/premino.pl\/index.php?rest_route=\/wp\/v2\/media\/54316"}],"wp:attachment":[{"href":"https:\/\/premino.pl\/index.php?rest_route=%2Fwp%2Fv2%2Fmedia&parent=54315"}],"wp:term":[{"taxonomy":"kategoria-hurtowni","embeddable":true,"href":"https:\/\/premino.pl\/index.php?rest_route=%2Fwp%2Fv2%2Fkategoria-hurtowni&post=54315"},{"taxonomy":"product_brand","embeddable":true,"href":"https:\/\/premino.pl\/index.php?rest_route=%2Fwp%2Fv2%2Fproduct_brand&post=54315"},{"taxonomy":"product_cat","embeddable":true,"href":"https:\/\/premino.pl\/index.php?rest_route=%2Fwp%2Fv2%2Fproduct_cat&post=54315"},{"taxonomy":"product_tag","embeddable":true,"href":"https:\/\/premino.pl\/index.php?rest_route=%2Fwp%2Fv2%2Fproduct_tag&post=54315"}],"curies":[{"name":"wp","href":"https:\/\/api.w.org\/{rel}","templated":true}]}}