{"id":54463,"date":"2026-05-13T16:01:35","date_gmt":"2026-05-13T14:01:35","guid":{"rendered":"https:\/\/premino.pl\/?product=red-wine-care-kremowe-mleczko-do-demakijazu-200ml"},"modified":"2026-05-13T16:01:37","modified_gmt":"2026-05-13T14:01:37","slug":"red-wine-care-kremowe-mleczko-do-demakijazu-200ml","status":"publish","type":"product","link":"https:\/\/premino.pl\/?product=red-wine-care-kremowe-mleczko-do-demakijazu-200ml","title":{"rendered":"Red Wine Care kremowe mleczko do demakija\u017cu 200ml"},"content":{"rendered":"<p><b>Pierwszy etap piel\u0119gnacji<br \/><\/b>Mleczko do demakija\u017cu oczu oraz sk\u00f3ry twarzy przeznaczone do codziennej piel\u0119gnacji ka\u017cdego rodzaju cery. Kompozycja ekstraktu z wina, pestek winogron i czerwonej koniczyny usuwa wolne rodniki, chroni w\u0142\u00f3kna kolagenu i elastyny oraz pobudza naturaln\u0105 regeneracj\u0119 sk\u00f3ry. Naturalne oleje: oliwkowy, kokosowy, sojowy oraz skwalan wspieraj\u0105 odbudow\u0119 bariery nask\u00f3rkowej. Mleczko doskonale oczyszcza, intensywnie nawil\u017ca i przywraca komfort suchej sk\u00f3rze, niweluj\u0105c uczucie \u015bci\u0105gni\u0119cia i pieczenia.<\/p>\n<p><b>Spos\u00f3b u\u017cycia:<\/b><br \/>Na\u0142\u00f3\u017c mleczko na wilgotne d\u0142onie, a nast\u0119pnie rozprowad\u017a kolistymi ruchami na sk\u00f3rze twarzy i oczu. Nast\u0119pnie sp\u0142ucz. W razie potrzeby czynno\u015b\u0107 powt\u00f3rz.<\/p>\n<p><strong>Dzia\u0142anie:<\/strong> chroni, demakija\u017c, nawil\u017caj\u0105ce, oczyszczaj\u0105ce<br \/>\n<strong>Gramatura:<\/strong> ml<br \/>\n<strong>Konsystencja:<\/strong> mleczko<br \/>\n<strong>Linie elitarne:<\/strong> nie<br \/>\n<strong>Piel\u0119gnacja specyficzna:<\/strong> nie<br \/>\n<strong>Pojemno\u015b\u0107:<\/strong> 200<br \/>\n<strong>Pora stosowania:<\/strong> dowolnie<br \/>\n<strong>P\u0142e\u0107:<\/strong> damski<br \/>\n<strong>Rodzaj sk\u00f3ry:<\/strong> wra\u017cliwa<br \/>\n<strong>S\u0142o\u0144ce:<\/strong> nie<br \/>\n<strong>Typ sk\u00f3ry:<\/strong> mieszana\/t\u0142usta, normalna, sucha<\/p>\n<p><strong>Uwagi:<\/strong><\/p>\n<p>Tylko do u\u017cytku zewn\u0119trznego.<\/p>\n<p><strong>Sk\u0142adniki:<\/strong><\/p>\n<p>Aqua, Glycine Soya Oil, Gliycerin, Polyglyceryl-6 Stearate, Cocos Nucifera Oil, Zea Mays Starch, Squalane, Cetearyl Alcohol, Olea Europaea (Olive) Fruit Oil, Hydrogenated Vegetable Oil , Polyglyceryl-6 Behenate, Cocamidopropyl Betaine, Tocopherol , Vitis Vinifera Vine Extract, Vitis Vinifera Seed Extract, Trifolium Pratense Extract, Parfum, Xanthan Gum, Helianthus Annuus Seed Oil, Phenoxyethanol, Propanediol, Ethylhexylglycerin, Sodium Phytate, Citric Acid, Sodium Chloride, Sodium Benzoate, Potassium Sorbate, Tetramethyl Acetyloctahydronaphthalenes<\/p>\n","protected":false},"excerpt":{"rendered":"<p> <strong>Dzia\u0142anie:<\/strong> chroni, demakija\u017c, nawil\u017caj\u0105ce, oczyszczaj\u0105ce<br \/>  <strong>Gramatura:<\/strong> ml<br \/>  <strong>Konsystencja:<\/strong> mleczko<br \/>  <strong>Linie elitarne:<\/strong> nie<br \/>  <strong>Piel\u0119gnacja specyficzna:<\/strong> nie<br \/>  <strong>Pojemno\u015b\u0107:<\/strong> 200<br \/>  <strong>Pora stosowania:<\/strong> dowolnie<br \/>  <strong>P\u0142e\u0107:<\/strong> damski<br \/>  <strong>Rodzaj sk\u00f3ry:<\/strong> wra\u017cliwa<br \/>  <strong>S\u0142o\u0144ce:<\/strong> nie<br \/>  <strong>Typ sk\u00f3ry:<\/strong> mieszana\/t\u0142usta, normalna, sucha <\/p>\n","protected":false},"featured_media":54464,"comment_status":"open","ping_status":"closed","template":"","meta":{"_acf_changed":false},"kategoria-hurtowni":[100,101,102],"product_brand":[103],"product_cat":[76],"product_tag":[],"class_list":{"0":"post-54463","1":"product","2":"type-product","3":"status-publish","4":"has-post-thumbnail","6":"kategoria-hurtowni-eco-bio","7":"kategoria-hurtowni-pielegnacja-twarzy","8":"kategoria-hurtowni-twarz","9":"product_brand-ava-laboratorium","10":"product_cat-primavera","12":"first","13":"outofstock","14":"taxable","15":"shipping-taxable","16":"product-type-simple"},"acf":[],"_links":{"self":[{"href":"https:\/\/premino.pl\/index.php?rest_route=\/wp\/v2\/product\/54463","targetHints":{"allow":["GET"]}}],"collection":[{"href":"https:\/\/premino.pl\/index.php?rest_route=\/wp\/v2\/product"}],"about":[{"href":"https:\/\/premino.pl\/index.php?rest_route=\/wp\/v2\/types\/product"}],"replies":[{"embeddable":true,"href":"https:\/\/premino.pl\/index.php?rest_route=%2Fwp%2Fv2%2Fcomments&post=54463"}],"wp:featuredmedia":[{"embeddable":true,"href":"https:\/\/premino.pl\/index.php?rest_route=\/wp\/v2\/media\/54464"}],"wp:attachment":[{"href":"https:\/\/premino.pl\/index.php?rest_route=%2Fwp%2Fv2%2Fmedia&parent=54463"}],"wp:term":[{"taxonomy":"kategoria-hurtowni","embeddable":true,"href":"https:\/\/premino.pl\/index.php?rest_route=%2Fwp%2Fv2%2Fkategoria-hurtowni&post=54463"},{"taxonomy":"product_brand","embeddable":true,"href":"https:\/\/premino.pl\/index.php?rest_route=%2Fwp%2Fv2%2Fproduct_brand&post=54463"},{"taxonomy":"product_cat","embeddable":true,"href":"https:\/\/premino.pl\/index.php?rest_route=%2Fwp%2Fv2%2Fproduct_cat&post=54463"},{"taxonomy":"product_tag","embeddable":true,"href":"https:\/\/premino.pl\/index.php?rest_route=%2Fwp%2Fv2%2Fproduct_tag&post=54463"}],"curies":[{"name":"wp","href":"https:\/\/api.w.org\/{rel}","templated":true}]}}