{"id":54469,"date":"2026-05-13T16:01:39","date_gmt":"2026-05-13T14:01:39","guid":{"rendered":"https:\/\/premino.pl\/?product=pro4biotic-nawilzajaco-odswiezajacy-tonik-200ml"},"modified":"2026-05-13T16:01:40","modified_gmt":"2026-05-13T14:01:40","slug":"pro4biotic-nawilzajaco-odswiezajacy-tonik-200ml","status":"publish","type":"product","link":"https:\/\/premino.pl\/?product=pro4biotic-nawilzajaco-odswiezajacy-tonik-200ml","title":{"rendered":"Pro4Biotic nawil\u017caj\u0105co-od\u015bwie\u017caj\u0105cy tonik 200ml"},"content":{"rendered":"<p><b>Probiotyczna 4-dniowa odnowa sk\u00f3ry<br \/><\/b>Nawil\u017caj\u0105co \u2013 od\u015bwie\u017caj\u0105cy tonik<\/p>\n<p>\u2022 Probiotyczny ekstrakt \u2013 0,3%<br \/>\u2022 Kompleks nawil\u017caj\u0105cy 1,5%<\/p>\n<p>Doskonale sprawdza si\u0119 w piel\u0119gnacji ka\u017cdego rodzaju cery. Pomaga przywr\u00f3ci\u0107 naturalne pH sk\u00f3ry. Oczyszcza j\u0105 i tonizuje. Zawiera probiotyczny ekstrakt z bakterii kwasu mlekowego. Wspomaga dzia\u0142anie kosmetyk\u00f3w w serii. Unikalny kompleks nawil\u017caj\u0105cy z zielonego kawioru, fermentu z j\u0119czmienia i dro\u017cd\u017cy g\u0142\u0119boko nawil\u017ca sk\u00f3r\u0119 i zapobiega odczuciu \u015bci\u0105gni\u0119cia. Pozostawia j\u0105 \u015bwie\u017c\u0105, gotow\u0105 do dalszej piel\u0119gnacji.<\/p>\n<p>98% sk\u0142adnik\u00f3w pochodzenia naturalnego.<\/p>\n<p><b>Spos\u00f3b u\u017cycia:<\/b><br \/>Oczyszczon\u0105 sk\u00f3r\u0119 twarzy i szyi przetrzyj tonikiem, omijaj\u0105c okolice oczu.<\/p>\n<p><strong>Dzia\u0142anie:<\/strong> chroni, nawil\u017caj\u0105ce, oczyszczaj\u0105ce, r\u00f3wnowa\u017c\u0105ce, wyg\u0142adza<br \/>\n<strong>Gramatura:<\/strong> ml<br \/>\n<strong>Konsystencja:<\/strong> tonik<br \/>\n<strong>Linie elitarne:<\/strong> nie<br \/>\n<strong>Piel\u0119gnacja specyficzna:<\/strong> nie<br \/>\n<strong>Pojemno\u015b\u0107:<\/strong> 200<br \/>\n<strong>Pora stosowania:<\/strong> dowolnie<br \/>\n<strong>P\u0142e\u0107:<\/strong> damski<br \/>\n<strong>Rodzaj sk\u00f3ry:<\/strong> wra\u017cliwa<br \/>\n<strong>S\u0142o\u0144ce:<\/strong> nie<br \/>\n<strong>Typ sk\u00f3ry:<\/strong> mieszana\/t\u0142usta, normalna, sucha<\/p>\n<p><strong>Uwagi:<\/strong><\/p>\n<p>Unika\u0107 kontaktu z oczami.<\/p>\n<p><strong>Sk\u0142adniki:<\/strong><\/p>\n<p>Aqua, Glycerin, Lactococcus Ferment Lysate, Saccharomyces\/Barley Seed Ferment Filtrate, Caulerpa Lentillifera Extract, PEG-40 Hydrogenated Castor Oil, Phenoxyethanol, Ethylhexylglycerin, Lactic Acid, Citric Acid, Sodium Benzoate, Sodium Chloride, Sodium Hydroxide, Parfum.<\/p>\n","protected":false},"excerpt":{"rendered":"<p> <strong>Dzia\u0142anie:<\/strong> chroni, nawil\u017caj\u0105ce, oczyszczaj\u0105ce, r\u00f3wnowa\u017c\u0105ce, wyg\u0142adza<br \/>  <strong>Gramatura:<\/strong> ml<br \/>  <strong>Konsystencja:<\/strong> tonik<br \/>  <strong>Linie elitarne:<\/strong> nie<br \/>  <strong>Piel\u0119gnacja specyficzna:<\/strong> nie<br \/>  <strong>Pojemno\u015b\u0107:<\/strong> 200<br \/>  <strong>Pora stosowania:<\/strong> dowolnie<br \/>  <strong>P\u0142e\u0107:<\/strong> damski<br \/>  <strong>Rodzaj sk\u00f3ry:<\/strong> wra\u017cliwa<br \/>  <strong>S\u0142o\u0144ce:<\/strong> nie<br \/>  <strong>Typ sk\u00f3ry:<\/strong> mieszana\/t\u0142usta, normalna, sucha <\/p>\n","protected":false},"featured_media":54470,"comment_status":"open","ping_status":"closed","template":"","meta":{"_acf_changed":false},"kategoria-hurtowni":[100,101,102],"product_brand":[103],"product_cat":[76],"product_tag":[],"class_list":{"0":"post-54469","1":"product","2":"type-product","3":"status-publish","4":"has-post-thumbnail","6":"kategoria-hurtowni-eco-bio","7":"kategoria-hurtowni-pielegnacja-twarzy","8":"kategoria-hurtowni-twarz","9":"product_brand-ava-laboratorium","10":"product_cat-primavera","12":"first","13":"outofstock","14":"taxable","15":"shipping-taxable","16":"product-type-simple"},"acf":[],"_links":{"self":[{"href":"https:\/\/premino.pl\/index.php?rest_route=\/wp\/v2\/product\/54469","targetHints":{"allow":["GET"]}}],"collection":[{"href":"https:\/\/premino.pl\/index.php?rest_route=\/wp\/v2\/product"}],"about":[{"href":"https:\/\/premino.pl\/index.php?rest_route=\/wp\/v2\/types\/product"}],"replies":[{"embeddable":true,"href":"https:\/\/premino.pl\/index.php?rest_route=%2Fwp%2Fv2%2Fcomments&post=54469"}],"wp:featuredmedia":[{"embeddable":true,"href":"https:\/\/premino.pl\/index.php?rest_route=\/wp\/v2\/media\/54470"}],"wp:attachment":[{"href":"https:\/\/premino.pl\/index.php?rest_route=%2Fwp%2Fv2%2Fmedia&parent=54469"}],"wp:term":[{"taxonomy":"kategoria-hurtowni","embeddable":true,"href":"https:\/\/premino.pl\/index.php?rest_route=%2Fwp%2Fv2%2Fkategoria-hurtowni&post=54469"},{"taxonomy":"product_brand","embeddable":true,"href":"https:\/\/premino.pl\/index.php?rest_route=%2Fwp%2Fv2%2Fproduct_brand&post=54469"},{"taxonomy":"product_cat","embeddable":true,"href":"https:\/\/premino.pl\/index.php?rest_route=%2Fwp%2Fv2%2Fproduct_cat&post=54469"},{"taxonomy":"product_tag","embeddable":true,"href":"https:\/\/premino.pl\/index.php?rest_route=%2Fwp%2Fv2%2Fproduct_tag&post=54469"}],"curies":[{"name":"wp","href":"https:\/\/api.w.org\/{rel}","templated":true}]}}