{"id":54527,"date":"2026-05-13T16:02:03","date_gmt":"2026-05-13T14:02:03","guid":{"rendered":"https:\/\/premino.pl\/?product=eclaire-dezodorant-spray-200ml"},"modified":"2026-05-13T16:02:03","modified_gmt":"2026-05-13T14:02:03","slug":"eclaire-dezodorant-spray-200ml","status":"publish","type":"product","link":"https:\/\/premino.pl\/?product=eclaire-dezodorant-spray-200ml","title":{"rendered":"Eclaire dezodorant spray 200ml"},"content":{"rendered":"<p>S\u0142odka pokusa w stylu\u00a0gourmand, kt\u00f3ra otula jak ciep\u0142y u\u015bcisk cukierniczych marze\u0144. Perfumowany dezodorant Eclaire\u00a0to prawdziwy deser dla zmys\u0142\u00f3w.<\/p>\n<p><b>Nuty zapachowe:<br \/><\/b><br \/><b>Nuta g\u0142owy:\u00a0<\/b>karmel, mleko, cukier<br \/><b>Nuta serca:\u00a0<\/b>mi\u00f3d, bia\u0142e kwiaty<br \/><b>Nuta bazy:\u00a0<\/b>wanilia, pralina, pi\u017cmo<\/p>\n<p><strong>Gramatura:<\/strong> ml<br \/>\n<strong>Linia k\u0105pielowa:<\/strong> dezodorant spray<br \/>\n<strong>Nuta bazy:<\/strong> pi\u017cmo, pralina, wanilia<br \/>\n<strong>Nuta g\u0142owy:<\/strong> cukier, karmel, mleko<br \/>\n<strong>Nuta g\u0142\u00f3wna:<\/strong> gourmand, s\u0142odka, waniliowe<br \/>\n<strong>Nuta serca:<\/strong> bia\u0142e kwiaty, mi\u00f3d<br \/>\n<strong>Pojemno\u015b\u0107:<\/strong> 200<br \/>\n<strong>P\u0142e\u0107:<\/strong> damski<\/p>\n<p><strong>Uwagi:<\/strong><\/p>\n<p>Przechowywa\u0107 z dala od \u017ar\u00f3de\u0142 ciep\u0142a, gor\u0105cych powierzchni, \u017ar\u00f3de\u0142 iskrzenia, otwartego ognia i innych \u017ar\u00f3de\u0142 zap\u0142onu. Skrajnie \u0142atwopalny aerozol. Pojemnik pod ci\u015bnieniem: Ogrzanie grozi wybuchem. Nie pali\u0107. Nie rozpyla\u0107 nad otwartym ogniem lub innym \u017ar\u00f3d\u0142em zap\u0142onu. Nie przek\u0142uwa\u0107 ani nie spala\u0107, nawet po zu\u017cyciu. Chroni\u0107 przed \u015bwiat\u0142em s\u0142onecznym. Chroni\u0107 przed wp\u0142ywem temperatury przekraczaj\u0105cej 50 \u00b0C\/122 \u00b0F. Chroni\u0107 przed dzie\u0107mi. Unika\u0107 wdychania oraz kontaktu z oczami.<\/p>\n<p><strong>Sk\u0142adniki:<\/strong><\/p>\n<p>ALCOHOL DENAT, FRAGRANCE (PARFUM), WATER (AQUA), BUTANE, PROPANE, 2-METHYL 5-CYCLOHEXYLPENTANOL, ETHYLHEXYLGLYCERIN, LINALOOL, LIMONENE, CITRAL, COUMARIN, GERANIOL, CITRONELLOL<\/p>\n","protected":false},"excerpt":{"rendered":"<p> <strong>Gramatura:<\/strong> ml<br \/>  <strong>Linia k\u0105pielowa:<\/strong> dezodorant spray<br \/>  <strong>Nuta bazy:<\/strong> pi\u017cmo, pralina, wanilia<br \/>  <strong>Nuta g\u0142owy:<\/strong> cukier, karmel, mleko<br \/>  <strong>Nuta g\u0142\u00f3wna:<\/strong> gourmand, s\u0142odka, waniliowe<br \/>  <strong>Nuta serca:<\/strong> bia\u0142e kwiaty, mi\u00f3d<br \/>  <strong>Pojemno\u015b\u0107:<\/strong> 200<br \/>  <strong>P\u0142e\u0107:<\/strong> damski <\/p>\n","protected":false},"featured_media":54528,"comment_status":"open","ping_status":"closed","template":"","meta":{"_acf_changed":false},"kategoria-hurtowni":[120,87],"product_brand":[380],"product_cat":[76],"product_tag":[],"class_list":{"0":"post-54527","1":"product","2":"type-product","3":"status-publish","4":"has-post-thumbnail","6":"kategoria-hurtowni-linia-kapielowa","7":"kategoria-hurtowni-perfumy","8":"product_brand-lattafa","9":"product_cat-primavera","11":"first","12":"outofstock","13":"taxable","14":"shipping-taxable","15":"product-type-simple"},"acf":[],"_links":{"self":[{"href":"https:\/\/premino.pl\/index.php?rest_route=\/wp\/v2\/product\/54527","targetHints":{"allow":["GET"]}}],"collection":[{"href":"https:\/\/premino.pl\/index.php?rest_route=\/wp\/v2\/product"}],"about":[{"href":"https:\/\/premino.pl\/index.php?rest_route=\/wp\/v2\/types\/product"}],"replies":[{"embeddable":true,"href":"https:\/\/premino.pl\/index.php?rest_route=%2Fwp%2Fv2%2Fcomments&post=54527"}],"wp:featuredmedia":[{"embeddable":true,"href":"https:\/\/premino.pl\/index.php?rest_route=\/wp\/v2\/media\/54528"}],"wp:attachment":[{"href":"https:\/\/premino.pl\/index.php?rest_route=%2Fwp%2Fv2%2Fmedia&parent=54527"}],"wp:term":[{"taxonomy":"kategoria-hurtowni","embeddable":true,"href":"https:\/\/premino.pl\/index.php?rest_route=%2Fwp%2Fv2%2Fkategoria-hurtowni&post=54527"},{"taxonomy":"product_brand","embeddable":true,"href":"https:\/\/premino.pl\/index.php?rest_route=%2Fwp%2Fv2%2Fproduct_brand&post=54527"},{"taxonomy":"product_cat","embeddable":true,"href":"https:\/\/premino.pl\/index.php?rest_route=%2Fwp%2Fv2%2Fproduct_cat&post=54527"},{"taxonomy":"product_tag","embeddable":true,"href":"https:\/\/premino.pl\/index.php?rest_route=%2Fwp%2Fv2%2Fproduct_tag&post=54527"}],"curies":[{"name":"wp","href":"https:\/\/api.w.org\/{rel}","templated":true}]}}