{"id":55234,"date":"2026-05-13T16:06:43","date_gmt":"2026-05-13T14:06:43","guid":{"rendered":"https:\/\/premino.pl\/?product=bad-boy-elixir-woda-perfumowana-spray-100ml"},"modified":"2026-05-13T16:06:45","modified_gmt":"2026-05-13T14:06:45","slug":"bad-boy-elixir-woda-perfumowana-spray-100ml","status":"publish","type":"product","link":"https:\/\/premino.pl\/?product=bad-boy-elixir-woda-perfumowana-spray-100ml","title":{"rendered":"Bad Boy Elixir woda perfumowana spray 100ml"},"content":{"rendered":"<p>Bad Boy Elixir to najbardziej intensywna i luksusowa interpretacja kultowego zapachu Bad Boy, zamkni\u0119ta w charakterystycznym flakonie w kszta\u0142cie pioruna. To kompozycja, kt\u00f3ra \u0142\u0105czy w sobie aromatyczn\u0105 sza\u0142wi\u0119, szlachetn\u0105 sk\u00f3r\u0119 i g\u0142\u0119bokie drewno cedrowe, tworz\u0105c zapach pe\u0142en energii i magnetyzmu \u2013 niczym \u017car unosz\u0105cy si\u0119 po burzy.<\/p>\n<p>Jako odwa\u017cne uzupe\u0142nienie klasycznego Bad Boy oraz popularnego Bad Boy Cobalt, Elixir wnosi nowy wymiar \u2013 elegancki, ciep\u0142y i zarazem \u015bwie\u017cy. To wyrafinowana esencja m\u0119skiej charyzmy, kt\u00f3ra nie pozostawia miejsca na kompromisy.<\/p>\n<p><b>Nuty zapachowe:<br \/><\/b><br \/><b>Nuta g\u0142owy: <\/b>sza\u0142wia<br \/><b>Nuta serca: <\/b>sk\u00f3ra<br \/><b>Nuta bazy: <\/b>cedr<\/p>\n<p><strong>Gramatura:<\/strong> ml<br \/>\n<strong>Linia k\u0105pielowa:<\/strong> nie<br \/>\n<strong>Miniatura:<\/strong> nie<br \/>\n<strong>Nuta bazy:<\/strong> cedr<br \/>\n<strong>Nuta g\u0142owy:<\/strong> sza\u0142wia<br \/>\n<strong>Nuta g\u0142\u00f3wna:<\/strong> drzewne, orientalne<br \/>\n<strong>Nuta serca:<\/strong> sk\u00f3ra<br \/>\n<strong>Pojemno\u015b\u0107:<\/strong> 100<br \/>\n<strong>Produkt rzadki:<\/strong> nie<br \/>\n<strong>Pr\u00f3bka:<\/strong> nie<br \/>\n<strong>P\u0142e\u0107:<\/strong> m\u0119ski<br \/>\n<strong>Rodzaj:<\/strong> woda perfumowana<br \/>\n<strong>Tester:<\/strong> nie<br \/>\n<strong>Zapach alternatywny:<\/strong> nie<br \/>\n<strong>Zestaw:<\/strong> nie<\/p>\n<p><strong>Uwagi:<\/strong><\/p>\n<p>Produkt przechowywa\u0107 z dala od ognia i \u017ar\u00f3de\u0142 ciep\u0142a. Trzyma\u0107 w miejscu niedost\u0119pnym dla dzieci. Nie stosowa\u0107 na podra\u017cnion\u0105 lub uszkodzon\u0105 sk\u00f3r\u0119. Unika\u0107 kontaktu z oczami.<\/p>\n<p><strong>Sk\u0142adniki:<\/strong><\/p>\n<p>ALCOHOL DENAT., PARFUM (FRAGRANCE), AQUA (WATER), COUMARIN, LIMONENE, LINALOOL, BUTYL METHOXYDIBENZOYLMETHANE, ALPHA-ISOMETHYL IONONE, BENZYL SALICYLATE, CITRONELLOL, CINNAMAL, ALCOHOL, CITRAL, TRIS(TETRAMETHYLHYDROXYPIPERIDINOL) CITRATE, METHYL 2-OCTYNOATE, GERANIOL, CI 19140 (YELLOW 5), CI 14700 (RED 4), CI 60730 (EXT. VIOLET 2), CI 42090 (BLUE 1).<\/p>\n","protected":false},"excerpt":{"rendered":"<p> <strong>Gramatura:<\/strong> ml<br \/>  <strong>Linia k\u0105pielowa:<\/strong> nie<br \/>  <strong>Miniatura:<\/strong> nie<br \/>  <strong>Nuta bazy:<\/strong> cedr<br \/>  <strong>Nuta g\u0142owy:<\/strong> sza\u0142wia<br \/>  <strong>Nuta g\u0142\u00f3wna:<\/strong> drzewne, orientalne<br \/>  <strong>Nuta serca:<\/strong> sk\u00f3ra<br \/>  <strong>Pojemno\u015b\u0107:<\/strong> 100<br \/>  <strong>Produkt rzadki:<\/strong> nie<br \/>  <strong>Pr\u00f3bka:<\/strong> nie<br \/>  <strong>P\u0142e\u0107:<\/strong> m\u0119ski<br \/>  <strong>Rodzaj:<\/strong> woda perfumowana<br \/>  <strong>Tester:<\/strong> nie<br \/>  <strong>Zapach alternatywny:<\/strong> nie<br \/>  <strong>Zestaw:<\/strong> nie <\/p>\n","protected":false},"featured_media":55235,"comment_status":"open","ping_status":"closed","template":"","meta":{"_acf_changed":false},"kategoria-hurtowni":[87,88],"product_brand":[155],"product_cat":[76],"product_tag":[],"class_list":{"0":"post-55234","1":"product","2":"type-product","3":"status-publish","4":"has-post-thumbnail","6":"kategoria-hurtowni-perfumy","7":"kategoria-hurtowni-zapachy","8":"product_brand-carolina-herrera","9":"product_cat-primavera","11":"first","12":"outofstock","13":"taxable","14":"shipping-taxable","15":"product-type-simple"},"acf":[],"_links":{"self":[{"href":"https:\/\/premino.pl\/index.php?rest_route=\/wp\/v2\/product\/55234","targetHints":{"allow":["GET"]}}],"collection":[{"href":"https:\/\/premino.pl\/index.php?rest_route=\/wp\/v2\/product"}],"about":[{"href":"https:\/\/premino.pl\/index.php?rest_route=\/wp\/v2\/types\/product"}],"replies":[{"embeddable":true,"href":"https:\/\/premino.pl\/index.php?rest_route=%2Fwp%2Fv2%2Fcomments&post=55234"}],"wp:featuredmedia":[{"embeddable":true,"href":"https:\/\/premino.pl\/index.php?rest_route=\/wp\/v2\/media\/55235"}],"wp:attachment":[{"href":"https:\/\/premino.pl\/index.php?rest_route=%2Fwp%2Fv2%2Fmedia&parent=55234"}],"wp:term":[{"taxonomy":"kategoria-hurtowni","embeddable":true,"href":"https:\/\/premino.pl\/index.php?rest_route=%2Fwp%2Fv2%2Fkategoria-hurtowni&post=55234"},{"taxonomy":"product_brand","embeddable":true,"href":"https:\/\/premino.pl\/index.php?rest_route=%2Fwp%2Fv2%2Fproduct_brand&post=55234"},{"taxonomy":"product_cat","embeddable":true,"href":"https:\/\/premino.pl\/index.php?rest_route=%2Fwp%2Fv2%2Fproduct_cat&post=55234"},{"taxonomy":"product_tag","embeddable":true,"href":"https:\/\/premino.pl\/index.php?rest_route=%2Fwp%2Fv2%2Fproduct_tag&post=55234"}],"curies":[{"name":"wp","href":"https:\/\/api.w.org\/{rel}","templated":true}]}}