{"id":55340,"date":"2026-05-13T16:07:25","date_gmt":"2026-05-13T14:07:25","guid":{"rendered":"https:\/\/premino.pl\/?product=the-face-glue-setting-spray-supertrwaly-spray-utrwalajacy-makijaz-60ml"},"modified":"2026-05-13T16:07:26","modified_gmt":"2026-05-13T14:07:26","slug":"the-face-glue-setting-spray-supertrwaly-spray-utrwalajacy-makijaz-60ml","status":"publish","type":"product","link":"https:\/\/premino.pl\/?product=the-face-glue-setting-spray-supertrwaly-spray-utrwalajacy-makijaz-60ml","title":{"rendered":"The Face Glue Setting Spray supertrwa\u0142y spray utrwalaj\u0105cy makija\u017c 60ml"},"content":{"rendered":"<p>Przyczepno\u015b\u0107 kleju, bez lepko\u015bci! The Face Glue Setting Spray zapewnia trwa\u0142o\u015b\u0107 do 24 godzin. WSZYSTKO SI\u0118 KLEI! MOCNO! Jest odporny na blakni\u0119cie i \u015bcieranie. D\u0141UGO! Utrzymuje si\u0119 do 24 godzin. DOBRZE! Wzmacnia intensywno\u015b\u0107 koloru od razu po aplikacji. Spray utrwalaj\u0105cy Face Glue utrwala makija\u017c nawet do 24 godzin. Jego formu\u0142a zawiera substancje filmotw\u00f3rcze, kt\u00f3re przyklej\u0105 Tw\u00f3j makija\u017c, zapewniaj\u0105c trwa\u0142o\u015b\u0107 odporn\u0105 na \u015bcieranie oraz syrop klonowy, znany ze swoich KLEJ\u0104CYCH w\u0142a\u015bciwo\u015bci. Ale bez uczucia lepko\u015bci! <\/p>\n<p>Chcesz, \u017ceby WSZYSTKO SI\u0118 KLEI\u0141O?! Wstrz\u0105\u015bnij i spryskaj twarz sprayem The Face Glue z odleg\u0142o\u015bci ramienia po na\u0142o\u017ceniu makija\u017cu. Spray The Face Glue przed\u0142u\u017cy jego trwa\u0142o\u015b\u0107 do 24 godzin, tworz\u0105c wodoodporn\u0105 barier\u0119, odporn\u0105 na blakni\u0119cie oraz \u015bcieranie. I WSZYSTKO SI\u0118 KLEI! Utrwalaj\u0105cy spray The Face Glue \u0142atwo si\u0119 aplikuje, nie niszczy makija\u017cu i jest niewyczuwalny na sk\u00f3rze. Zapewnia przyczepno\u015b\u0107 kleju bez nieprzyjemnej lepko\u015bci. Przygotuj sk\u00f3r\u0119 i utrwal makija\u017c, \u0142\u0105cz\u0105c spray The Face Glue z baz\u0105 The Face Glue oraz klejem do brwi The Brow Glue! Spray The Face Glue zapewnia naturalne wyko\u0144czenie i utrwali makija\u017c do 24 godzin! NYX Professional Makeup \u2014 wyselekcjonowane przez profesjonalnych makija\u017cyst\u00f3w z Los Angeles produkty, kt\u00f3re zapewniaj\u0105 intensywny kolor i epick\u0105 trwa\u0142o\u015b\u0107. <\/p>\n<p>100% Cruelty Free od pocz\u0105tku, nigdy nie testowali\u015bmy na zwierz\u0119tach.<\/p>\n<p><strong>Gramatura:<\/strong> ml<br \/>\n<strong>Pojemno\u015b\u0107:<\/strong> 60<br \/>\n<strong>P\u0142e\u0107:<\/strong> damski<br \/>\n<strong>S\u0142o\u0144ce:<\/strong> nie<\/p>\n<p><strong>Uwagi:<\/strong><\/p>\n<p>Ostrze\u017cenie: \u0141atwopalne. Unika\u0107 kontaktu z oczami. Zamknij oczy przed rozpylaniem.<\/p>\n<p><strong>Sk\u0142adniki:<\/strong><\/p>\n<p>AQUA \/ WATER \/ EAU \u2022 ALCOHOL DENAT. \u2022 PROPYLENE GLYCOL \u2022 PVP \u2022 AMP-ACRYLATES\/ALLYL METHACRYLATE COPOLYMER \u2022 BORON NITRIDE \u2022 PHENOXYETHANOL \u2022 CHLORPHENESIN \u2022 TRISODIUM ETHYLENEDIAMINE DISUCCINATE \u2022 ACER SACCHARUM EXTRACT \/ SUGAR MAPLE EXTRACT (F.I.L. N70042933\/1).<\/p>\n","protected":false},"excerpt":{"rendered":"<p> <strong>Gramatura:<\/strong> ml<br \/>  <strong>Pojemno\u015b\u0107:<\/strong> 60<br \/>  <strong>P\u0142e\u0107:<\/strong> damski<br \/>  <strong>S\u0142o\u0144ce:<\/strong> nie <\/p>\n","protected":false},"featured_media":55341,"comment_status":"open","ping_status":"closed","template":"","meta":{"_acf_changed":false},"kategoria-hurtowni":[83,137],"product_brand":[141],"product_cat":[76],"product_tag":[],"class_list":{"0":"post-55340","1":"product","2":"type-product","3":"status-publish","4":"has-post-thumbnail","6":"kategoria-hurtowni-makijaz","7":"kategoria-hurtowni-utrwalacze-do-makijazu","8":"product_brand-nyx-professional-makeup","9":"product_cat-primavera","11":"first","12":"outofstock","13":"taxable","14":"shipping-taxable","15":"product-type-simple"},"acf":[],"_links":{"self":[{"href":"https:\/\/premino.pl\/index.php?rest_route=\/wp\/v2\/product\/55340","targetHints":{"allow":["GET"]}}],"collection":[{"href":"https:\/\/premino.pl\/index.php?rest_route=\/wp\/v2\/product"}],"about":[{"href":"https:\/\/premino.pl\/index.php?rest_route=\/wp\/v2\/types\/product"}],"replies":[{"embeddable":true,"href":"https:\/\/premino.pl\/index.php?rest_route=%2Fwp%2Fv2%2Fcomments&post=55340"}],"wp:featuredmedia":[{"embeddable":true,"href":"https:\/\/premino.pl\/index.php?rest_route=\/wp\/v2\/media\/55341"}],"wp:attachment":[{"href":"https:\/\/premino.pl\/index.php?rest_route=%2Fwp%2Fv2%2Fmedia&parent=55340"}],"wp:term":[{"taxonomy":"kategoria-hurtowni","embeddable":true,"href":"https:\/\/premino.pl\/index.php?rest_route=%2Fwp%2Fv2%2Fkategoria-hurtowni&post=55340"},{"taxonomy":"product_brand","embeddable":true,"href":"https:\/\/premino.pl\/index.php?rest_route=%2Fwp%2Fv2%2Fproduct_brand&post=55340"},{"taxonomy":"product_cat","embeddable":true,"href":"https:\/\/premino.pl\/index.php?rest_route=%2Fwp%2Fv2%2Fproduct_cat&post=55340"},{"taxonomy":"product_tag","embeddable":true,"href":"https:\/\/premino.pl\/index.php?rest_route=%2Fwp%2Fv2%2Fproduct_tag&post=55340"}],"curies":[{"name":"wp","href":"https:\/\/api.w.org\/{rel}","templated":true}]}}