{"id":55454,"date":"2026-05-13T16:07:58","date_gmt":"2026-05-13T14:07:58","guid":{"rendered":"https:\/\/premino.pl\/?product=fat-oil-olejek-do-ust-sprinkle-sprinkle-4-8ml"},"modified":"2026-05-13T16:07:59","modified_gmt":"2026-05-13T14:07:59","slug":"fat-oil-olejek-do-ust-sprinkle-sprinkle-4-8ml","status":"publish","type":"product","link":"https:\/\/premino.pl\/?product=fat-oil-olejek-do-ust-sprinkle-sprinkle-4-8ml","title":{"rendered":"Fat Oil olejek do ust Sprinkle Sprinkle 4.8ml"},"content":{"rendered":"<p>Piel\u0119gnacja do ust to ju\u017c nie tylko pomadki ochronne. Poznaj Fat Oil &#8211; olejek do ust z pigmentem, kt\u00f3ry pozostawia usta niezwykle soczysssste i pe\u0142ne blasku! Wzbogacony olejkiem z maliny moroszki i olejkiem z pestek malin zapewnia ochron\u0119 i nawil\u017cenie a\u017c do 12 godzin.<\/p>\n<p><b>Stosowanie:<\/b> Rozprowad\u017a produkt po ustach jednym poci\u0105gni\u0119ciem za pomoc\u0105 wygodnego aplikatora.<\/p>\n<p><strong>Gramatura:<\/strong> ml<br \/>\n<strong>Kolor:<\/strong> Sprinkle Sprinkle<br \/>\n<strong>Pojemno\u015b\u0107:<\/strong> 4.8<br \/>\n<strong>P\u0142e\u0107:<\/strong> damski<br \/>\n<strong>S\u0142o\u0144ce:<\/strong> nie<\/p>\n<p><strong>Uwagi:<\/strong><\/p>\n<p>Nie s\u0105 wymagane \u017cadne specjalne \u015brodki ostro\u017cno\u015bci przy u\u017cywaniu tego produktu w normalnych lub racjonalnie przewidywalnych warunkach u\u017cytkowania.<\/p>\n<p><strong>Sk\u0142adniki:<\/strong><\/p>\n<p>2061963 &#8211; INGREDIENTS: POLYISOBUTENE \u2022 HYDROGENATED POLYISOBUTENE \u2022 PENTAERYTHRITYL TETRAISOSTEARATE \u2022 PARAFFINUM LIQUIDUM \/ MINERAL OIL \/ HUILE MINERALE \u2022 DIISOSTEARYL MALATE \u2022 POLYGLYCERYL-3 DIISOSTEARATE \u2022 ROSA CANINA FRUIT OIL \u2022 RUBUS CHAMAEMORUS SEED OIL \u2022 RUBUS IDAEUS SEED OIL \/ RASPBERRY SEED OIL \u2022 SQUALANE \u2022 AROMA \/ FLAVOR \u2022 ALUMINUM HYDROXIDE \u2022 CAPRYLIC\/CAPRIC TRIGLYCERIDE \u2022 DIBUTYL ETHYLHEXANOYL GLUTAMIDE \u2022 ETHYLHEXYLGLYCERIN \u2022 TOCOPHEROL \u2022 TOCOPHERYL ACETATE \u2022 DIETHYLHEXYL SYRINGYLIDENEMALONATE \u2022 SORBIC ACID \u2022 PHENOXYETHANOL \u2022 CI 15850 \/ RED 7 LAKE \u2022 CI 77491 \/ IRON OXIDES \u2022 CI 77492 \/ IRON OXIDES \u2022 CI 77499 \/ IRON OXIDES \u2022 CI 77891 \/ TITANIUM DIOXIDE \u2022 CI 19140 \/ YELLOW 5 LAKE \u2022 BENZYL ALCOHOL (F.I.L. N70042122\/1).<\/p>\n","protected":false},"excerpt":{"rendered":"<p> <strong>Gramatura:<\/strong> ml<br \/>  <strong>Kolor:<\/strong> Sprinkle Sprinkle<br \/>  <strong>Pojemno\u015b\u0107:<\/strong> 4.8<br \/>  <strong>P\u0142e\u0107:<\/strong> damski<br \/>  <strong>S\u0142o\u0144ce:<\/strong> nie <\/p>\n","protected":false},"featured_media":55455,"comment_status":"open","ping_status":"closed","template":"","meta":{"_acf_changed":false},"kategoria-hurtowni":[83,105,184],"product_brand":[141],"product_cat":[76],"product_tag":[],"class_list":{"0":"post-55454","1":"product","2":"type-product","3":"status-publish","4":"has-post-thumbnail","6":"kategoria-hurtowni-makijaz","7":"kategoria-hurtowni-makijaz-usta","8":"kategoria-hurtowni-produkt-pielegnacyjny","9":"product_brand-nyx-professional-makeup","10":"product_cat-primavera","12":"first","13":"outofstock","14":"taxable","15":"shipping-taxable","16":"product-type-simple"},"acf":[],"_links":{"self":[{"href":"https:\/\/premino.pl\/index.php?rest_route=\/wp\/v2\/product\/55454","targetHints":{"allow":["GET"]}}],"collection":[{"href":"https:\/\/premino.pl\/index.php?rest_route=\/wp\/v2\/product"}],"about":[{"href":"https:\/\/premino.pl\/index.php?rest_route=\/wp\/v2\/types\/product"}],"replies":[{"embeddable":true,"href":"https:\/\/premino.pl\/index.php?rest_route=%2Fwp%2Fv2%2Fcomments&post=55454"}],"wp:featuredmedia":[{"embeddable":true,"href":"https:\/\/premino.pl\/index.php?rest_route=\/wp\/v2\/media\/55455"}],"wp:attachment":[{"href":"https:\/\/premino.pl\/index.php?rest_route=%2Fwp%2Fv2%2Fmedia&parent=55454"}],"wp:term":[{"taxonomy":"kategoria-hurtowni","embeddable":true,"href":"https:\/\/premino.pl\/index.php?rest_route=%2Fwp%2Fv2%2Fkategoria-hurtowni&post=55454"},{"taxonomy":"product_brand","embeddable":true,"href":"https:\/\/premino.pl\/index.php?rest_route=%2Fwp%2Fv2%2Fproduct_brand&post=55454"},{"taxonomy":"product_cat","embeddable":true,"href":"https:\/\/premino.pl\/index.php?rest_route=%2Fwp%2Fv2%2Fproduct_cat&post=55454"},{"taxonomy":"product_tag","embeddable":true,"href":"https:\/\/premino.pl\/index.php?rest_route=%2Fwp%2Fv2%2Fproduct_tag&post=55454"}],"curies":[{"name":"wp","href":"https:\/\/api.w.org\/{rel}","templated":true}]}}