{"id":55510,"date":"2026-05-13T16:08:16","date_gmt":"2026-05-13T14:08:16","guid":{"rendered":"https:\/\/premino.pl\/?product=butter-gloss-blyszczyk-do-ust-angel-food-cake-8ml"},"modified":"2026-05-13T16:08:17","modified_gmt":"2026-05-13T14:08:17","slug":"butter-gloss-blyszczyk-do-ust-angel-food-cake-8ml","status":"publish","type":"product","link":"https:\/\/premino.pl\/?product=butter-gloss-blyszczyk-do-ust-angel-food-cake-8ml","title":{"rendered":"Butter Gloss b\u0142yszczyk do ust Angel Food Cake 8ml"},"content":{"rendered":"<p>B\u0142yszczyki do ust BUTTER GLOSS s\u0105 niesamowicie mi\u0119kkie, ma\u015blane i g\u0142adkie niczym jedwab. Dost\u0119pne w luksusowych odcieniach otulaj\u0105 usta kolorem, oferuj\u0105c p\u00f3\u0142transparentne, lekkie pokrycie. Te b\u0142yszczyki wprost stapiaj\u0105 si\u0119 z ustami i nigdy nie tworz\u0105 \u201elepkiego\u201d efektu oraz pi\u0119knie pachn\u0105 ciasteczkami. Twoje usta b\u0119d\u0105 mi\u0119kkie, pe\u0142ne i gotowe na poca\u0142unki! BUTTER GLOSS mo\u017cesz u\u017cywa\u0107 samodzielnie lub wraz z ulubion\u0105 pomadk\u0105.<\/p>\n<p><b>Stosowanie: <\/b>Aplikuj za pomoc\u0105 p\u0119dzelka bezpo\u015brednio na usta. Na\u0142\u00f3\u017c kolejn\u0105 warstw\u0119, aby uzyska\u0107 mocniejsze krycie i bardziej b\u0142yszcz\u0105cy efekt.<\/p>\n<p><strong>Forma podania:<\/strong> aplikator<br \/>\n<strong>Gramatura:<\/strong> ml<br \/>\n<strong>Kolor:<\/strong> Angel Food Cake<br \/>\n<strong>Pojemno\u015b\u0107:<\/strong> 8<br \/>\n<strong>P\u0142e\u0107:<\/strong> damski<br \/>\n<strong>S\u0142o\u0144ce:<\/strong> nie<\/p>\n<p><strong>Uwagi:<\/strong><\/p>\n<p>Nie s\u0105 wymagane \u017cadne specjalne \u015brodki ostro\u017cno\u015bci przy u\u017cywaniu tego produktu w normalnych lub racjonalnie przewidywalnych warunkach u\u017cytkowania.<\/p>\n<p><strong>Sk\u0142adniki:<\/strong><\/p>\n<p>POLYISOBUTENE \u2022 PARAFFINUM LIQUIDUM \/ MINERAL OIL \/ HUILE MINERALE \u2022 DIISOSTEARYL MALATE \u2022 OCTYLDODECANOL \u2022 PEG-8 BEESWAX \u2022 ORYZA SATIVA CERA \/ RICE BRAN WAX \u2022 SILICA DIMETHYL SILYLATE [NANO] \/ SILICA DIMETHYL SILYLATE \u2022 ETHYLENE\/PROPYLENE\/STYRENE COPOLYMER \u2022 SYNTHETIC WAX \u2022 ALUMINUM HYDROXIDE \u2022 CAPRYLIC\/CAPRIC TRIGLYCERIDE \u2022 ETHYLHEXYLGLYCERIN \u2022 BUTYLENE\/ETHYLENE\/STYRENE COPOLYMER \u2022 TOCOPHERYL ACETATE \u2022 DIETHYLHEXYL SYRINGYLIDENEMALONATE \u2022 PENTAERYTHRITYL TETRA-DI-T-BUTYL HYDROXYHYDROCINNAMATE \u2022 SORBIC ACID \u2022 PHENOXYETHANOL \u2022 CI 15850 \/ RED 7 LAKE \u2022 CI 77491 \/ IRON OXIDES \u2022 CI 77492 \/ IRON OXIDES \u2022 CI 77499 \/ IRON OXIDES \u2022 CI 77891 \/ TITANIUM DIOXIDE \u2022 CI 19140 \/ YELLOW 5 LAKE \u2022 PARFUM \/ FRAGRANCE (F.I.L. N70021527\/1).<\/p>\n","protected":false},"excerpt":{"rendered":"<p> <strong>Forma podania:<\/strong> aplikator<br \/>  <strong>Gramatura:<\/strong> ml<br \/>  <strong>Kolor:<\/strong> Angel Food Cake<br \/>  <strong>Pojemno\u015b\u0107:<\/strong> 8<br \/>  <strong>P\u0142e\u0107:<\/strong> damski<br \/>  <strong>S\u0142o\u0144ce:<\/strong> nie <\/p>\n","protected":false},"featured_media":55511,"comment_status":"open","ping_status":"closed","template":"","meta":{"_acf_changed":false},"kategoria-hurtowni":[140,83,105],"product_brand":[141],"product_cat":[76],"product_tag":[],"class_list":{"0":"post-55510","1":"product","2":"type-product","3":"status-publish","4":"has-post-thumbnail","6":"kategoria-hurtowni-blyszczyki","7":"kategoria-hurtowni-makijaz","8":"kategoria-hurtowni-makijaz-usta","9":"product_brand-nyx-professional-makeup","10":"product_cat-primavera","12":"first","13":"outofstock","14":"taxable","15":"shipping-taxable","16":"product-type-simple"},"acf":[],"_links":{"self":[{"href":"https:\/\/premino.pl\/index.php?rest_route=\/wp\/v2\/product\/55510","targetHints":{"allow":["GET"]}}],"collection":[{"href":"https:\/\/premino.pl\/index.php?rest_route=\/wp\/v2\/product"}],"about":[{"href":"https:\/\/premino.pl\/index.php?rest_route=\/wp\/v2\/types\/product"}],"replies":[{"embeddable":true,"href":"https:\/\/premino.pl\/index.php?rest_route=%2Fwp%2Fv2%2Fcomments&post=55510"}],"wp:featuredmedia":[{"embeddable":true,"href":"https:\/\/premino.pl\/index.php?rest_route=\/wp\/v2\/media\/55511"}],"wp:attachment":[{"href":"https:\/\/premino.pl\/index.php?rest_route=%2Fwp%2Fv2%2Fmedia&parent=55510"}],"wp:term":[{"taxonomy":"kategoria-hurtowni","embeddable":true,"href":"https:\/\/premino.pl\/index.php?rest_route=%2Fwp%2Fv2%2Fkategoria-hurtowni&post=55510"},{"taxonomy":"product_brand","embeddable":true,"href":"https:\/\/premino.pl\/index.php?rest_route=%2Fwp%2Fv2%2Fproduct_brand&post=55510"},{"taxonomy":"product_cat","embeddable":true,"href":"https:\/\/premino.pl\/index.php?rest_route=%2Fwp%2Fv2%2Fproduct_cat&post=55510"},{"taxonomy":"product_tag","embeddable":true,"href":"https:\/\/premino.pl\/index.php?rest_route=%2Fwp%2Fv2%2Fproduct_tag&post=55510"}],"curies":[{"name":"wp","href":"https:\/\/api.w.org\/{rel}","templated":true}]}}