{"id":55594,"date":"2026-05-13T16:08:47","date_gmt":"2026-05-13T14:08:47","guid":{"rendered":"https:\/\/premino.pl\/?product=tiramisu-coco-woda-perfumowana-spray-100ml"},"modified":"2026-05-13T16:08:50","modified_gmt":"2026-05-13T14:08:50","slug":"tiramisu-coco-woda-perfumowana-spray-100ml","status":"publish","type":"product","link":"https:\/\/premino.pl\/?product=tiramisu-coco-woda-perfumowana-spray-100ml","title":{"rendered":"Tiramisu Coco woda perfumowana spray 100ml"},"content":{"rendered":"<p>Apetyczny zapach\u00a0Tiramisu Coco\u00a0pachnie jak luksusowy deser zamkni\u0119ty w flakonie.\u00a0Balansuje mi\u0119dzy kulinarna s\u0142odycz\u0105 a wyrafinowan\u0105 elegancj\u0105.<\/p>\n<p><b>Nuty zapachowe:<br \/><\/b><br \/><b>Nuta g\u0142owy: <\/b>amaretto, kawa<br \/><b>Nuta serca: <\/b>lody, wanilia, herbatnik<br \/><b>Nuta bazy: <\/b>wanilia, br\u0105zowy cukier, bursztyn<\/p>\n<p><strong>Gramatura:<\/strong> ml<br \/>\n<strong>Linia k\u0105pielowa:<\/strong> nie<br \/>\n<strong>Miniatura:<\/strong> nie<br \/>\n<strong>Nuta bazy:<\/strong> br\u0105zowy cukier, bursztyn, wanilia<br \/>\n<strong>Nuta g\u0142owy:<\/strong> amaretto, kawa<br \/>\n<strong>Nuta g\u0142\u00f3wna:<\/strong> s\u0142odka, waniliowe<br \/>\n<strong>Nuta serca:<\/strong> herbatnik, lody, wanilia<br \/>\n<strong>Pojemno\u015b\u0107:<\/strong> 100<br \/>\n<strong>Produkt rzadki:<\/strong> nie<br \/>\n<strong>Pr\u00f3bka:<\/strong> nie<br \/>\n<strong>P\u0142e\u0107:<\/strong> unisex<br \/>\n<strong>Rodzaj:<\/strong> woda perfumowana<br \/>\n<strong>Tester:<\/strong> nie<br \/>\n<strong>Zapach alternatywny:<\/strong> nie<\/p>\n<p><strong>Uwagi:<\/strong><\/p>\n<p>Produkt przechowywa\u0107 z dala od ognia i \u017ar\u00f3de\u0142 ciep\u0142a. Trzyma\u0107 w miejscu niedost\u0119pnym dla dzieci. Nie stosowa\u0107 na podra\u017cnion\u0105 lub uszkodzon\u0105 sk\u00f3r\u0119. Unika\u0107 kontaktu z oczami.<\/p>\n<p><strong>Sk\u0142adniki:<\/strong><\/p>\n<p>ALCOHOL DENAT., PARFUM, AQUA, ALPHA-ISOMETHYL IONONE, BENZYL ALCOHOL, BENZYL BENZOATE, BENZYL SALICYLATE, CINNAMYL ALCOHOL, CITRAL, CITRONELLOL, COUMARIN, D-LIMONENE, EUGENOL, FARNESOL, GERANIOL, HEXYL CINNAMAL ALDEHYDE, ISO EUGENOL.<\/p>\n","protected":false},"excerpt":{"rendered":"<p> <strong>Gramatura:<\/strong> ml<br \/>  <strong>Linia k\u0105pielowa:<\/strong> nie<br \/>  <strong>Miniatura:<\/strong> nie<br \/>  <strong>Nuta bazy:<\/strong> br\u0105zowy cukier, bursztyn, wanilia<br \/>  <strong>Nuta g\u0142owy:<\/strong> amaretto, kawa<br \/>  <strong>Nuta g\u0142\u00f3wna:<\/strong> s\u0142odka, waniliowe<br \/>  <strong>Nuta serca:<\/strong> herbatnik, lody, wanilia<br \/>  <strong>Pojemno\u015b\u0107:<\/strong> 100<br \/>  <strong>Produkt rzadki:<\/strong> nie<br \/>  <strong>Pr\u00f3bka:<\/strong> nie<br \/>  <strong>P\u0142e\u0107:<\/strong> unisex<br \/>  <strong>Rodzaj:<\/strong> woda perfumowana<br \/>  <strong>Tester:<\/strong> nie<br \/>  <strong>Zapach alternatywny:<\/strong> nie <\/p>\n","protected":false},"featured_media":55595,"comment_status":"open","ping_status":"closed","template":"","meta":{"_acf_changed":false},"kategoria-hurtowni":[87,88],"product_brand":[595],"product_cat":[76],"product_tag":[],"class_list":{"0":"post-55594","1":"product","2":"type-product","3":"status-publish","4":"has-post-thumbnail","6":"kategoria-hurtowni-perfumy","7":"kategoria-hurtowni-zapachy","8":"product_brand-zimaya","9":"product_cat-primavera","11":"first","12":"outofstock","13":"taxable","14":"shipping-taxable","15":"product-type-simple"},"acf":[],"_links":{"self":[{"href":"https:\/\/premino.pl\/index.php?rest_route=\/wp\/v2\/product\/55594","targetHints":{"allow":["GET"]}}],"collection":[{"href":"https:\/\/premino.pl\/index.php?rest_route=\/wp\/v2\/product"}],"about":[{"href":"https:\/\/premino.pl\/index.php?rest_route=\/wp\/v2\/types\/product"}],"replies":[{"embeddable":true,"href":"https:\/\/premino.pl\/index.php?rest_route=%2Fwp%2Fv2%2Fcomments&post=55594"}],"wp:featuredmedia":[{"embeddable":true,"href":"https:\/\/premino.pl\/index.php?rest_route=\/wp\/v2\/media\/55595"}],"wp:attachment":[{"href":"https:\/\/premino.pl\/index.php?rest_route=%2Fwp%2Fv2%2Fmedia&parent=55594"}],"wp:term":[{"taxonomy":"kategoria-hurtowni","embeddable":true,"href":"https:\/\/premino.pl\/index.php?rest_route=%2Fwp%2Fv2%2Fkategoria-hurtowni&post=55594"},{"taxonomy":"product_brand","embeddable":true,"href":"https:\/\/premino.pl\/index.php?rest_route=%2Fwp%2Fv2%2Fproduct_brand&post=55594"},{"taxonomy":"product_cat","embeddable":true,"href":"https:\/\/premino.pl\/index.php?rest_route=%2Fwp%2Fv2%2Fproduct_cat&post=55594"},{"taxonomy":"product_tag","embeddable":true,"href":"https:\/\/premino.pl\/index.php?rest_route=%2Fwp%2Fv2%2Fproduct_tag&post=55594"}],"curies":[{"name":"wp","href":"https:\/\/api.w.org\/{rel}","templated":true}]}}