{"id":55640,"date":"2026-05-13T16:09:08","date_gmt":"2026-05-13T14:09:08","guid":{"rendered":"https:\/\/premino.pl\/?product=mulberry-fig-woda-perfumowana-spray-100ml"},"modified":"2026-05-13T16:09:09","modified_gmt":"2026-05-13T14:09:09","slug":"mulberry-fig-woda-perfumowana-spray-100ml","status":"publish","type":"product","link":"https:\/\/premino.pl\/?product=mulberry-fig-woda-perfumowana-spray-100ml","title":{"rendered":"Mulberry Fig woda perfumowana spray 100ml"},"content":{"rendered":"<p>Mulberry Fig to zapach ciep\u0142y, przytulny i zmys\u0142owy, doskonale \u0142\u0105cz\u0105cy nowoczesno\u015b\u0107 z klasycznym kunsztem brytyjskiej perfumerii. To aromat, kt\u00f3ry potrafi by\u0107 zar\u00f3wno relaksuj\u0105cy, jak i wyrafinowany \u2013 idealny dla os\u00f3b ceni\u0105cych naturaln\u0105 elegancj\u0119 i subtelne bogactwo detali.<\/p>\n<p><b>Nuty zapachowe:<br \/><\/b><br \/><b>Nuta g\u0142owy: <\/b>figa, kardamon, li\u015b\u0107 fio\u0142ka<br \/><b>Nuta serca: <\/b>irys, wetyweria, cyprys, kokos<br \/><b>Nuta bazy: <\/b>sanda\u0142owiec, amyris, cedr, bursztyn<\/p>\n<p><strong>Gramatura:<\/strong> ml<br \/>\n<strong>Linia k\u0105pielowa:<\/strong> nie<br \/>\n<strong>Miniatura:<\/strong> nie<br \/>\n<strong>Nuta bazy:<\/strong> amyris, bursztyn, cedr, sanda\u0142owiec<br \/>\n<strong>Nuta g\u0142owy:<\/strong> figa, kardamon, li\u015b\u0107 fio\u0142ka<br \/>\n<strong>Nuta g\u0142\u00f3wna:<\/strong> aromatyczne, drzewne<br \/>\n<strong>Nuta serca:<\/strong> cyprys, irys, kokos, wetyweria<br \/>\n<strong>Pojemno\u015b\u0107:<\/strong> 100<br \/>\n<strong>Produkt rzadki:<\/strong> tak<br \/>\n<strong>Pr\u00f3bka:<\/strong> nie<br \/>\n<strong>P\u0142e\u0107:<\/strong> unisex<br \/>\n<strong>Rodzaj:<\/strong> woda perfumowana<br \/>\n<strong>Tester:<\/strong> nie<br \/>\n<strong>Zapach alternatywny:<\/strong> nie<\/p>\n<p><strong>Uwagi:<\/strong><\/p>\n<p>Produkt \u0142atwopalny \u2013 trzyma\u0107 z dala od ognia, unika\u0107 kontaktu z oczami, mo\u017ce powodowa\u0107 reakcje alergiczne, przechowywa\u0107 poza zasi\u0119giem dzieci. Unika\u0107 kontaktu z oczami. Nie po\u0142yka\u0107 ani nie przyjmowa\u0107 perfum wewn\u0119trznie. Przechowywa\u0107 w miejscu niedost\u0119pnym dla dzieci i zwierz\u0105t domowych. Nie stosowa\u0107 na wra\u017cliw\u0105 sk\u00f3r\u0119 .<\/p>\n<p><strong>Sk\u0142adniki:<\/strong><\/p>\n<p>ALCOHOL DENAT., PARFUM (FRAGRANCE), AQUA (WATER, EAU), DIISOPROPYL ADIPATE, BENZOPHENONE-2, BENZYL SALICYLATE, COUMARIN, LIMONENE, LINALOOL, GERANIOL, ISOEUGENOL, CITRAL, FARNESOL, BENZYL ALCOHOL, CITRONELLOL<\/p>\n","protected":false},"excerpt":{"rendered":"<p> <strong>Gramatura:<\/strong> ml<br \/>  <strong>Linia k\u0105pielowa:<\/strong> nie<br \/>  <strong>Miniatura:<\/strong> nie<br \/>  <strong>Nuta bazy:<\/strong> amyris, bursztyn, cedr, sanda\u0142owiec<br \/>  <strong>Nuta g\u0142owy:<\/strong> figa, kardamon, li\u015b\u0107 fio\u0142ka<br \/>  <strong>Nuta g\u0142\u00f3wna:<\/strong> aromatyczne, drzewne<br \/>  <strong>Nuta serca:<\/strong> cyprys, irys, kokos, wetyweria<br \/>  <strong>Pojemno\u015b\u0107:<\/strong> 100<br \/>  <strong>Produkt rzadki:<\/strong> tak<br \/>  <strong>Pr\u00f3bka:<\/strong> nie<br \/>  <strong>P\u0142e\u0107:<\/strong> unisex<br \/>  <strong>Rodzaj:<\/strong> woda perfumowana<br \/>  <strong>Tester:<\/strong> nie<br \/>  <strong>Zapach alternatywny:<\/strong> nie <\/p>\n","protected":false},"featured_media":55641,"comment_status":"open","ping_status":"closed","template":"","meta":{"_acf_changed":false},"kategoria-hurtowni":[87,88],"product_brand":[483],"product_cat":[76],"product_tag":[],"class_list":{"0":"post-55640","1":"product","2":"type-product","3":"status-publish","4":"has-post-thumbnail","6":"kategoria-hurtowni-perfumy","7":"kategoria-hurtowni-zapachy","8":"product_brand-floris","9":"product_cat-primavera","11":"first","12":"outofstock","13":"taxable","14":"shipping-taxable","15":"product-type-simple"},"acf":[],"_links":{"self":[{"href":"https:\/\/premino.pl\/index.php?rest_route=\/wp\/v2\/product\/55640","targetHints":{"allow":["GET"]}}],"collection":[{"href":"https:\/\/premino.pl\/index.php?rest_route=\/wp\/v2\/product"}],"about":[{"href":"https:\/\/premino.pl\/index.php?rest_route=\/wp\/v2\/types\/product"}],"replies":[{"embeddable":true,"href":"https:\/\/premino.pl\/index.php?rest_route=%2Fwp%2Fv2%2Fcomments&post=55640"}],"wp:featuredmedia":[{"embeddable":true,"href":"https:\/\/premino.pl\/index.php?rest_route=\/wp\/v2\/media\/55641"}],"wp:attachment":[{"href":"https:\/\/premino.pl\/index.php?rest_route=%2Fwp%2Fv2%2Fmedia&parent=55640"}],"wp:term":[{"taxonomy":"kategoria-hurtowni","embeddable":true,"href":"https:\/\/premino.pl\/index.php?rest_route=%2Fwp%2Fv2%2Fkategoria-hurtowni&post=55640"},{"taxonomy":"product_brand","embeddable":true,"href":"https:\/\/premino.pl\/index.php?rest_route=%2Fwp%2Fv2%2Fproduct_brand&post=55640"},{"taxonomy":"product_cat","embeddable":true,"href":"https:\/\/premino.pl\/index.php?rest_route=%2Fwp%2Fv2%2Fproduct_cat&post=55640"},{"taxonomy":"product_tag","embeddable":true,"href":"https:\/\/premino.pl\/index.php?rest_route=%2Fwp%2Fv2%2Fproduct_tag&post=55640"}],"curies":[{"name":"wp","href":"https:\/\/api.w.org\/{rel}","templated":true}]}}