{"id":55674,"date":"2026-05-13T16:09:19","date_gmt":"2026-05-13T14:09:19","guid":{"rendered":"https:\/\/premino.pl\/?product=bifida-biome-ampoule-mask-rewitalizujaca-maska-ampulka-do-twarzy-30g"},"modified":"2026-05-13T16:09:22","modified_gmt":"2026-05-13T14:09:22","slug":"bifida-biome-ampoule-mask-rewitalizujaca-maska-ampulka-do-twarzy-30g","status":"publish","type":"product","link":"https:\/\/premino.pl\/?product=bifida-biome-ampoule-mask-rewitalizujaca-maska-ampulka-do-twarzy-30g","title":{"rendered":"Bifida Biome Ampoule Mask rewitalizuj\u0105ca maska-ampu\u0142ka do twarzy 30g"},"content":{"rendered":"<p><b>Maska w p\u0142achcie z wega\u0144skiego bambusa<br \/><\/b>Od\u017cywia, rozja\u015bnia i wzmacnia naturaln\u0105 barier\u0119 sk\u00f3ry w jednym prostym kroku! Formu\u0142a z opatentowanym sk\u0142adnikiem Bifida Biome\u2122 oraz 5 rodzajami probiotyk\u00f3w wspiera r\u00f3wnowag\u0119 mikrobiomu, poprawia nawil\u017cenie, rozja\u015bnia i wyr\u00f3wnuje koloryt sk\u00f3ry, a tak\u017ce zmniejsza widoczno\u015b\u0107 drobnych zmarszczek.<\/p>\n<p><b>Sk\u0142adniki, kt\u00f3re pokochasz:<\/b><br \/>Bifida Biome\u2122, 5 probiotyk\u00f3w, 3 rodzaje kwasu hialuronowego<\/p>\n<p><b>Formu\u0142a:<br \/><\/b>pH 6,80 \u00b1 0,50<br \/>Wega\u0144ska i nietestowana na zwierz\u0119tach<br \/>Bez sztucznych substancji zapachowych i barwnik\u00f3w, paraben\u00f3w, siarczan\u00f3w, produkt\u00f3w pochodzenia zwierz\u0119cego, alkoholu, olej\u00f3w mineralnych, olejk\u00f3w eterycznych i silikon\u00f3w<\/p>\n<p><b>Spos\u00f3b u\u017cycia:<\/b><br \/>Po oczyszczeniu i tonizowaniu sk\u00f3ry na\u0142\u00f3\u017c mask\u0119, delikatnie dopasowuj\u0105c j\u0105 do kontur\u00f3w twarzy i wok\u00f3\u0142 oczu oraz ust. Zdejmij po 10\u201320 minutach, a pozosta\u0142\u0105 esencj\u0119 wklep w sk\u00f3r\u0119.<\/p>\n<p><strong>Dzia\u0142anie:<\/strong> chroni, nawil\u017caj\u0105ce, od\u017cywcze, redukuje zmarszczki, regeneruje, uelastycznia, wyr\u00f3wnuje koloryt sk\u00f3ry<br \/>\n<strong>Gramatura:<\/strong> g<br \/>\n<strong>Konsystencja:<\/strong> maska<br \/>\n<strong>Linie elitarne:<\/strong> nie<br \/>\n<strong>Piel\u0119gnacja specyficzna:<\/strong> maska<br \/>\n<strong>Pojemno\u015b\u0107:<\/strong> 30<br \/>\n<strong>Pora stosowania:<\/strong> dowolnie<br \/>\n<strong>P\u0142e\u0107:<\/strong> damski<br \/>\n<strong>Rodzaj sk\u00f3ry:<\/strong> dojrza\u0142a<br \/>\n<strong>S\u0142o\u0144ce:<\/strong> nie<br \/>\n<strong>Typ sk\u00f3ry:<\/strong> mieszana\/t\u0142usta, normalna, sucha<\/p>\n<p><strong>Uwagi:<\/strong><\/p>\n<p>Wy\u0142\u0105cznie do u\u017cytku zewn\u0119trznego. W przypadku reakcji alergicznej nale\u017cy przerwa\u0107 stosowanie i skonsultowa\u0107 si\u0119 z lekarzem.<\/p>\n<p><strong>Sk\u0142adniki:<\/strong><\/p>\n<p>Water, Methylpropanediol, 1,2-Hexanediol, Glycerin, Niacinamide, Butylene Glycol, Bifida Ferment Lysate(10,000ppm) , Lactobacillus Ferment Lysate, Lactococcus Ferment Lysate, Saccharomyces Ferment Filtrate, Lactobacillus Ferment, Chrysanthemum Zawadskii Extract, Glycyrrhiza Uralensis (Licorice) Root Extract, Anastatica Hierochuntica Extract, Artemisia Capillaris Extract, Hamamelis Virginiana (Witch Hazel) Water, Hyaluronic Acid, Hydrolyzed Hyaluronic Acid, Sodium Hyaluronate, Ceramide NP, Panthenol, Leonurus Sibiricus Extract, Paeonia Albiflora Flower Extract, Hydroxyethyl Urea, Tromethamine, Cynanchum Atratum Extract, Oenothera Biennis (Evening Primrose) Flower Extract, Madecassoside, Isoleucine, Histidine, Cysteine, Cyperus Rotundus Root Extract, Aspartic Acid, Allantoin, Dextrin, Sodium Phytate , Propanediol, Glycine, Serine, Glutamic Acid, Theobroma Cacao (Cocoa) Seed Extract, Althaea Rosea Flower Extract, Ethylhexylglycerin, Polyglyceryl-10 Laurate, Polyglyceryl-10 Myristate, Leucine, Alanine, Lysine, Arginine, Tyrosine, Phenylalanine, Proline, Threonine, Valine, Pinus Palustris Leaf Extract, Pueraria Thunbergiana Root Extract, Ulmus Davidiana Root Extract, Methionine, Carbomer, Caffeine, Xanthan Gum, Adenosine, Cutibacterium Granulosum Ferment Extract Filtrate(77ppb), Bifida Ferment Filtrate(23ppb)<\/p>\n","protected":false},"excerpt":{"rendered":"<p> <strong>Dzia\u0142anie:<\/strong> chroni, nawil\u017caj\u0105ce, od\u017cywcze, redukuje zmarszczki, regeneruje, uelastycznia, wyr\u00f3wnuje koloryt sk\u00f3ry<br \/>  <strong>Gramatura:<\/strong> g<br \/>  <strong>Konsystencja:<\/strong> maska<br \/>  <strong>Linie elitarne:<\/strong> nie<br \/>  <strong>Piel\u0119gnacja specyficzna:<\/strong> maska<br \/>  <strong>Pojemno\u015b\u0107:<\/strong> 30<br \/>  <strong>Pora stosowania:<\/strong> dowolnie<br \/>  <strong>P\u0142e\u0107:<\/strong> damski<br \/>  <strong>Rodzaj sk\u00f3ry:<\/strong> dojrza\u0142a<br \/>  <strong>S\u0142o\u0144ce:<\/strong> nie<br \/>  <strong>Typ sk\u00f3ry:<\/strong> mieszana\/t\u0142usta, normalna, sucha <\/p>\n","protected":false},"featured_media":55675,"comment_status":"open","ping_status":"closed","template":"","meta":{"_acf_changed":false},"kategoria-hurtowni":[90,109,110],"product_brand":[858],"product_cat":[76],"product_tag":[],"class_list":{"0":"post-55674","1":"product","2":"type-product","3":"status-publish","4":"has-post-thumbnail","6":"kategoria-hurtowni-pielegnacja","7":"kategoria-hurtowni-pielegnacja-twarzy-pielegnacja","8":"kategoria-hurtowni-twarz-pielegnacja-twarzy-pielegnacja","9":"product_brand-manyo","10":"product_cat-primavera","12":"first","13":"outofstock","14":"taxable","15":"shipping-taxable","16":"product-type-simple"},"acf":[],"_links":{"self":[{"href":"https:\/\/premino.pl\/index.php?rest_route=\/wp\/v2\/product\/55674","targetHints":{"allow":["GET"]}}],"collection":[{"href":"https:\/\/premino.pl\/index.php?rest_route=\/wp\/v2\/product"}],"about":[{"href":"https:\/\/premino.pl\/index.php?rest_route=\/wp\/v2\/types\/product"}],"replies":[{"embeddable":true,"href":"https:\/\/premino.pl\/index.php?rest_route=%2Fwp%2Fv2%2Fcomments&post=55674"}],"wp:featuredmedia":[{"embeddable":true,"href":"https:\/\/premino.pl\/index.php?rest_route=\/wp\/v2\/media\/55675"}],"wp:attachment":[{"href":"https:\/\/premino.pl\/index.php?rest_route=%2Fwp%2Fv2%2Fmedia&parent=55674"}],"wp:term":[{"taxonomy":"kategoria-hurtowni","embeddable":true,"href":"https:\/\/premino.pl\/index.php?rest_route=%2Fwp%2Fv2%2Fkategoria-hurtowni&post=55674"},{"taxonomy":"product_brand","embeddable":true,"href":"https:\/\/premino.pl\/index.php?rest_route=%2Fwp%2Fv2%2Fproduct_brand&post=55674"},{"taxonomy":"product_cat","embeddable":true,"href":"https:\/\/premino.pl\/index.php?rest_route=%2Fwp%2Fv2%2Fproduct_cat&post=55674"},{"taxonomy":"product_tag","embeddable":true,"href":"https:\/\/premino.pl\/index.php?rest_route=%2Fwp%2Fv2%2Fproduct_tag&post=55674"}],"curies":[{"name":"wp","href":"https:\/\/api.w.org\/{rel}","templated":true}]}}