{"id":55680,"date":"2026-05-13T16:09:24","date_gmt":"2026-05-13T14:09:24","guid":{"rendered":"https:\/\/premino.pl\/?product=damage-therapy-treatment-ex-kuracja-do-wlosow-w-kremie-220g"},"modified":"2026-05-13T16:09:25","modified_gmt":"2026-05-13T14:09:25","slug":"damage-therapy-treatment-ex-kuracja-do-wlosow-w-kremie-220g","status":"publish","type":"product","link":"https:\/\/premino.pl\/?product=damage-therapy-treatment-ex-kuracja-do-wlosow-w-kremie-220g","title":{"rendered":"Damage Therapy Treatment EX kuracja do w\u0142os\u00f3w w kremie 220g"},"content":{"rendered":"<p>Damage Therapy Hair Treatment EX to intensywnie regeneruj\u0105ca kuracja bogata w proteiny, stworzona z my\u015bl\u0105 o w\u0142osach suchych, zniszczonych i os\u0142abionych. Skutecznie odbudowuje struktur\u0119 w\u0142osa, przywracaj\u0105c mu mi\u0119kko\u015b\u0107, spr\u0119\u017cysto\u015b\u0107 i zdrowy po\u0142ysk \u2014 bez u\u017cycia silikon\u00f3w.<\/p>\n<p>Formu\u0142a \u0142\u0105czy proteiny ma\u0142o- i wielkocz\u0105steczkowe, takie jak hydrolizowana keratyna i kolagen, kt\u00f3re przenikaj\u0105 w g\u0142\u0105b w\u0142osa, wzmacniaj\u0105c go od wewn\u0105trz i wyg\u0142adzaj\u0105c jego powierzchni\u0119. Gliceryna, pantenol oraz puder per\u0142owy bogaty w minera\u0142y zapewniaj\u0105 g\u0142\u0119bokie nawil\u017cenie, dzi\u0119ki czemu w\u0142osy staj\u0105 si\u0119 mi\u0119kkie, elastyczne i pe\u0142ne blasku. Olej kokosowy wyg\u0142adza i od\u017cywia, zatrzymuj\u0105c wilgo\u0107, a himalajska r\u00f3\u017cowa s\u00f3l wzmacnia w\u0142osy, chroni\u0105c je przed \u0142amliwo\u015bci\u0105 i uszkodzeniami.<\/p>\n<p>Regularne stosowanie kuracji pomaga zapobiega\u0107 rozdwajaniu ko\u0144c\u00f3wek i przywraca w\u0142osom zdrowy wygl\u0105d, lekko\u015b\u0107 i po\u0142ysk.<\/p>\n<p>Szczeg\u00f3lnie polecana do w\u0142os\u00f3w suchych, zniszczonych i os\u0142abionych, a tak\u017ce z tendencj\u0105 do wypadania.<\/p>\n<p><b>Spos\u00f3b u\u017cycia:\u00a0<\/b>Po umyciu w\u0142os\u00f3w usu\u0144 nadmiar wody. Na\u0142\u00f3\u017c odpowiedni\u0105 ilo\u015b\u0107 kuracji na wilgotne w\u0142osy, r\u00f3wnomiernie rozprowadzaj\u0105c na ca\u0142ej d\u0142ugo\u015bci. Pozostaw na 3\u20135 minut, a nast\u0119pnie dok\u0142adnie sp\u0142ucz letni\u0105 wod\u0105.<\/p>\n<p><strong>Cz\u0119stotliwo\u015b\u0107 stosowania:<\/strong> dowolnie<br \/>\n<strong>Dzia\u0142anie:<\/strong> dodaj\u0105ce blasku, nawil\u017caj\u0105ce, od\u017cywcze, wzmacnia<br \/>\n<strong>Gramatura:<\/strong> g<br \/>\n<strong>Henna:<\/strong> nie<br \/>\n<strong>Konsystencja:<\/strong> krem<br \/>\n<strong>Linie elitarne:<\/strong> nie<br \/>\n<strong>Pojemno\u015b\u0107:<\/strong> 220<br \/>\n<strong>P\u0142e\u0107:<\/strong> damski<br \/>\n<strong>Rodzaj w\u0142os\u00f3w:<\/strong> suche, zniszczone<br \/>\n<strong>S\u0142o\u0144ce:<\/strong> nie<\/p>\n<p><strong>Uwagi:<\/strong><\/p>\n<p>W przypadku wyst\u0105pienia podra\u017cnienia, nale\u017cy przerwa\u0107 stosowanie i w razie potrzeby skonsultowa\u0107 si\u0119 z dermatologiem. Wy\u0142\u0105cznie do u\u017cytku zewn\u0119trznego. Nie stosowa\u0107 na uszkodzon\u0105 sk\u00f3r\u0119. Przechowywa\u0107 produkt z dala od \u015bwiat\u0142a s\u0142onecznego. Przechowywa\u0107 poza zasi\u0119giem dzieci. Unika\u0107 kontaktu z oczami. W przypadku dostania si\u0119 produktu do oczu, dok\u0142adnie przemy\u0107 du\u017c\u0105 ilo\u015bci\u0105 wody.<\/p>\n<p><strong>Sk\u0142adniki:<\/strong><\/p>\n<p>Water \/ Aqua, Cocos Nucifera (Coconut) Oil, Stearyl Alcohol, Behentrimonium Chloride, C13-15 Alkane, Cetearyl Alcohol, Fragrance, Glycerin, Coco-Caprylate\/Caprate, Isopropyl Alcohol, Steartrimonium Chloride, Stearamidopropyl Dimethylamine, 1,2-Hexanediol, Hydrogenated Castor Oil\/Sebacic Acid Copolymer, Propylene Glycol, Polyquaternium-22, Salicylic Acid, Panthenol, Niacinamide, Eclipta Prostrata Extract, Disodium EDTA, Hydrolyzed Collagen, Hydrolyzed Keratin, Butylene Glycol, Melia Azadirachta Leaf Extract, Moringa Oleifera Seed Oil, Lactic Acid, Collagen Extract, Pearl Extract, Hydrolyzed Barley Protein, Hydrolyzed Rice Protein, Hydrolyzed Potato Protein, Hydrolyzed Pea Protein, Hydrolyzed Corn Protein, Pearl Powder, Sodium Chloride, Soluble Collagen, Collagen, Collagen Amino Acids, Soluble Collagen Crosspolymer, Rosin Hydrolyzed Collagen, Atelocollagen, Potassium Myristoyl Hydrolyzed Collagen, Citronellol, Geraniol, Linalool<\/p>\n","protected":false},"excerpt":{"rendered":"<p> <strong>Cz\u0119stotliwo\u015b\u0107 stosowania:<\/strong> dowolnie<br \/>  <strong>Dzia\u0142anie:<\/strong> dodaj\u0105ce blasku, nawil\u017caj\u0105ce, od\u017cywcze, wzmacnia<br \/>  <strong>Gramatura:<\/strong> g<br \/>  <strong>Henna:<\/strong> nie<br \/>  <strong>Konsystencja:<\/strong> krem<br \/>  <strong>Linie elitarne:<\/strong> nie<br \/>  <strong>Pojemno\u015b\u0107:<\/strong> 220<br \/>  <strong>P\u0142e\u0107:<\/strong> damski<br \/>  <strong>Rodzaj w\u0142os\u00f3w:<\/strong> suche, zniszczone<br \/>  <strong>S\u0142o\u0144ce:<\/strong> nie <\/p>\n","protected":false},"featured_media":55681,"comment_status":"open","ping_status":"closed","template":"","meta":{"_acf_changed":false},"kategoria-hurtowni":[90,122,112],"product_brand":[859],"product_cat":[76],"product_tag":[],"class_list":{"0":"post-55680","1":"product","2":"type-product","3":"status-publish","4":"has-post-thumbnail","6":"kategoria-hurtowni-pielegnacja","7":"kategoria-hurtowni-pielegnacja-wlosow","8":"kategoria-hurtowni-wlosy","9":"product_brand-growus","10":"product_cat-primavera","12":"first","13":"outofstock","14":"taxable","15":"shipping-taxable","16":"product-type-simple"},"acf":[],"_links":{"self":[{"href":"https:\/\/premino.pl\/index.php?rest_route=\/wp\/v2\/product\/55680","targetHints":{"allow":["GET"]}}],"collection":[{"href":"https:\/\/premino.pl\/index.php?rest_route=\/wp\/v2\/product"}],"about":[{"href":"https:\/\/premino.pl\/index.php?rest_route=\/wp\/v2\/types\/product"}],"replies":[{"embeddable":true,"href":"https:\/\/premino.pl\/index.php?rest_route=%2Fwp%2Fv2%2Fcomments&post=55680"}],"wp:featuredmedia":[{"embeddable":true,"href":"https:\/\/premino.pl\/index.php?rest_route=\/wp\/v2\/media\/55681"}],"wp:attachment":[{"href":"https:\/\/premino.pl\/index.php?rest_route=%2Fwp%2Fv2%2Fmedia&parent=55680"}],"wp:term":[{"taxonomy":"kategoria-hurtowni","embeddable":true,"href":"https:\/\/premino.pl\/index.php?rest_route=%2Fwp%2Fv2%2Fkategoria-hurtowni&post=55680"},{"taxonomy":"product_brand","embeddable":true,"href":"https:\/\/premino.pl\/index.php?rest_route=%2Fwp%2Fv2%2Fproduct_brand&post=55680"},{"taxonomy":"product_cat","embeddable":true,"href":"https:\/\/premino.pl\/index.php?rest_route=%2Fwp%2Fv2%2Fproduct_cat&post=55680"},{"taxonomy":"product_tag","embeddable":true,"href":"https:\/\/premino.pl\/index.php?rest_route=%2Fwp%2Fv2%2Fproduct_tag&post=55680"}],"curies":[{"name":"wp","href":"https:\/\/api.w.org\/{rel}","templated":true}]}}