{"id":55686,"date":"2026-05-13T16:09:27","date_gmt":"2026-05-13T14:09:27","guid":{"rendered":"https:\/\/premino.pl\/?product=damage-therapy-shampoo-ex-regenerujacy-szampon-do-wlosow-500ml"},"modified":"2026-05-13T16:09:27","modified_gmt":"2026-05-13T14:09:27","slug":"damage-therapy-shampoo-ex-regenerujacy-szampon-do-wlosow-500ml","status":"publish","type":"product","link":"https:\/\/premino.pl\/?product=damage-therapy-shampoo-ex-regenerujacy-szampon-do-wlosow-500ml","title":{"rendered":"Damage Therapy Shampoo EX regeneruj\u0105cy szampon do w\u0142os\u00f3w 500ml"},"content":{"rendered":"<p>Luksusowy szampon, kt\u00f3ry intensywnie oczyszcza, odbudowuje i wzmacnia zniszczone w\u0142osy o wysokiej porowato\u015bci. Jego g\u0119sta, kremowa konsystencja delikatnie usuwa zanieczyszczenia dzi\u0119ki ro\u015blinnym surfaktantom, bezpiecznym nawet dla wra\u017cliwej sk\u00f3ry g\u0142owy, jednocze\u015bnie nasycaj\u0105c pasma sk\u0142adnikami od\u017cywczymi i nadaj\u0105c im jedwabisty, zdrowy wygl\u0105d.<\/p>\n<p><b>Efekty stosowania:<br \/><\/b>\u2022 Dog\u0142\u0119bnie oczyszcza i od\u017cywia w\u0142osy oraz sk\u00f3r\u0119 g\u0142owy.<br \/>\u2022 Odbudowuje os\u0142abione w\u0142\u00f3kna w\u0142os\u00f3w i wzmacnia struktur\u0119.<br \/>\u2022 Zatrzymuje wilgo\u0107 we w\u0142osach i chroni przed uszkodzeniami \u015brodowiskowymi oraz cieplnymi.<br \/>\u2022 Redukuje puszenie i rozdwajanie si\u0119 ko\u0144c\u00f3wek, pozostawiaj\u0105c w\u0142osy mi\u0119kkie, l\u015bni\u0105ce i spr\u0119\u017cyste.<\/p>\n<p><b>Kluczowe sk\u0142adniki i ich dzia\u0142anie:<br \/><\/b>\u2022 Ekstrakt z pere\u0142 \u2013 po\u0142ysk, g\u0142adko\u015b\u0107, wytrzyma\u0142o\u015b\u0107.<br \/>\u2022 Kwas salicylowy \u2013 z\u0142uszcza i oczyszcza sk\u00f3r\u0119 g\u0142owy.<br \/>\u2022 Niacynamid \u2013 reguluje sebum, zwi\u0119ksza nawil\u017cenie i blask.<br \/>\u2022 Dekspantenol \u2013 zatrzymuje wilgo\u0107, wyg\u0142adza w\u0142osy, zmniejsza \u0142amliwo\u015b\u0107.<br \/>\u2022 7 rodzaj\u00f3w kolagenu \u2013 odbudowuje w\u0142osy, uzupe\u0142nia bia\u0142ko i zwi\u0119ksza ich grubo\u015b\u0107.<br \/>\u2022 Ferment chlorelli \u2013 \u0142agodzi stany zapalne i wspiera zdrowy wzrost w\u0142os\u00f3w.<br \/>\u2022 Chitozan \u2013 uszczelnia ko\u0144c\u00f3wki, ogranicza puszenie i \u0142amliwo\u015b\u0107.<br \/>\u2022 R\u00f3\u017cowa s\u00f3l himalajska \u2013 delikatny peeling sk\u00f3ry g\u0142owy, stymuluje kr\u0105\u017cenie i wzrost w\u0142os\u00f3w.<\/p>\n<p><b>Spos\u00f3b u\u017cycia:<br \/><\/b>Wyci\u015bnij umiarkowan\u0105 ilo\u015b\u0107 szamponu na d\u0142onie. Dok\u0142adnie wmasuj w mokre w\u0142osy, a\u017c powstanie piana. Sp\u0142ucz letni\u0105 wod\u0105. Nast\u0119pnie u\u017cyj ulubionej od\u017cywki.<\/p>\n<p><strong>Gramatura:<\/strong> ml<br \/>\n<strong>Henna:<\/strong> nie<br \/>\n<strong>Konsystencja:<\/strong> szampon<br \/>\n<strong>Linie elitarne:<\/strong> nie<br \/>\n<strong>Pojemno\u015b\u0107:<\/strong> 500<br \/>\n<strong>P\u0142e\u0107:<\/strong> damski<br \/>\n<strong>S\u0142o\u0144ce:<\/strong> nie<\/p>\n<p><strong>Uwagi:<\/strong><\/p>\n<p>Zawarte w sk\u0142adzie ekstrakty ro\u015blinne mog\u0105 powodowa\u0107 przebarwienia, je\u015bli produkt b\u0119dzie wystawiony na dzia\u0142anie wysokiej temperatury i bezpo\u015bredniego \u015bwiat\u0142a s\u0142onecznego przez d\u0142ugi czas. Nie wp\u0142ynie to na jako\u015b\u0107 i skuteczno\u015b\u0107 produktu, a produkt mo\u017cna stosowa\u0107 bez obaw. Wy\u0142\u0105cznie do u\u017cytku zewn\u0119trznego. Przechowywa\u0107 poza zasi\u0119giem dzieci. W razie po\u0142kni\u0119cia natychmiast zasi\u0119gn\u0105\u0107 porady lekarza lub skontaktowa\u0107 si\u0119 z centrum kontroli zatru\u0107. W przypadku wyst\u0105pienia i utrzymywania si\u0119 wysypki lub podra\u017cnienia nale\u017cy przerwa\u0107 stosowanie i skonsultowa\u0107 si\u0119 z lekarzem. Chroni\u0107 przed bezpo\u015brednim dzia\u0142aniem promieni s\u0142onecznych. Unika\u0107 kontaktu z oczami. W przypadku kontaktu z oczami, dok\u0142adnie przemy\u0107 je wod\u0105.<\/p>\n<p><strong>Sk\u0142adniki:<\/strong><\/p>\n<p>Water \/ Aqua, Sodium laureth Sulfate, Cocamidopropyl Betaine, Ammonium lauryl sulfate, Glycol Distearate, Sodium Chloride, 1,2-Hexanediol, Glycerin, Fragrance, Butylene Glycol, Cocamide MEA, Polyquaternium-10, Ethylhexylglycerin, Dexpanthenol, Salicylic Acid, Niacinamide, Sodium benzoate, Disodium EDTA, Eclipta Prostrata Extract, Melia Azadirachta Leaf Extract, Hydrolyzed Collagen, Moringa Oleifera Seed Oil, Camellia Japonica Seed Extract, Dunaliella Salina Extract, Maltodextrin, Chlorella Ferment, Gelidium Cartilagineum Extract, Gracilaria Verrucosa Extract, Caulerpa Lentillifera Extract, Spirulina Platensis Extract, Chondrus Crispus Extract, Pearl Extract, Collagen Extract, Chlorella Vulgaris Extract, Chitosan, Collagen Amino Acids, Sodium Soy Hydrolyzed Collagen, Soluble Collagen, Zinc Hydrolyzed Collagen, Collagen, Citronellol, Geraniol, Linalool<\/p>\n","protected":false},"excerpt":{"rendered":"<p> <strong>Gramatura:<\/strong> ml<br \/>  <strong>Henna:<\/strong> nie<br \/>  <strong>Konsystencja:<\/strong> szampon<br \/>  <strong>Linie elitarne:<\/strong> nie<br \/>  <strong>Pojemno\u015b\u0107:<\/strong> 500<br \/>  <strong>P\u0142e\u0107:<\/strong> damski<br \/>  <strong>S\u0142o\u0144ce:<\/strong> nie <\/p>\n","protected":false},"featured_media":55687,"comment_status":"open","ping_status":"closed","template":"","meta":{"_acf_changed":false},"kategoria-hurtowni":[90,113,112],"product_brand":[859],"product_cat":[76],"product_tag":[],"class_list":{"0":"post-55686","1":"product","2":"type-product","3":"status-publish","4":"has-post-thumbnail","6":"kategoria-hurtowni-pielegnacja","7":"kategoria-hurtowni-szampony","8":"kategoria-hurtowni-wlosy","9":"product_brand-growus","10":"product_cat-primavera","12":"first","13":"outofstock","14":"taxable","15":"shipping-taxable","16":"product-type-simple"},"acf":[],"_links":{"self":[{"href":"https:\/\/premino.pl\/index.php?rest_route=\/wp\/v2\/product\/55686","targetHints":{"allow":["GET"]}}],"collection":[{"href":"https:\/\/premino.pl\/index.php?rest_route=\/wp\/v2\/product"}],"about":[{"href":"https:\/\/premino.pl\/index.php?rest_route=\/wp\/v2\/types\/product"}],"replies":[{"embeddable":true,"href":"https:\/\/premino.pl\/index.php?rest_route=%2Fwp%2Fv2%2Fcomments&post=55686"}],"wp:featuredmedia":[{"embeddable":true,"href":"https:\/\/premino.pl\/index.php?rest_route=\/wp\/v2\/media\/55687"}],"wp:attachment":[{"href":"https:\/\/premino.pl\/index.php?rest_route=%2Fwp%2Fv2%2Fmedia&parent=55686"}],"wp:term":[{"taxonomy":"kategoria-hurtowni","embeddable":true,"href":"https:\/\/premino.pl\/index.php?rest_route=%2Fwp%2Fv2%2Fkategoria-hurtowni&post=55686"},{"taxonomy":"product_brand","embeddable":true,"href":"https:\/\/premino.pl\/index.php?rest_route=%2Fwp%2Fv2%2Fproduct_brand&post=55686"},{"taxonomy":"product_cat","embeddable":true,"href":"https:\/\/premino.pl\/index.php?rest_route=%2Fwp%2Fv2%2Fproduct_cat&post=55686"},{"taxonomy":"product_tag","embeddable":true,"href":"https:\/\/premino.pl\/index.php?rest_route=%2Fwp%2Fv2%2Fproduct_tag&post=55686"}],"curies":[{"name":"wp","href":"https:\/\/api.w.org\/{rel}","templated":true}]}}