{"id":55694,"date":"2026-05-13T16:09:27","date_gmt":"2026-05-13T14:09:27","guid":{"rendered":"https:\/\/premino.pl\/?product=eau-de-soleil-blanc-woda-toaletowa-spray-50ml"},"modified":"2026-05-13T16:09:30","modified_gmt":"2026-05-13T14:09:30","slug":"eau-de-soleil-blanc-woda-toaletowa-spray-50ml","status":"publish","type":"product","link":"https:\/\/premino.pl\/?product=eau-de-soleil-blanc-woda-toaletowa-spray-50ml","title":{"rendered":"Eau De Soleil Blanc woda toaletowa spray 50ml"},"content":{"rendered":"<p>Woda toaletowa Eau De Soleil Blanc to zapach s\u0142o\u0144ca. Zabiera Ci\u0119 w podr\u00f3\u017c ku s\u0142o\u0144cu, pod\u0105\u017caj\u0105c za promiennym blaskiem Soleil \u2013 \u015bwiatem, w kt\u00f3rym musuj\u0105ce cytrusy przemieniaj\u0105 si\u0119 w wykwintne kwiaty. Zanurz si\u0119 w z\u0142ocisty blask s\u0142o\u0144ca z hipnotyzuj\u0105cym ciep\u0142em uzale\u017cniaj\u0105cego bursztynu i s\u0142odkim akordem kokosa morskiego.<\/p>\n<p><b>Nuty zapachowe:<br \/><\/b><br \/><b>Nuta g\u0142owy: <\/b>cytron, neroli, gorzka pomara\u0144cza, bergamotka, petitgrain, pistacja, kardamon, r\u00f3\u017cowy pieprz, kminek<br \/><b>Nuta serca: <\/b>kwiat tunezyjskiej pomara\u0144czy, tuberoza, ylang-ylang, ja\u015bmin, galbanum<br \/><b>Nuta bazy: <\/b>kokos, benzoes, wanilia, bursztyn, fasolka tonka<\/p>\n<p><strong>Gramatura:<\/strong> ml<br \/>\n<strong>Linia k\u0105pielowa:<\/strong> nie<br \/>\n<strong>Miniatura:<\/strong> nie<br \/>\n<strong>Nuta bazy:<\/strong> benzoes, bursztyn, fasolka tonka, kokos, wanilia<br \/>\n<strong>Nuta g\u0142owy:<\/strong> bergamotka, cytron, gorzka pomara\u0144cza, kardamon, kminek, neroli, petitgrain, pistacja, r\u00f3\u017cowy pieprz<br \/>\n<strong>Nuta g\u0142\u00f3wna:<\/strong> kwiatowe, owocowe<br \/>\n<strong>Nuta serca:<\/strong> galbanum, ja\u015bmin, kwiat tunezyjskiej pomara\u0144czy, tuberoza, ylang-ylang<br \/>\n<strong>Pojemno\u015b\u0107:<\/strong> 50<br \/>\n<strong>Produkt rzadki:<\/strong> nie<br \/>\n<strong>Pr\u00f3bka:<\/strong> nie<br \/>\n<strong>P\u0142e\u0107:<\/strong> unisex<br \/>\n<strong>Rodzaj:<\/strong> woda toaletowa<br \/>\n<strong>Tester:<\/strong> nie<br \/>\n<strong>Zapach alternatywny:<\/strong> nie<br \/>\n<strong>Zestaw:<\/strong> nie<\/p>\n<p><strong>Uwagi:<\/strong><\/p>\n<p>Ostrze\u017cenie: Produkt \u0142atwopalny a\u017c do wyschni\u0119cia. Przechowuj z dala od \u017ar\u00f3de\u0142 ciep\u0142a i zap\u0142onu. Unika\u0107 rozpylania w kierunku oczu.<\/p>\n<p><strong>Sk\u0142adniki:<\/strong><\/p>\n<p>ALCOHOL DENAT. \u00b7 WATERAQUAEAU \u00b7 FRAGRANCE (PARFUM) \u00b7 LIMONENE \u00b7 BENZYL SALICYLATE \u00b7 TOCOPHEROL \u00b7 PROPYLENE GLYCOL \u00b7 BENZYL BENZOATE \u00b7 CINNAMYL ALCOHOL \u00b7 CITRAL \u00b7 CITRONELLOL \u00b7 COUMARIN \u00b7 GERANIOL \u00b7 HYDROXYCITRONELLAL \u00b7 LINALOOL \u00b7 BHT \u00b7 PENTAERYTHRITYL TETRA-DI-TBUTYL HYDROXYHYDROCINNAMATE \u00b7 ETHYLHEXYL METHOXYCINNAMATE \u00b7 BUTYL METHOXYDIBENZOYLMETHANE \u00b7 ETHYLHEXYL SALICYLATE \u00b7 METHYL BENZOATE \u00b7 RED 4 (CI 14700) \u00b7 VIOLET 2 (CI 60725) \u00b7 YELLOW 5 (CI 19140)<\/p>\n","protected":false},"excerpt":{"rendered":"<p> <strong>Gramatura:<\/strong> ml<br \/>  <strong>Linia k\u0105pielowa:<\/strong> nie<br \/>  <strong>Miniatura:<\/strong> nie<br \/>  <strong>Nuta bazy:<\/strong> benzoes, bursztyn, fasolka tonka, kokos, wanilia<br \/>  <strong>Nuta g\u0142owy:<\/strong> bergamotka, cytron, gorzka pomara\u0144cza, kardamon, kminek, neroli, petitgrain, pistacja, r\u00f3\u017cowy pieprz<br \/>  <strong>Nuta g\u0142\u00f3wna:<\/strong> kwiatowe, owocowe<br \/>  <strong>Nuta serca:<\/strong> galbanum, ja\u015bmin, kwiat tunezyjskiej pomara\u0144czy, tuberoza, ylang-ylang<br \/>  <strong>Pojemno\u015b\u0107:<\/strong> 50<br \/>  <strong>Produkt rzadki:<\/strong> nie<br \/>  <strong>Pr\u00f3bka:<\/strong> nie<br \/>  <strong>P\u0142e\u0107:<\/strong> unisex<br \/>  <strong>Rodzaj:<\/strong> woda toaletowa<br \/>  <strong>Tester:<\/strong> nie<br \/>  <strong>Zapach alternatywny:<\/strong> nie<br \/>  <strong>Zestaw:<\/strong> nie <\/p>\n","protected":false},"featured_media":55695,"comment_status":"open","ping_status":"closed","template":"","meta":{"_acf_changed":false},"kategoria-hurtowni":[87,88],"product_brand":[286],"product_cat":[76],"product_tag":[],"class_list":{"0":"post-55694","1":"product","2":"type-product","3":"status-publish","4":"has-post-thumbnail","6":"kategoria-hurtowni-perfumy","7":"kategoria-hurtowni-zapachy","8":"product_brand-tom-ford","9":"product_cat-primavera","11":"first","12":"outofstock","13":"taxable","14":"shipping-taxable","15":"product-type-simple"},"acf":[],"_links":{"self":[{"href":"https:\/\/premino.pl\/index.php?rest_route=\/wp\/v2\/product\/55694","targetHints":{"allow":["GET"]}}],"collection":[{"href":"https:\/\/premino.pl\/index.php?rest_route=\/wp\/v2\/product"}],"about":[{"href":"https:\/\/premino.pl\/index.php?rest_route=\/wp\/v2\/types\/product"}],"replies":[{"embeddable":true,"href":"https:\/\/premino.pl\/index.php?rest_route=%2Fwp%2Fv2%2Fcomments&post=55694"}],"wp:featuredmedia":[{"embeddable":true,"href":"https:\/\/premino.pl\/index.php?rest_route=\/wp\/v2\/media\/55695"}],"wp:attachment":[{"href":"https:\/\/premino.pl\/index.php?rest_route=%2Fwp%2Fv2%2Fmedia&parent=55694"}],"wp:term":[{"taxonomy":"kategoria-hurtowni","embeddable":true,"href":"https:\/\/premino.pl\/index.php?rest_route=%2Fwp%2Fv2%2Fkategoria-hurtowni&post=55694"},{"taxonomy":"product_brand","embeddable":true,"href":"https:\/\/premino.pl\/index.php?rest_route=%2Fwp%2Fv2%2Fproduct_brand&post=55694"},{"taxonomy":"product_cat","embeddable":true,"href":"https:\/\/premino.pl\/index.php?rest_route=%2Fwp%2Fv2%2Fproduct_cat&post=55694"},{"taxonomy":"product_tag","embeddable":true,"href":"https:\/\/premino.pl\/index.php?rest_route=%2Fwp%2Fv2%2Fproduct_tag&post=55694"}],"curies":[{"name":"wp","href":"https:\/\/api.w.org\/{rel}","templated":true}]}}