{"id":55734,"date":"2026-05-13T16:09:42","date_gmt":"2026-05-13T14:09:42","guid":{"rendered":"https:\/\/premino.pl\/?product=megastar-art-gel-zel-do-zdobien-pink-pixel-10g"},"modified":"2026-05-13T16:09:45","modified_gmt":"2026-05-13T14:09:45","slug":"megastar-art-gel-zel-do-zdobien-pink-pixel-10g","status":"publish","type":"product","link":"https:\/\/premino.pl\/?product=megastar-art-gel-zel-do-zdobien-pink-pixel-10g","title":{"rendered":"MegaStar Art Gel \u017cel do zdobie\u0144 Pink Pixel 10g"},"content":{"rendered":"<p>Intensywny blask, wielowymiarowe drobinki, kolory mieni\u0105ce si\u0119 jak w kalejdoskopie \u2012 mo\u017cesz mie\u0107 to wszystko z \u017celem do zdobie\u0144\u00a0Claresa Megastar! Jego\u00a0p\u00f3\u0142przezroczysta formu\u0142a z zatopionymi l\u015bni\u0105cymi kawa\u0142eczkami folii w r\u00f3\u017cnych kszta\u0142tach i rozmiarach\u00a0wygl\u0105da nieziemsko solo, ale te\u017c idealnie nadaje si\u0119 do zdobie\u0144. Wypr\u00f3buj go jako delikatny b\u0142yszcz\u0105cy akcent, w manicure w stylu\u00a0princess nails\u00a0albo\u00a0fantasy frenchu. Drobinki w kszta\u0142cie heksagon\u00f3w i kropek odbijaj\u0105 \u015bwiat\u0142o i sprawiaj\u0105, \u017ce stylizacja mieni si\u0119 jak drogocenny kamie\u0144.\u00a0<\/p>\n<p><b>\u017bel do zdobie\u0144 Megastar dost\u0119pny jest w dw\u00f3ch wersjach:<\/b><br \/>\u2022\u00a0Pink Pixel \u2012\u00a0p\u00f3\u0142przezroczysta baza z r\u00f3\u017cowymi drobinkami o multichromowym blasku<br \/>\u2022\u00a0Silver Flicker\u00a0\u2012 p\u00f3\u0142przezroczysta baza ze srebrnymi drobinkami o holograficznym blasku.<\/p>\n<p><b>W\u0141A\u015aCIWO\u015aCI:<\/b><br \/>\u2022 \u015brednio g\u0119sta konsystencja<br \/>\u2022 \u017cel z kolorowymi heksagonami o r\u00f3\u017cnej wielko\u015bci oraz b\u0142yszcz\u0105cymi drobinami<br \/>\u2022 elastyczna formu\u0142a<br \/>\u2022 2 odcienie do wyboru<br \/>\u2022 idealny do zdobie\u0144 nail art oraz zdobie\u0144 konstrukcyjnych typu princess oraz fantasy french<br \/>\u2022 aplikacja przy pomocy p\u0119dzelka do zdobie\u0144<br \/>\u2022 pojemno\u015b\u0107:\u00a010g<\/p>\n<p>CZAS UTWARDZANIA\u00a0\u2013 min. 60 sekund\u00a0<\/p>\n<p><b>STOSOWANIE:<br \/><\/b>Na przygotowan\u0105 p\u0142ytk\u0119 nanie\u015b przy pomocy p\u0119dzelka do zdobie\u0144 cienk\u0105 warstw\u0119 Megastar i utward\u017a w lampie.<\/p>\n<p><strong>Gramatura:<\/strong> g<br \/>\n<strong>Kolor:<\/strong> Pink Pixel<br \/>\n<strong>Pojemno\u015b\u0107:<\/strong> 10<br \/>\n<strong>P\u0142e\u0107:<\/strong> damski<br \/>\n<strong>S\u0142o\u0144ce:<\/strong> nie<\/p>\n<p><strong>Uwagi:<\/strong><\/p>\n<p>Tylko do u\u017cytku profesjonalnego. Mo\u017ce powodowa\u0107 reakcj\u0119 alergiczn\u0105. Unika\u0107 kontaktu ze sk\u00f3r\u0105. Przeczyta\u0107 uwa\u017cnie spos\u00f3b u\u017cycia.<\/p>\n<p><strong>Sk\u0142adniki:<\/strong><\/p>\n<p>Urethane Acrylate, HEMA, Bis-HEA Polyglycol Adipate\/IPDI Copolymer, Polyethylene Terephthalate, Cellulose Acetate Butyrate, Ethyl Trimethylbenzoyl Phenylphosphinate, Hydroxypropyl Methacrylate, Di-HEMA Trimethylhexyl Dicarbamate, Silica Dimethyl Silylate, Hydroxycyclohexyl Phenyl Ketone, Isobornyl Methacrylate, 2-Methylpropanol, Polyamide, Phenoxyethanol, Polyether Acrylate, Dipropylene Glycol Diacrylate, Polyester Acrylate, Bis-Trimethylbenzoyl Phenylphosphine Oxide, Polyurethane-33 +\/- CI 74260, CI 74160, CI 12490, CI 15850, CI 73360, CI 60725, CI 15980, CI 15985, CI 77266, CI 42735, CI 77891, CI 77491, CI 77492, CI 77499, CI 19140, CI 77288, CI 45410, CI 77742, CI 77007, CI 77510, CI 42090, CI 47005, CI 77004, CI 16035, CI 61570, CI 77000<\/p>\n","protected":false},"excerpt":{"rendered":"<p> <strong>Gramatura:<\/strong> g<br \/>  <strong>Kolor:<\/strong> Pink Pixel<br \/>  <strong>Pojemno\u015b\u0107:<\/strong> 10<br \/>  <strong>P\u0142e\u0107:<\/strong> damski<br \/>  <strong>S\u0142o\u0144ce:<\/strong> nie <\/p>\n","protected":false},"featured_media":55735,"comment_status":"open","ping_status":"closed","template":"","meta":{"_acf_changed":false},"kategoria-hurtowni":[83,174,267],"product_brand":[268],"product_cat":[76],"product_tag":[],"class_list":{"0":"post-55734","1":"product","2":"type-product","3":"status-publish","4":"has-post-thumbnail","6":"kategoria-hurtowni-makijaz","7":"kategoria-hurtowni-makijaz-paznokcie","8":"kategoria-hurtowni-zele-i-akryle","9":"product_brand-claresa","10":"product_cat-primavera","12":"first","13":"outofstock","14":"taxable","15":"shipping-taxable","16":"product-type-simple"},"acf":[],"_links":{"self":[{"href":"https:\/\/premino.pl\/index.php?rest_route=\/wp\/v2\/product\/55734","targetHints":{"allow":["GET"]}}],"collection":[{"href":"https:\/\/premino.pl\/index.php?rest_route=\/wp\/v2\/product"}],"about":[{"href":"https:\/\/premino.pl\/index.php?rest_route=\/wp\/v2\/types\/product"}],"replies":[{"embeddable":true,"href":"https:\/\/premino.pl\/index.php?rest_route=%2Fwp%2Fv2%2Fcomments&post=55734"}],"wp:featuredmedia":[{"embeddable":true,"href":"https:\/\/premino.pl\/index.php?rest_route=\/wp\/v2\/media\/55735"}],"wp:attachment":[{"href":"https:\/\/premino.pl\/index.php?rest_route=%2Fwp%2Fv2%2Fmedia&parent=55734"}],"wp:term":[{"taxonomy":"kategoria-hurtowni","embeddable":true,"href":"https:\/\/premino.pl\/index.php?rest_route=%2Fwp%2Fv2%2Fkategoria-hurtowni&post=55734"},{"taxonomy":"product_brand","embeddable":true,"href":"https:\/\/premino.pl\/index.php?rest_route=%2Fwp%2Fv2%2Fproduct_brand&post=55734"},{"taxonomy":"product_cat","embeddable":true,"href":"https:\/\/premino.pl\/index.php?rest_route=%2Fwp%2Fv2%2Fproduct_cat&post=55734"},{"taxonomy":"product_tag","embeddable":true,"href":"https:\/\/premino.pl\/index.php?rest_route=%2Fwp%2Fv2%2Fproduct_tag&post=55734"}],"curies":[{"name":"wp","href":"https:\/\/api.w.org\/{rel}","templated":true}]}}