{"id":55736,"date":"2026-05-13T16:09:46","date_gmt":"2026-05-13T14:09:46","guid":{"rendered":"https:\/\/premino.pl\/?product=rubber-gel-zel-budujacy-10-45g"},"modified":"2026-05-13T16:09:46","modified_gmt":"2026-05-13T14:09:46","slug":"rubber-gel-zel-budujacy-10-45g","status":"publish","type":"product","link":"https:\/\/premino.pl\/?product=rubber-gel-zel-budujacy-10-45g","title":{"rendered":"Rubber Gel \u017cel buduj\u0105cy 10 45g"},"content":{"rendered":"<p>Miewasz problem z trwa\u0142o\u015bci\u0105 stylizacji i potrzebujesz produktu, kt\u00f3ry pozwoli Ci stworzy\u0107 naprawd\u0119 odporny i wytrzyma\u0142y manicure? A mo\u017ce szukasz formu\u0142y, z kt\u00f3r\u0105 praca jest niesamowicie \u0142atwa i przyjemna?<\/p>\n<p>Rubber Gel\u00a0to produkt o wyj\u0105tkowych w\u0142a\u015bciwo\u015bciach. Jego formu\u0142a jest\u00a0g\u0119sta i odporna na temperatur\u0119 otoczenia, dzi\u0119ki czemu doskonale nadaje si\u0119 do\u00a0konstrukcji paznokcia i przed\u0142u\u017cania p\u0142ytki. Mo\u017cesz mie\u0107 pewno\u015b\u0107, \u017ce nawet w upalne dni \u017cel b\u0119dzie zachowywa\u0107 si\u0119 tak samo, a Ty zbudujesz perfekcyjny szkielet za ka\u017cdym razem.\u00a0Rubber Gel\u00a0charakteryzuje si\u0119 r\u00f3wnie\u017c tiksotropi\u0105 (czyli pami\u0119ci\u0105 cieczy), co sprawia, \u017ce po na\u0142o\u017ceniu na paznokie\u0107 nie sp\u0142ywa na sk\u00f3rki. Masa przy pracy p\u0119dzelkiem\u00a0doskonale si\u0119 poziomuje, pozwalaj\u0105c na\u00a0r\u00f3wnomierne roz\u0142o\u017cenie produktu\u00a0nawet osobom pocz\u0105tkuj\u0105cym. \u017bel\u00a0kryje i koryguje niedoskona\u0142o\u015bci p\u0142ytki, dzi\u0119ki czemu mo\u017ce by\u0107 stosowany samodzielnie, bez u\u017cycia lakieru hybrydowego. Wystarczy baza i top.\u00a0<\/p>\n<p>Rubber Gel\u00a0wymaga zastosowania\u00a0bazy gruntuj\u0105cej, doskonale sprawdzi si\u0119 w tej roli\u00a0Bonding Base for Gel.<\/p>\n<p><b>W\u0141A\u015aCIWO\u015aCI:<br \/><\/b>\u2022 g\u0119sta konsystencja<br \/>\u2022 tiksotropia \u2012 formu\u0142a z pami\u0119ci\u0105 cieczy<br \/>\u2022 odporno\u015b\u0107 na temperatur\u0119 otoczenia<br \/>\u2022 trwa\u0142o\u015b\u0107 nawet do 3 tygodni<br \/>\u2022 formu\u0142a poziomuj\u0105ca si\u0119 przy pracy p\u0119dzelkiem<br \/>\u2022 bezproblemowa aplikacja, bez sp\u0142ywania na sk\u00f3rki<\/p>\n<p><strong>Gramatura:<\/strong> g<br \/>\n<strong>Kolor:<\/strong> 10<br \/>\n<strong>Pojemno\u015b\u0107:<\/strong> 45<br \/>\n<strong>P\u0142e\u0107:<\/strong> damski<br \/>\n<strong>S\u0142o\u0144ce:<\/strong> nie<\/p>\n<p><strong>Uwagi:<\/strong><\/p>\n<p>Tylko do u\u017cytku profesjonalnego. Mo\u017ce powodowa\u0107 reakcj\u0119 alergiczn\u0105. Unika\u0107 kontaktu ze sk\u00f3r\u0105. Przeczyta\u0107 uwa\u017cnie spos\u00f3b u\u017cycia.<\/p>\n<p><strong>Sk\u0142adniki:<\/strong><\/p>\n<p>Bis-HEMA Polyneopentyl Glycol Adipate\/IPDI Copolymer, Urethane Acrylate, Trimethylolpropane Trimethacrylate, Bis-HEA Poly(1,4-Butanediol)-9\/IPDI Copolymer, Silica Dimethyl Silylate, Hexanediol Dimethacrylate, Polyhydroxycarboxylic Acid Amides, PPG-3, Isobornyl Methacrylate, Hydroxycyclohexyl Phenyl Ketone, Ethyl Trimethylbenzoyl Phenylphosphinate, Polyether Acrylate, Dipropylene Glycol Diacrylate, Polyester Acrylate, Hydroquinone, p-Hydroxyanisole, +\/- CI 77891, CI 74260, CI 74160, CI 60725, CI 15850, CI 15985, CI 77266, CI 77491, CI 77492, CI 77499, CI 77004, CI 16035, CI 19140, CI 61570<\/p>\n","protected":false},"excerpt":{"rendered":"<p> <strong>Gramatura:<\/strong> g<br \/>  <strong>Kolor:<\/strong> 10<br \/>  <strong>Pojemno\u015b\u0107:<\/strong> 45<br \/>  <strong>P\u0142e\u0107:<\/strong> damski<br \/>  <strong>S\u0142o\u0144ce:<\/strong> nie <\/p>\n","protected":false},"featured_media":55737,"comment_status":"open","ping_status":"closed","template":"","meta":{"_acf_changed":false},"kategoria-hurtowni":[83,174,267],"product_brand":[268],"product_cat":[76],"product_tag":[],"class_list":{"0":"post-55736","1":"product","2":"type-product","3":"status-publish","4":"has-post-thumbnail","6":"kategoria-hurtowni-makijaz","7":"kategoria-hurtowni-makijaz-paznokcie","8":"kategoria-hurtowni-zele-i-akryle","9":"product_brand-claresa","10":"product_cat-primavera","12":"first","13":"outofstock","14":"taxable","15":"shipping-taxable","16":"product-type-simple"},"acf":[],"_links":{"self":[{"href":"https:\/\/premino.pl\/index.php?rest_route=\/wp\/v2\/product\/55736","targetHints":{"allow":["GET"]}}],"collection":[{"href":"https:\/\/premino.pl\/index.php?rest_route=\/wp\/v2\/product"}],"about":[{"href":"https:\/\/premino.pl\/index.php?rest_route=\/wp\/v2\/types\/product"}],"replies":[{"embeddable":true,"href":"https:\/\/premino.pl\/index.php?rest_route=%2Fwp%2Fv2%2Fcomments&post=55736"}],"wp:featuredmedia":[{"embeddable":true,"href":"https:\/\/premino.pl\/index.php?rest_route=\/wp\/v2\/media\/55737"}],"wp:attachment":[{"href":"https:\/\/premino.pl\/index.php?rest_route=%2Fwp%2Fv2%2Fmedia&parent=55736"}],"wp:term":[{"taxonomy":"kategoria-hurtowni","embeddable":true,"href":"https:\/\/premino.pl\/index.php?rest_route=%2Fwp%2Fv2%2Fkategoria-hurtowni&post=55736"},{"taxonomy":"product_brand","embeddable":true,"href":"https:\/\/premino.pl\/index.php?rest_route=%2Fwp%2Fv2%2Fproduct_brand&post=55736"},{"taxonomy":"product_cat","embeddable":true,"href":"https:\/\/premino.pl\/index.php?rest_route=%2Fwp%2Fv2%2Fproduct_cat&post=55736"},{"taxonomy":"product_tag","embeddable":true,"href":"https:\/\/premino.pl\/index.php?rest_route=%2Fwp%2Fv2%2Fproduct_tag&post=55736"}],"curies":[{"name":"wp","href":"https:\/\/api.w.org\/{rel}","templated":true}]}}