{"id":55748,"date":"2026-05-13T16:09:50","date_gmt":"2026-05-13T14:09:50","guid":{"rendered":"https:\/\/premino.pl\/?product=cleaner-wipe-off-odtluszczacz-do-paznokci-500ml"},"modified":"2026-05-13T16:09:51","modified_gmt":"2026-05-13T14:09:51","slug":"cleaner-wipe-off-odtluszczacz-do-paznokci-500ml","status":"publish","type":"product","link":"https:\/\/premino.pl\/?product=cleaner-wipe-off-odtluszczacz-do-paznokci-500ml","title":{"rendered":"Cleaner Wipe Off odt\u0142uszczacz do paznokci 500ml"},"content":{"rendered":"<p>Szukasz skutecznego sposobu na przygotowanie paznokci przed manicure? Poznaj Cleaner Wipe Off! To specjalistyczny p\u0142yn, kt\u00f3ry doskonale odt\u0142uszcza i czy\u015bci p\u0142ytk\u0119 paznokcia, zapewniaj\u0105c idealne warunki do aplikacji lakieru hybrydowego oraz innych produkt\u00f3w do stylizacji. Jego lekka formu\u0142a szybko i skutecznie usuwa wszelkie zanieczyszczenia, t\u0142uszcz i pozosta\u0142o\u015bci, dzi\u0119ki czemu Twoje paznokcie b\u0119d\u0105 gotowe na najlepszy efekt ko\u0144cowy. Prosty w u\u017cyciu, niezawodny i bezpieczny \u2013 Cleaner Wipe Off to must-have w Twoim zestawie do manicure. Zadbaj o perfekcyjny wygl\u0105d paznokci i ciesz si\u0119 d\u0142ugotrwa\u0142ym, pi\u0119knym efektem!<\/p>\n<\/p>\n<p>\u2022 Dezynfekuje i odt\u0142uszcza p\u0142ytk\u0119 paznokcia<br \/>\u2022 Skutecznie usuwa warstw\u0119 dyspersyjn\u0105<br \/>\u2022 Gwarantuje zwi\u0119kszon\u0105 przyczepno\u015b\u0107 produkt\u00f3w do powierzchni stylizacji<br \/>\u2022 Zapewnia wysoki po\u0142ysk<br \/>\u2022 Bezzapachowy<\/p>\n<p><strong>Gramatura:<\/strong> ml<br \/>\n<strong>Pojemno\u015b\u0107:<\/strong> 500<br \/>\n<strong>P\u0142e\u0107:<\/strong> damski<br \/>\n<strong>S\u0142o\u0144ce:<\/strong> nie<\/p>\n<p><strong>Uwagi:<\/strong><\/p>\n<p>Tylko do u\u017cytku profesjonalnego. Unika\u0107 kontaktu ze sk\u00f3r\u0105 i oczami. Nie wdycha\u0107 opar\u00f3w produktu. Przechowywa\u0107 w miejscu niedost\u0119pnym dla dzieci. W przypadku wyst\u0105pienia alergii lub reakcji niepo\u017c\u0105danych nale\u017cy natychmiast przerwa\u0107 stosowanie. Nie stosowa\u0107 po up\u0142ywie terminu wa\u017cno\u015bci.<\/p>\n<p><strong>Sk\u0142adniki:<\/strong><\/p>\n<p>Isopropyl Alcohol, Aqua<\/p>\n","protected":false},"excerpt":{"rendered":"<p> <strong>Gramatura:<\/strong> ml<br \/>  <strong>Pojemno\u015b\u0107:<\/strong> 500<br \/>  <strong>P\u0142e\u0107:<\/strong> damski<br \/>  <strong>S\u0142o\u0144ce:<\/strong> nie <\/p>\n","protected":false},"featured_media":55749,"comment_status":"open","ping_status":"closed","template":"","meta":{"_acf_changed":false},"kategoria-hurtowni":[83,174,561],"product_brand":[268],"product_cat":[76],"product_tag":[],"class_list":{"0":"post-55748","1":"product","2":"type-product","3":"status-publish","4":"has-post-thumbnail","6":"kategoria-hurtowni-makijaz","7":"kategoria-hurtowni-makijaz-paznokcie","8":"kategoria-hurtowni-zmywacze","9":"product_brand-claresa","10":"product_cat-primavera","12":"first","13":"outofstock","14":"taxable","15":"shipping-taxable","16":"product-type-simple"},"acf":[],"_links":{"self":[{"href":"https:\/\/premino.pl\/index.php?rest_route=\/wp\/v2\/product\/55748","targetHints":{"allow":["GET"]}}],"collection":[{"href":"https:\/\/premino.pl\/index.php?rest_route=\/wp\/v2\/product"}],"about":[{"href":"https:\/\/premino.pl\/index.php?rest_route=\/wp\/v2\/types\/product"}],"replies":[{"embeddable":true,"href":"https:\/\/premino.pl\/index.php?rest_route=%2Fwp%2Fv2%2Fcomments&post=55748"}],"wp:featuredmedia":[{"embeddable":true,"href":"https:\/\/premino.pl\/index.php?rest_route=\/wp\/v2\/media\/55749"}],"wp:attachment":[{"href":"https:\/\/premino.pl\/index.php?rest_route=%2Fwp%2Fv2%2Fmedia&parent=55748"}],"wp:term":[{"taxonomy":"kategoria-hurtowni","embeddable":true,"href":"https:\/\/premino.pl\/index.php?rest_route=%2Fwp%2Fv2%2Fkategoria-hurtowni&post=55748"},{"taxonomy":"product_brand","embeddable":true,"href":"https:\/\/premino.pl\/index.php?rest_route=%2Fwp%2Fv2%2Fproduct_brand&post=55748"},{"taxonomy":"product_cat","embeddable":true,"href":"https:\/\/premino.pl\/index.php?rest_route=%2Fwp%2Fv2%2Fproduct_cat&post=55748"},{"taxonomy":"product_tag","embeddable":true,"href":"https:\/\/premino.pl\/index.php?rest_route=%2Fwp%2Fv2%2Fproduct_tag&post=55748"}],"curies":[{"name":"wp","href":"https:\/\/api.w.org\/{rel}","templated":true}]}}