{"id":55750,"date":"2026-05-13T16:09:50","date_gmt":"2026-05-13T14:09:50","guid":{"rendered":"https:\/\/premino.pl\/?product=soak-off-uv-led-full-glitter-lakier-hybrydowy-5-5g"},"modified":"2026-05-13T16:09:52","modified_gmt":"2026-05-13T14:09:52","slug":"soak-off-uv-led-full-glitter-lakier-hybrydowy-5-5g","status":"publish","type":"product","link":"https:\/\/premino.pl\/?product=soak-off-uv-led-full-glitter-lakier-hybrydowy-5-5g","title":{"rendered":"Soak Off UV\/LED Full Glitter lakier hybrydowy 5 5g"},"content":{"rendered":"<p>Full Glitter to kolekcja lakier\u00f3w hybrydowych, kt\u00f3re zachwycaj\u0105 intensywnym blaskiem. Brokatowe wyko\u0144czenie doda wyj\u0105tkowego charakteru ka\u017cdej stylizacji, nadaj\u0105c jej karnawa\u0142owego szyku. Lakiery te doskonale sprawdz\u0105 si\u0119 zar\u00f3wno w wyrazistych, jak i subtelnych manicure. To must-have w kolekcji ka\u017cdej mi\u0142o\u015bniczki b\u0142ysku!<\/p>\n<p>\u2022 bezproblemowa aplikacja, bez zalewania sk\u00f3rek<br \/>\u2022 intensywny blask<br \/>\u2022 idealna, \u015brednia g\u0119sto\u015b\u0107<br \/>\u2022 trwa\u0142o\u015b\u0107 nawet do 3 tygodni<br \/>\u2022 pojemno\u015b\u0107: 5\u00a0g<\/p>\n<p><b>Stosowanie:\u00a0<\/b>Na wcze\u015bniej utwardzon\u0105 baz\u0119 hybrydow\u0105 na\u0142\u00f3\u017c cienk\u0105 warstw\u0119 kolorowego lakieru hybrydowego i utward\u017a go w lampie UV\/LED. W celu osi\u0105gni\u0119cia satysfakcjonuj\u0105cego efektu czynno\u015b\u0107 mo\u017cesz powt\u00f3rzy\u0107. Stylizacj\u0119 zabezpiecz, aplikuj\u0105c i utwardzaj\u0105c topem.<\/p>\n<p><strong>Gramatura:<\/strong> g<br \/>\n<strong>Kolor:<\/strong> 5<br \/>\n<strong>Pojemno\u015b\u0107:<\/strong> 5<br \/>\n<strong>P\u0142e\u0107:<\/strong> damski<br \/>\n<strong>S\u0142o\u0144ce:<\/strong> nie<\/p>\n<p><strong>Uwagi:<\/strong><\/p>\n<p>Tylko do u\u017cytku profesjonalnego. Mo\u017ce powodowa\u0107 reakcj\u0119 alergiczn\u0105. Unika\u0107 kontaktu ze sk\u00f3r\u0105. Przeczyta\u0107 uwa\u017cnie spos\u00f3b u\u017cycia.<\/p>\n<p><strong>Sk\u0142adniki:<\/strong><\/p>\n<p>Urethane Acrylate, HEMA, Cellulose Acetate Butyrate, Trimethylbenzoyl Diphenylphosphine Oxide, Hydroxypropyl Methacrylate, Di-HEMA Trimethylhexyl Dicarbamate, Hydroxycyclohexyl Phenyl Ketone, Isobornyl Methacrylate, Silica Dimethyl Silylate, Polyether Acrylate, Dipropylene Glycol Diacrylate, Polyester Acrylate, 2-Methylpropanol, Polyamide, Phenoxyethanol [+\/- Calcium Sodium Borosilicate, Synthetic Fluorphlogopite, Tin Oxide, Mica, CI 74260, CI 74160, CI 12490, CI 15850, CI 73360, CI 60725, CI 15980, CI 15985, CI 77266, CI 42735, CI 77891, CI 77491, CI 77492, CI 77499]<\/p>\n","protected":false},"excerpt":{"rendered":"<p> <strong>Gramatura:<\/strong> g<br \/>  <strong>Kolor:<\/strong> 5<br \/>  <strong>Pojemno\u015b\u0107:<\/strong> 5<br \/>  <strong>P\u0142e\u0107:<\/strong> damski<br \/>  <strong>S\u0142o\u0144ce:<\/strong> nie <\/p>\n","protected":false},"featured_media":55751,"comment_status":"open","ping_status":"closed","template":"","meta":{"_acf_changed":false},"kategoria-hurtowni":[397,83,174],"product_brand":[268],"product_cat":[76],"product_tag":[],"class_list":{"0":"post-55750","1":"product","2":"type-product","3":"status-publish","4":"has-post-thumbnail","6":"kategoria-hurtowni-lakiery-hybrydowe","7":"kategoria-hurtowni-makijaz","8":"kategoria-hurtowni-makijaz-paznokcie","9":"product_brand-claresa","10":"product_cat-primavera","12":"first","13":"outofstock","14":"taxable","15":"shipping-taxable","16":"product-type-simple"},"acf":[],"_links":{"self":[{"href":"https:\/\/premino.pl\/index.php?rest_route=\/wp\/v2\/product\/55750","targetHints":{"allow":["GET"]}}],"collection":[{"href":"https:\/\/premino.pl\/index.php?rest_route=\/wp\/v2\/product"}],"about":[{"href":"https:\/\/premino.pl\/index.php?rest_route=\/wp\/v2\/types\/product"}],"replies":[{"embeddable":true,"href":"https:\/\/premino.pl\/index.php?rest_route=%2Fwp%2Fv2%2Fcomments&post=55750"}],"wp:featuredmedia":[{"embeddable":true,"href":"https:\/\/premino.pl\/index.php?rest_route=\/wp\/v2\/media\/55751"}],"wp:attachment":[{"href":"https:\/\/premino.pl\/index.php?rest_route=%2Fwp%2Fv2%2Fmedia&parent=55750"}],"wp:term":[{"taxonomy":"kategoria-hurtowni","embeddable":true,"href":"https:\/\/premino.pl\/index.php?rest_route=%2Fwp%2Fv2%2Fkategoria-hurtowni&post=55750"},{"taxonomy":"product_brand","embeddable":true,"href":"https:\/\/premino.pl\/index.php?rest_route=%2Fwp%2Fv2%2Fproduct_brand&post=55750"},{"taxonomy":"product_cat","embeddable":true,"href":"https:\/\/premino.pl\/index.php?rest_route=%2Fwp%2Fv2%2Fproduct_cat&post=55750"},{"taxonomy":"product_tag","embeddable":true,"href":"https:\/\/premino.pl\/index.php?rest_route=%2Fwp%2Fv2%2Fproduct_tag&post=55750"}],"curies":[{"name":"wp","href":"https:\/\/api.w.org\/{rel}","templated":true}]}}