{"id":55774,"date":"2026-05-13T16:09:58","date_gmt":"2026-05-13T14:09:58","guid":{"rendered":"https:\/\/premino.pl\/?product=hardeasy-builder-gel-zel-budujacy-clear-45g"},"modified":"2026-05-13T16:10:01","modified_gmt":"2026-05-13T14:10:01","slug":"hardeasy-builder-gel-zel-budujacy-clear-45g","status":"publish","type":"product","link":"https:\/\/premino.pl\/?product=hardeasy-builder-gel-zel-budujacy-clear-45g","title":{"rendered":"Hard&amp;Easy Builder Gel \u017cel buduj\u0105cy Clear 45g"},"content":{"rendered":"<p><b>HARD&#038;EASY 45g \u2013 \u017cel, kt\u00f3ry ud\u017awignie ka\u017cd\u0105 stylizacj\u0119. Niezawodny zar\u00f3wno w pracy stylistki, jak i podczas domowego manicure.<br \/><\/b>Poznaj twardy \u017cel buduj\u0105cy o \u015brednio g\u0119stej konsystencji, kt\u00f3ry zapewnia pe\u0142n\u0105 kontrol\u0119 podczas pracy i gwarantuje wyj\u0105tkow\u0105 trwa\u0142o\u015b\u0107 stylizacji.<\/p>\n<p><b>\u017bel, kt\u00f3ry \u0142\u0105czy w sobie \u0142atwo\u015b\u0107 aplikacji z moc\u0105 i wytrzyma\u0142o\u015bci\u0105 konstrukcyjn\u0105 \u2013 idealny tam, gdzie potrzebujesz pewnego fundamentu stylizacji.<\/b><br \/>\u2022\u00a0Dzi\u0119ki zr\u00f3wnowa\u017conym w\u0142a\u015bciwo\u015bciom samopoziomuj\u0105cym oraz tiksotropowej formule z pami\u0119ci\u0105 cieczy\u00a0\u2013 \u017cel nie sp\u0142ywa, nie zalewa sk\u00f3rek i idealnie sprawdza si\u0119 w technice bez pi\u0142owania.<br \/>\u2022\u00a0Formu\u0142a heatless\u00a0znacz\u0105co redukuje uczucie pieczenia w lampie.<br \/>\u2022\u00a0Warstwa inhibicyjna\u00a0obecna w \u017celu umo\u017cliwia perfekcyjne \u0142\u0105czenie kolejnych warstw produkt\u00f3w.<br \/>\u2022\u00a0Krycie na poziomie a\u017c 90%\u00a0sprawia, \u017ce stylizacje maj\u0105 pi\u0119kn\u0105, jednolit\u0105 powierzchni\u0119 i g\u0142\u0119bi\u0119 koloru.<br \/>\u2022 Wymaga u\u017cycia\u00a0bazy gruntuj\u0105cej\u00a0\u2013 rekomenduje si\u0119 Bonding Base for Gel Claresa.<\/p>\n<p>Wszystko to powoduje, \u017ce praca z HARD&#038;EASY jest szybsza, \u0142atwiejsza i daje efekt profesjonalnej stylizacji bez zb\u0119dnego wysi\u0142ku.<\/p>\n<p>\u017bel HARD&#038;EASY\u00a0rozwi\u0105zuje najcz\u0119stsze problemy w stylizacji paznokci \u2013 zapewnia \u0142atwo\u015b\u0107 aplikacji, kontrol\u0119 nad produktem i efekt, kt\u00f3ry wygl\u0105da naturalnie i utrzymuje si\u0119 naprawd\u0119 d\u0142ugo.<\/p>\n<p><b>W\u0142a\u015bciwo\u015bci:<\/b><br \/>\u2022\u00a0Twardy i stabilny\u00a0\u2013 \u017cel zapewnia solidny szkielet paznokcia bez pi\u0142owania.<br \/>\u2022\u00a0Samopoziomuj\u0105cy\u00a0\u2013 dobrze uk\u0142ada si\u0119 na p\u0142ytce, nie zalewaj\u0105c sk\u00f3rek. Kontrola bez kompromis\u00f3w.<br \/>\u2022\u00a0Tiksotropowy\u00a0\u2013 \u017cel pracuje dok\u0142adnie tam, gdzie go na\u0142o\u017cysz.<br \/>\u2022\u00a0Formu\u0142a heatless\u00a0\u2013 dzi\u0119ki niskiej temperaturze polimeryzacji ogranicza do minimum pieczenie w lampie.<br \/>\u2022\u00a0\u015arednia g\u0119sto\u015b\u0107\u00a0\u2013 idealna do modelowania zar\u00f3wno cienkich warstw, jak i mocnych konstrukcji.<br \/>\u2022\u00a0Niezast\u0105piony przy budowie szkieletu\u00a0\u2013 szczeg\u00f3lnie polecany w pracy konstrukcyjnej, wymagaj\u0105cej precyzyjnej formy.<br \/>\u2022\u00a0Wszechstronny\u00a0\u2013 przed\u0142u\u017cania na szablonach, dual formach, a tak\u017ce do klasycznego uzupe\u0142niania paznokci.<\/p>\n<p><b>Spos\u00f3b u\u017cycia:<br \/><\/b>Przygotuj paznokie\u0107 aplikuj\u0105c cienk\u0105 warstw\u0119 bazy i utward\u017a. Na\u0142\u00f3\u017c p\u0119dzelkiem \u017cel Hard i rozprowad\u017a do wymaganej d\u0142ugo\u015bci i kszta\u0142tu. Utward\u017a w lampie UV LED min. 60 sek. W celu usuni\u0119cia warstwy inhibicyjnej przemyj paznokie\u0107 wacikiem nas\u0105czonym cleanerem. Opcjonalnie na\u0142\u00f3\u017c Top, post\u0119puj\u0105c zgodnie z jego instrukcj\u0105.\u00a0<\/p>\n<p><strong>Gramatura:<\/strong> g<br \/>\n<strong>Kolor:<\/strong> Clear<br \/>\n<strong>Pojemno\u015b\u0107:<\/strong> 45<br \/>\n<strong>P\u0142e\u0107:<\/strong> damski<br \/>\n<strong>S\u0142o\u0144ce:<\/strong> nie<\/p>\n<p><strong>Uwagi:<\/strong><\/p>\n<p>Tylko do u\u017cytku profesjonalnego. Mo\u017ce powodowa\u0107 reakcj\u0119 alergiczn\u0105. Unika\u0107 kontaktu ze sk\u00f3r\u0105. Przeczyta\u0107 uwa\u017cnie spos\u00f3b u\u017cycia.<\/p>\n<p><strong>Sk\u0142adniki:<\/strong><\/p>\n<p>Bis-HEMA Polyneopentyl Glycol Adipate\/Ipdi Copolymer, Isopropylidenediphenyl Bisoxyhydroxypropyl Methacrylate, Bis-HEA Poly(1,4-Butanediol)-9\/IPDI Copolymer , Trimethylolpropane Trimethacrylate, Hexanediol Dimethacrylate, Bis-HEA Polyglycol Adipate\/IPDI Copolymer, Hydroxycyclohexyl Phenyl Ketone, Silica Dimethyl Silylate, Isobornyl Methacrylate, Ethyl Trimethylbenzoyl Phenylphosphinate, Polyhydroxycarboxylic Acid Amides, PPG-3, Polyether Acrylate, Dipropylene Glycol Diacrylate, Polyester Acrylate, Hydroquinone, p-Hydroxyanisole +\/- CI 74260, CI 74160, CI 12490, CI 15850, CI 73360, CI 60725, CI 15980, CI 15985, CI 77266, CI 42735, CI 77891, CI 77491, CI 77492, CI 77499, CI 19140, CI 77288, CI 45410, CI 77742, CI 77007, CI 77510, CI 42090, CI 47005, CI 77004, CI 16035, CI 61570, CI 77000<\/p>\n","protected":false},"excerpt":{"rendered":"<p> <strong>Gramatura:<\/strong> g<br \/>  <strong>Kolor:<\/strong> Clear<br \/>  <strong>Pojemno\u015b\u0107:<\/strong> 45<br \/>  <strong>P\u0142e\u0107:<\/strong> damski<br \/>  <strong>S\u0142o\u0144ce:<\/strong> nie <\/p>\n","protected":false},"featured_media":55775,"comment_status":"open","ping_status":"closed","template":"","meta":{"_acf_changed":false},"kategoria-hurtowni":[83,174,267],"product_brand":[268],"product_cat":[76],"product_tag":[],"class_list":{"0":"post-55774","1":"product","2":"type-product","3":"status-publish","4":"has-post-thumbnail","6":"kategoria-hurtowni-makijaz","7":"kategoria-hurtowni-makijaz-paznokcie","8":"kategoria-hurtowni-zele-i-akryle","9":"product_brand-claresa","10":"product_cat-primavera","12":"first","13":"outofstock","14":"taxable","15":"shipping-taxable","16":"product-type-simple"},"acf":[],"_links":{"self":[{"href":"https:\/\/premino.pl\/index.php?rest_route=\/wp\/v2\/product\/55774","targetHints":{"allow":["GET"]}}],"collection":[{"href":"https:\/\/premino.pl\/index.php?rest_route=\/wp\/v2\/product"}],"about":[{"href":"https:\/\/premino.pl\/index.php?rest_route=\/wp\/v2\/types\/product"}],"replies":[{"embeddable":true,"href":"https:\/\/premino.pl\/index.php?rest_route=%2Fwp%2Fv2%2Fcomments&post=55774"}],"wp:featuredmedia":[{"embeddable":true,"href":"https:\/\/premino.pl\/index.php?rest_route=\/wp\/v2\/media\/55775"}],"wp:attachment":[{"href":"https:\/\/premino.pl\/index.php?rest_route=%2Fwp%2Fv2%2Fmedia&parent=55774"}],"wp:term":[{"taxonomy":"kategoria-hurtowni","embeddable":true,"href":"https:\/\/premino.pl\/index.php?rest_route=%2Fwp%2Fv2%2Fkategoria-hurtowni&post=55774"},{"taxonomy":"product_brand","embeddable":true,"href":"https:\/\/premino.pl\/index.php?rest_route=%2Fwp%2Fv2%2Fproduct_brand&post=55774"},{"taxonomy":"product_cat","embeddable":true,"href":"https:\/\/premino.pl\/index.php?rest_route=%2Fwp%2Fv2%2Fproduct_cat&post=55774"},{"taxonomy":"product_tag","embeddable":true,"href":"https:\/\/premino.pl\/index.php?rest_route=%2Fwp%2Fv2%2Fproduct_tag&post=55774"}],"curies":[{"name":"wp","href":"https:\/\/api.w.org\/{rel}","templated":true}]}}