{"id":55822,"date":"2026-05-13T16:10:20","date_gmt":"2026-05-13T14:10:20","guid":{"rendered":"https:\/\/premino.pl\/?product=elite-woda-perfumowana-spray-100ml"},"modified":"2026-05-13T16:10:22","modified_gmt":"2026-05-13T14:10:22","slug":"elite-woda-perfumowana-spray-100ml","status":"publish","type":"product","link":"https:\/\/premino.pl\/?product=elite-woda-perfumowana-spray-100ml","title":{"rendered":"Elite woda perfumowana spray 100ml"},"content":{"rendered":"<p>Elite to perfumy, kt\u00f3re z jednej strony przyci\u0105gaj\u0105 \u015bwie\u017co\u015bci\u0105, z drugiej &#8211; obiecuj\u0105 zmys\u0142owo\u015b\u0107, tajemniczo\u015b\u0107 i g\u0142\u0119bi\u0119.\u00a0<\/p>\n<p><b>Nuty zapachowe:<br \/><\/b><br \/><b>Nuta g\u0142owy: <\/b>grejpfrut, tymianek, limonka, bergamotka, cytryna<br \/><b>Nuta serca: <\/b>jagody ja\u0142owca, r\u00f3\u017ca, ja\u015bmin, cedr, r\u00f3\u017cowy pieprz, jab\u0142ko, czarna porzeczka<br \/><b>Nuta bazy: <\/b>wetyweria, ambra, labdanum, benzoes, wanilia, bergamotka, sk\u00f3ra<\/p>\n<p><strong>Gramatura:<\/strong> ml<br \/>\n<strong>Linia k\u0105pielowa:<\/strong> nie<br \/>\n<strong>Miniatura:<\/strong> nie<br \/>\n<strong>Nuta bazy:<\/strong> ambra, benzoes, bergamotka, labdanum, sk\u00f3ra, wanilia, wetyweria<br \/>\n<strong>Nuta g\u0142owy:<\/strong> bergamotka, cytryna, grejpfrut, limonka, tymianek<br \/>\n<strong>Nuta g\u0142\u00f3wna:<\/strong> balsamiczna , cytrusowe, owocowe<br \/>\n<strong>Nuta serca:<\/strong> cedr, czarna porzeczka, jab\u0142ko, jagody ja\u0142owca, ja\u015bmin, r\u00f3\u017ca, r\u00f3\u017cowy pieprz<br \/>\n<strong>Pojemno\u015b\u0107:<\/strong> 100<br \/>\n<strong>Produkt rzadki:<\/strong> nie<br \/>\n<strong>Pr\u00f3bka:<\/strong> nie<br \/>\n<strong>P\u0142e\u0107:<\/strong> unisex<br \/>\n<strong>Rodzaj:<\/strong> woda perfumowana<br \/>\n<strong>Tester:<\/strong> nie<br \/>\n<strong>Zapach alternatywny:<\/strong> nie<\/p>\n<p><strong>Uwagi:<\/strong><\/p>\n<p>\u0141atwopalny. Przechowywa\u0107 poza zasi\u0119giem dzieci. Unika\u0107 kontaktu z oczami. W przypadku kontaktu z oczami natychmiast przemy\u0107 wod\u0105. Przechowywa\u0107 w ch\u0142odnym i suchym miejscu. Wy\u0142\u0105cznie do u\u017cytku zewn\u0119trznego.<\/p>\n<p><strong>Sk\u0142adniki:<\/strong><\/p>\n<p>Alcohol Denat., Fragrance, Water, Limonene, Linalool, Citral<\/p>\n","protected":false},"excerpt":{"rendered":"<p> <strong>Gramatura:<\/strong> ml<br \/>  <strong>Linia k\u0105pielowa:<\/strong> nie<br \/>  <strong>Miniatura:<\/strong> nie<br \/>  <strong>Nuta bazy:<\/strong> ambra, benzoes, bergamotka, labdanum, sk\u00f3ra, wanilia, wetyweria<br \/>  <strong>Nuta g\u0142owy:<\/strong> bergamotka, cytryna, grejpfrut, limonka, tymianek<br \/>  <strong>Nuta g\u0142\u00f3wna:<\/strong> balsamiczna , cytrusowe, owocowe<br \/>  <strong>Nuta serca:<\/strong> cedr, czarna porzeczka, jab\u0142ko, jagody ja\u0142owca, ja\u015bmin, r\u00f3\u017ca, r\u00f3\u017cowy pieprz<br \/>  <strong>Pojemno\u015b\u0107:<\/strong> 100<br \/>  <strong>Produkt rzadki:<\/strong> nie<br \/>  <strong>Pr\u00f3bka:<\/strong> nie<br \/>  <strong>P\u0142e\u0107:<\/strong> unisex<br \/>  <strong>Rodzaj:<\/strong> woda perfumowana<br \/>  <strong>Tester:<\/strong> nie<br \/>  <strong>Zapach alternatywny:<\/strong> nie <\/p>\n","protected":false},"featured_media":55823,"comment_status":"open","ping_status":"closed","template":"","meta":{"_acf_changed":false},"kategoria-hurtowni":[87,88],"product_brand":[677],"product_cat":[76],"product_tag":[],"class_list":{"0":"post-55822","1":"product","2":"type-product","3":"status-publish","4":"has-post-thumbnail","6":"kategoria-hurtowni-perfumy","7":"kategoria-hurtowni-zapachy","8":"product_brand-flavia","9":"product_cat-primavera","11":"first","12":"outofstock","13":"taxable","14":"shipping-taxable","15":"product-type-simple"},"acf":[],"_links":{"self":[{"href":"https:\/\/premino.pl\/index.php?rest_route=\/wp\/v2\/product\/55822","targetHints":{"allow":["GET"]}}],"collection":[{"href":"https:\/\/premino.pl\/index.php?rest_route=\/wp\/v2\/product"}],"about":[{"href":"https:\/\/premino.pl\/index.php?rest_route=\/wp\/v2\/types\/product"}],"replies":[{"embeddable":true,"href":"https:\/\/premino.pl\/index.php?rest_route=%2Fwp%2Fv2%2Fcomments&post=55822"}],"wp:featuredmedia":[{"embeddable":true,"href":"https:\/\/premino.pl\/index.php?rest_route=\/wp\/v2\/media\/55823"}],"wp:attachment":[{"href":"https:\/\/premino.pl\/index.php?rest_route=%2Fwp%2Fv2%2Fmedia&parent=55822"}],"wp:term":[{"taxonomy":"kategoria-hurtowni","embeddable":true,"href":"https:\/\/premino.pl\/index.php?rest_route=%2Fwp%2Fv2%2Fkategoria-hurtowni&post=55822"},{"taxonomy":"product_brand","embeddable":true,"href":"https:\/\/premino.pl\/index.php?rest_route=%2Fwp%2Fv2%2Fproduct_brand&post=55822"},{"taxonomy":"product_cat","embeddable":true,"href":"https:\/\/premino.pl\/index.php?rest_route=%2Fwp%2Fv2%2Fproduct_cat&post=55822"},{"taxonomy":"product_tag","embeddable":true,"href":"https:\/\/premino.pl\/index.php?rest_route=%2Fwp%2Fv2%2Fproduct_tag&post=55822"}],"curies":[{"name":"wp","href":"https:\/\/api.w.org\/{rel}","templated":true}]}}