{"id":56815,"date":"2026-05-13T18:43:08","date_gmt":"2026-05-13T16:43:08","guid":{"rendered":"https:\/\/premino.pl\/?product=pride-affection-woda-perfumowana-spray-100ml"},"modified":"2026-05-13T18:43:08","modified_gmt":"2026-05-13T16:43:08","slug":"pride-affection-woda-perfumowana-spray-100ml","status":"publish","type":"product","link":"https:\/\/premino.pl\/?product=pride-affection-woda-perfumowana-spray-100ml","title":{"rendered":"Pride Affection woda perfumowana spray 100ml"},"content":{"rendered":"<p>Pride Affection to kompozycja, kt\u00f3ra zachwyca bogactwem kontrast\u00f3w.\u00a0Stylowa forma ca\u0142o\u015bci sprawia, \u017ce perfumy prezentuj\u0105 si\u0119 nie tylko jako kompozycja zapachowa, ale r\u00f3wnie\u017c jako symboliczny upominek.<\/p>\n<p><b>Nuty zapachowe:<br \/><\/b><br \/><b>Nuta g\u0142owy: <\/b>pistacja, orzech laskowy, czarna porzeczka<br \/><b>Nuta serca: <\/b>laktony, ja\u015bmin, konwalia, malina<br \/><b>Nuta bazy: <\/b>laktony, wanilia, fasolka tonka<\/p>\n<p><strong>Gramatura:<\/strong> ml<br \/>\n<strong>Linia k\u0105pielowa:<\/strong> nie<br \/>\n<strong>Miniatura:<\/strong> nie<br \/>\n<strong>Nuta bazy:<\/strong> fasolka tonka, laktony, wanilia<br \/>\n<strong>Nuta g\u0142owy:<\/strong> czarna porzeczka, orzech laskowy, pistacja<br \/>\n<strong>Nuta g\u0142\u00f3wna:<\/strong> kwiatowe, orzechowa, waniliowe<br \/>\n<strong>Nuta serca:<\/strong> ja\u015bmin, konwalia, laktony, malina<br \/>\n<strong>Pojemno\u015b\u0107:<\/strong> 100<br \/>\n<strong>Produkt rzadki:<\/strong> nie<br \/>\n<strong>Pr\u00f3bka:<\/strong> nie<br \/>\n<strong>P\u0142e\u0107:<\/strong> unisex<br \/>\n<strong>Rodzaj:<\/strong> woda perfumowana<br \/>\n<strong>Tester:<\/strong> nie<br \/>\n<strong>Zapach alternatywny:<\/strong> nie<br \/>\n<strong>Zestaw:<\/strong> nie<\/p>\n<p><strong>Uwagi:<\/strong><\/p>\n<p>Produkt przechowywa\u0107 z dala od ognia i \u017ar\u00f3de\u0142 ciep\u0142a. Trzyma\u0107 w miejscu niedost\u0119pnym dla dzieci. Nie stosowa\u0107 na podra\u017cnion\u0105 lub uszkodzon\u0105 sk\u00f3r\u0119. Unika\u0107 kontaktu z oczami.<\/p>\n<p><strong>Sk\u0142adniki:<\/strong><\/p>\n<p>Alcohol Denat, Fragrance (Parfum), Water (Aqua), Alpha-Isomethyl Ionone, Cinnamal, Linalool, Geraniol, Citronellol, Coumarin, Cinnamyl Alcohol, Citral, Hydroxycitronellal, Limonene<\/p>\n","protected":false},"excerpt":{"rendered":"<p> <strong>Gramatura:<\/strong> ml<br \/>  <strong>Linia k\u0105pielowa:<\/strong> nie<br \/>  <strong>Miniatura:<\/strong> nie<br \/>  <strong>Nuta bazy:<\/strong> fasolka tonka, laktony, wanilia<br \/>  <strong>Nuta g\u0142owy:<\/strong> czarna porzeczka, orzech laskowy, pistacja<br \/>  <strong>Nuta g\u0142\u00f3wna:<\/strong> kwiatowe, orzechowa, waniliowe<br \/>  <strong>Nuta serca:<\/strong> ja\u015bmin, konwalia, laktony, malina<br \/>  <strong>Pojemno\u015b\u0107:<\/strong> 100<br \/>  <strong>Produkt rzadki:<\/strong> nie<br \/>  <strong>Pr\u00f3bka:<\/strong> nie<br \/>  <strong>P\u0142e\u0107:<\/strong> unisex<br \/>  <strong>Rodzaj:<\/strong> woda perfumowana<br \/>  <strong>Tester:<\/strong> nie<br \/>  <strong>Zapach alternatywny:<\/strong> nie<br \/>  <strong>Zestaw:<\/strong> nie <\/p>\n","protected":false},"featured_media":56816,"comment_status":"open","ping_status":"closed","template":"","meta":{"_acf_changed":false},"kategoria-hurtowni":[87,88],"product_brand":[380],"product_cat":[76],"product_tag":[],"class_list":{"0":"post-56815","1":"product","2":"type-product","3":"status-publish","4":"has-post-thumbnail","6":"kategoria-hurtowni-perfumy","7":"kategoria-hurtowni-zapachy","8":"product_brand-lattafa","9":"product_cat-primavera","11":"first","12":"outofstock","13":"taxable","14":"shipping-taxable","15":"product-type-simple"},"acf":[],"_links":{"self":[{"href":"https:\/\/premino.pl\/index.php?rest_route=\/wp\/v2\/product\/56815","targetHints":{"allow":["GET"]}}],"collection":[{"href":"https:\/\/premino.pl\/index.php?rest_route=\/wp\/v2\/product"}],"about":[{"href":"https:\/\/premino.pl\/index.php?rest_route=\/wp\/v2\/types\/product"}],"replies":[{"embeddable":true,"href":"https:\/\/premino.pl\/index.php?rest_route=%2Fwp%2Fv2%2Fcomments&post=56815"}],"wp:featuredmedia":[{"embeddable":true,"href":"https:\/\/premino.pl\/index.php?rest_route=\/wp\/v2\/media\/56816"}],"wp:attachment":[{"href":"https:\/\/premino.pl\/index.php?rest_route=%2Fwp%2Fv2%2Fmedia&parent=56815"}],"wp:term":[{"taxonomy":"kategoria-hurtowni","embeddable":true,"href":"https:\/\/premino.pl\/index.php?rest_route=%2Fwp%2Fv2%2Fkategoria-hurtowni&post=56815"},{"taxonomy":"product_brand","embeddable":true,"href":"https:\/\/premino.pl\/index.php?rest_route=%2Fwp%2Fv2%2Fproduct_brand&post=56815"},{"taxonomy":"product_cat","embeddable":true,"href":"https:\/\/premino.pl\/index.php?rest_route=%2Fwp%2Fv2%2Fproduct_cat&post=56815"},{"taxonomy":"product_tag","embeddable":true,"href":"https:\/\/premino.pl\/index.php?rest_route=%2Fwp%2Fv2%2Fproduct_tag&post=56815"}],"curies":[{"name":"wp","href":"https:\/\/api.w.org\/{rel}","templated":true}]}}