{"id":57077,"date":"2026-05-13T18:44:42","date_gmt":"2026-05-13T16:44:42","guid":{"rendered":"https:\/\/premino.pl\/?product=juicy-tubes-blyszczyk-do-ust-20-lavender-latte-15ml"},"modified":"2026-05-13T18:44:43","modified_gmt":"2026-05-13T16:44:43","slug":"juicy-tubes-blyszczyk-do-ust-20-lavender-latte-15ml","status":"publish","type":"product","link":"https:\/\/premino.pl\/?product=juicy-tubes-blyszczyk-do-ust-20-lavender-latte-15ml","title":{"rendered":"Juicy Tubes b\u0142yszczyk do ust 20 Lavender Latte 15ml"},"content":{"rendered":"<p><b>Naci\u015bnij. B\u0142yszcz. Powt\u00f3rz.<br \/><\/b>B\u0142yszczyk gwarantuje intensywny, ultra-b\u0142yszcz\u0105cy po\u0142ysk oraz przyjemn\u0105 konsystencj\u0119, kt\u00f3r\u0105 pokochasz nak\u0142ada\u0107 wielokrotnie. Usta pozostaj\u0105 mi\u0119kkie i nawil\u017cone nawet przez 4 godziny.<\/p>\n<p><b>Stosowanie:<br \/><\/b>Mo\u017cesz u\u017cywa\u0107 solo lub jako efektownej warstwy na ulubion\u0105 szmink\u0119, by doda\u0107 jej blasku. Dla intensywniejszego koloru i wyj\u0105tkowego efektu po\u0142\u0105cz Juicy Tubes z kontur\u00f3wk\u0105 do ust \u2014 najpierw obrysuj kontur, potem pokryj ca\u0142e usta b\u0142yszczykiem.<\/p>\n<p><strong>Forma podania:<\/strong> tuba<br \/>\n<strong>Gramatura:<\/strong> ml<br \/>\n<strong>Kolor:<\/strong> 20 Lavender Latte<br \/>\n<strong>Pojemno\u015b\u0107:<\/strong> 15<br \/>\n<strong>P\u0142e\u0107:<\/strong> damski<br \/>\n<strong>S\u0142o\u0144ce:<\/strong> nie<\/p>\n<p><strong>Uwagi:<\/strong><\/p>\n<p>Nie s\u0105 wymagane \u017cadne specjalne \u015brodki ostro\u017cno\u015bci przy u\u017cywaniu tego produktu w normalnych lub racjonalnie przewidywalnych warunkach u\u017cytkowania.<\/p>\n<p><strong>Sk\u0142adniki:<\/strong><\/p>\n<p>POLYBUTENE \u2022 PENTAERYTHRITYL TETRAISOSTEARATE \u2022 C18-36 ACID TRIGLYCERIDE \u2022 TRIDECYL TRIMELLITATE \u2022 BIS-DIGLYCERYL POLYACYLADIPATE-2 \u2022 SILICA DIMETHYL SILYLATE [NANO] \/ SILICA DIMETHYL SILYLATE \u2022 PENTYLENE GLYCOL \u2022 TIN OXIDE \u2022 SODIUM SACCHARIN \u2022 AROMA \/ FLAVOR \u2022 CAPRYLYL GLYCOL \u2022 SYNTHETIC FLUORPHLOGOPITE \u2022 PENTAERYTHRITYL TETRA-DI-T-BUTYL HYDROXYHYDROCINNAMATE \u2022 CI 15850 \/ RED 7 \u2022 CI 77491 \/ IRON OXIDES \u2022 CI 77492 \/ IRON OXIDES \u2022 CI 77499 \/ IRON OXIDES \u2022 CI 77891 \/ TITANIUM DIOXIDE \u2022 CI 19140 \/ YELLOW 5 LAKE (F.I.L. N70056549\/1).<\/p>\n","protected":false},"excerpt":{"rendered":"<p> <strong>Forma podania:<\/strong> tuba<br \/>  <strong>Gramatura:<\/strong> ml<br \/>  <strong>Kolor:<\/strong> 20 Lavender Latte<br \/>  <strong>Pojemno\u015b\u0107:<\/strong> 15<br \/>  <strong>P\u0142e\u0107:<\/strong> damski<br \/>  <strong>S\u0142o\u0144ce:<\/strong> nie <\/p>\n","protected":false},"featured_media":57078,"comment_status":"open","ping_status":"closed","template":"","meta":{"_acf_changed":false},"kategoria-hurtowni":[140,83,105],"product_brand":[159],"product_cat":[76],"product_tag":[],"class_list":{"0":"post-57077","1":"product","2":"type-product","3":"status-publish","4":"has-post-thumbnail","6":"kategoria-hurtowni-blyszczyki","7":"kategoria-hurtowni-makijaz","8":"kategoria-hurtowni-makijaz-usta","9":"product_brand-lancome","10":"product_cat-primavera","12":"first","13":"outofstock","14":"taxable","15":"shipping-taxable","16":"product-type-simple"},"acf":[],"_links":{"self":[{"href":"https:\/\/premino.pl\/index.php?rest_route=\/wp\/v2\/product\/57077","targetHints":{"allow":["GET"]}}],"collection":[{"href":"https:\/\/premino.pl\/index.php?rest_route=\/wp\/v2\/product"}],"about":[{"href":"https:\/\/premino.pl\/index.php?rest_route=\/wp\/v2\/types\/product"}],"replies":[{"embeddable":true,"href":"https:\/\/premino.pl\/index.php?rest_route=%2Fwp%2Fv2%2Fcomments&post=57077"}],"wp:featuredmedia":[{"embeddable":true,"href":"https:\/\/premino.pl\/index.php?rest_route=\/wp\/v2\/media\/57078"}],"wp:attachment":[{"href":"https:\/\/premino.pl\/index.php?rest_route=%2Fwp%2Fv2%2Fmedia&parent=57077"}],"wp:term":[{"taxonomy":"kategoria-hurtowni","embeddable":true,"href":"https:\/\/premino.pl\/index.php?rest_route=%2Fwp%2Fv2%2Fkategoria-hurtowni&post=57077"},{"taxonomy":"product_brand","embeddable":true,"href":"https:\/\/premino.pl\/index.php?rest_route=%2Fwp%2Fv2%2Fproduct_brand&post=57077"},{"taxonomy":"product_cat","embeddable":true,"href":"https:\/\/premino.pl\/index.php?rest_route=%2Fwp%2Fv2%2Fproduct_cat&post=57077"},{"taxonomy":"product_tag","embeddable":true,"href":"https:\/\/premino.pl\/index.php?rest_route=%2Fwp%2Fv2%2Fproduct_tag&post=57077"}],"curies":[{"name":"wp","href":"https:\/\/api.w.org\/{rel}","templated":true}]}}