{"id":59098,"date":"2026-05-13T18:57:48","date_gmt":"2026-05-13T16:57:48","guid":{"rendered":"https:\/\/premino.pl\/?product=oud-silk-mood-woda-perfumowana-spray-70ml"},"modified":"2026-05-13T18:57:49","modified_gmt":"2026-05-13T16:57:49","slug":"oud-silk-mood-woda-perfumowana-spray-70ml","status":"publish","type":"product","link":"https:\/\/premino.pl\/?product=oud-silk-mood-woda-perfumowana-spray-70ml","title":{"rendered":"Oud Silk Mood woda perfumowana spray 70ml"},"content":{"rendered":"<p>Pe\u0142en tajemnic, z\u0142o\u017cony i zarazem ol\u015bniewaj\u0105cy \u2013 zapach Maison Francis Kurkdjian Oud Silk Mood uwodzi subteln\u0105 nieodgadniono\u015bci\u0105, tworz\u0105c niezwyk\u0142\u0105 kompozycj\u0119 dla kobiet i m\u0119\u017cczyzn.<\/p>\n<p><b>Nuty zapachowe:<br \/><\/b><br \/><b>Nuta g\u0142owy: <\/b>r\u00f3\u017ca bu\u0142garska, rumianek, bergamotka<br \/><b>Nuta serca: <\/b>drzewo gwajakowe, hedione<br \/><b>Nuta bazy: <\/b>\ufeffagar (oud), papirus<\/p>\n<p><strong>Gramatura:<\/strong> ml<br \/>\n<strong>Linia k\u0105pielowa:<\/strong> nie<br \/>\n<strong>Miniatura:<\/strong> nie<br \/>\n<strong>Nuta bazy:<\/strong> papirus, \ufeffagar (oud)<br \/>\n<strong>Nuta g\u0142owy:<\/strong> bergamotka, rumianek, r\u00f3\u017ca bu\u0142garska<br \/>\n<strong>Nuta g\u0142\u00f3wna:<\/strong> drzewne, kwiatowe<br \/>\n<strong>Nuta serca:<\/strong> drzewo gwajakowe, hedione<br \/>\n<strong>Pojemno\u015b\u0107:<\/strong> 70<br \/>\n<strong>Produkt rzadki:<\/strong> tak<br \/>\n<strong>Pr\u00f3bka:<\/strong> nie<br \/>\n<strong>P\u0142e\u0107:<\/strong> unisex<br \/>\n<strong>Rodzaj:<\/strong> woda perfumowana<br \/>\n<strong>Tester:<\/strong> nie<br \/>\n<strong>Zapach alternatywny:<\/strong> nie<\/p>\n<p><strong>Uwagi:<\/strong><\/p>\n<p>Produkt przechowywa\u0107 z dala od ognia i \u017ar\u00f3de\u0142 ciep\u0142a. Trzyma\u0107 w miejscu niedost\u0119pnym dla dzieci. Nie stosowa\u0107 na podra\u017cnion\u0105 lub uszkodzon\u0105 sk\u00f3r\u0119. Unika\u0107 kontaktu z oczami.<\/p>\n<p><strong>Sk\u0142adniki:<\/strong><\/p>\n<p>ALCOHOL; PARFUM (FRAGRANCE); AQUA (WATER); ALPHA-ISOMETHYL IONONE; LINALOOL; CITRONELLOL; GERANIOL; BUTYL METHOXYDIBENZOYLMETHANE; ETHYLHEXYL METHOXYCINNAMATE;COUMARIN;BENZYL BENZOATE; BHT; CINNAMYL ALCOHOL; LIMONENE; CITRAL; EUGENOL; FARNESOL; CINNAMAL; BENZYL ALCOHOL; CI 60730 (EXT. VIOLET 2); CI 42090 (BLUE 1).<\/p>\n","protected":false},"excerpt":{"rendered":"<p> <strong>Gramatura:<\/strong> ml<br \/>  <strong>Linia k\u0105pielowa:<\/strong> nie<br \/>  <strong>Miniatura:<\/strong> nie<br \/>  <strong>Nuta bazy:<\/strong> papirus, \ufeffagar (oud)<br \/>  <strong>Nuta g\u0142owy:<\/strong> bergamotka, rumianek, r\u00f3\u017ca bu\u0142garska<br \/>  <strong>Nuta g\u0142\u00f3wna:<\/strong> drzewne, kwiatowe<br \/>  <strong>Nuta serca:<\/strong> drzewo gwajakowe, hedione<br \/>  <strong>Pojemno\u015b\u0107:<\/strong> 70<br \/>  <strong>Produkt rzadki:<\/strong> tak<br \/>  <strong>Pr\u00f3bka:<\/strong> nie<br \/>  <strong>P\u0142e\u0107:<\/strong> unisex<br \/>  <strong>Rodzaj:<\/strong> woda perfumowana<br \/>  <strong>Tester:<\/strong> nie<br \/>  <strong>Zapach alternatywny:<\/strong> nie <\/p>\n","protected":false},"featured_media":59099,"comment_status":"open","ping_status":"closed","template":"","meta":{"_acf_changed":false},"kategoria-hurtowni":[87,88],"product_brand":[820],"product_cat":[76],"product_tag":[],"class_list":{"0":"post-59098","1":"product","2":"type-product","3":"status-publish","4":"has-post-thumbnail","6":"kategoria-hurtowni-perfumy","7":"kategoria-hurtowni-zapachy","8":"product_brand-maison-francis-kurkdjian","9":"product_cat-primavera","11":"first","12":"outofstock","13":"taxable","14":"shipping-taxable","15":"product-type-simple"},"acf":[],"_links":{"self":[{"href":"https:\/\/premino.pl\/index.php?rest_route=\/wp\/v2\/product\/59098","targetHints":{"allow":["GET"]}}],"collection":[{"href":"https:\/\/premino.pl\/index.php?rest_route=\/wp\/v2\/product"}],"about":[{"href":"https:\/\/premino.pl\/index.php?rest_route=\/wp\/v2\/types\/product"}],"replies":[{"embeddable":true,"href":"https:\/\/premino.pl\/index.php?rest_route=%2Fwp%2Fv2%2Fcomments&post=59098"}],"wp:featuredmedia":[{"embeddable":true,"href":"https:\/\/premino.pl\/index.php?rest_route=\/wp\/v2\/media\/59099"}],"wp:attachment":[{"href":"https:\/\/premino.pl\/index.php?rest_route=%2Fwp%2Fv2%2Fmedia&parent=59098"}],"wp:term":[{"taxonomy":"kategoria-hurtowni","embeddable":true,"href":"https:\/\/premino.pl\/index.php?rest_route=%2Fwp%2Fv2%2Fkategoria-hurtowni&post=59098"},{"taxonomy":"product_brand","embeddable":true,"href":"https:\/\/premino.pl\/index.php?rest_route=%2Fwp%2Fv2%2Fproduct_brand&post=59098"},{"taxonomy":"product_cat","embeddable":true,"href":"https:\/\/premino.pl\/index.php?rest_route=%2Fwp%2Fv2%2Fproduct_cat&post=59098"},{"taxonomy":"product_tag","embeddable":true,"href":"https:\/\/premino.pl\/index.php?rest_route=%2Fwp%2Fv2%2Fproduct_tag&post=59098"}],"curies":[{"name":"wp","href":"https:\/\/api.w.org\/{rel}","templated":true}]}}