{"id":59698,"date":"2026-05-13T19:01:54","date_gmt":"2026-05-13T17:01:54","guid":{"rendered":"https:\/\/premino.pl\/?product=face-scrub-apricot-delikatny-peeling-do-twarzy-z-morela-50ml"},"modified":"2026-05-13T19:01:56","modified_gmt":"2026-05-13T17:01:56","slug":"face-scrub-apricot-delikatny-peeling-do-twarzy-z-morela-50ml","status":"publish","type":"product","link":"https:\/\/premino.pl\/?product=face-scrub-apricot-delikatny-peeling-do-twarzy-z-morela-50ml","title":{"rendered":"Face Scrub Apricot delikatny peeling do twarzy z morel\u0105 50ml"},"content":{"rendered":"<p>Delikatny peeling do twarzy\u00a0Face Scrub Apricot\u00a0inspirowany soczystym owocem regionu Morza \u015ar\u00f3dziemnego, kt\u00f3ry oczyszcza sk\u00f3r\u0119, nie powoduj\u0105c jej odwodnienia.<\/p>\n<p>\u2022 Drobno zmielone pestki moreli i jojoba delikatnie usuwaj\u0105 martwe kom\u00f3rki nask\u00f3rka, wyg\u0142adzaj\u0105c sk\u00f3r\u0119 i przywracaj\u0105c jej naturalny blask.<br \/>\u2022 Ekstrakt z moreli, mi\u00f3d z greckiego tymianku, ekstrakt z og\u00f3rka oraz olejki eteryczne z geranium i lawendy poprawiaj\u0105 struktur\u0119 sk\u00f3ry, nadaj\u0105c jej mi\u0119kko\u015b\u0107 i \u015bwie\u017cy, m\u0142odzie\u0144czy wygl\u0105d.<br \/>\u2022 Napar z dzikiej r\u00f3\u017cy zapewnia dodatkow\u0105 ochron\u0119 antyoksydacyjn\u0105.<br \/>\u2022 Zamiast wody zastosowano w pe\u0142ni antyoksydacyjny napar z dzikiej r\u00f3\u017cy, kt\u00f3ry wzmacnia dzia\u0142anie piel\u0119gnacyjne formu\u0142y.<\/p>\n<p>Formu\u0142a zawieraj\u0105ca 94% sk\u0142adnik\u00f3w pochodzenia naturalnego.<\/p>\n<p><b>Spos\u00f3b u\u017cycia:<\/b>\u00a0Delikatnie wmasuj w czyst\u0105 i wilgotn\u0105 sk\u00f3r\u0119 okr\u0119\u017cnymi ruchami, omijaj\u0105c okolice oczu. Dobrze sp\u0142ucz wod\u0105. Stosowa\u0107 1-2 razy w tygodniu.<\/p>\n<p><strong>Dzia\u0142anie:<\/strong> chroni, oczyszczaj\u0105ce, wyg\u0142adza, wyr\u00f3wnuje koloryt sk\u00f3ry, z\u0142uszcza nask\u00f3rek<br \/>\n<strong>Gramatura:<\/strong> ml<br \/>\n<strong>Konsystencja:<\/strong> peeling<br \/>\n<strong>Linie elitarne:<\/strong> nie<br \/>\n<strong>Piel\u0119gnacja specyficzna:<\/strong> nie<br \/>\n<strong>Pojemno\u015b\u0107:<\/strong> 50<br \/>\n<strong>Pora stosowania:<\/strong> raz na jaki\u015b czas<br \/>\n<strong>P\u0142e\u0107:<\/strong> damski<br \/>\n<strong>S\u0142o\u0144ce:<\/strong> nie<br \/>\n<strong>Typ sk\u00f3ry:<\/strong> mieszana\/t\u0142usta, normalna, sucha<\/p>\n<p><strong>Uwagi:<\/strong><\/p>\n<p>Unikaj kontaktu z oczami. Produkt do u\u017cytku zewn\u0119trznego.<\/p>\n<p><strong>Sk\u0142adniki:<\/strong><\/p>\n<p>Aqua\/Water\/Eau**, Glycerin, Sorbitol, Cellulose Acetate, Aqua\/Water\/Eau, PPG-26-Buteth-26, PEG-40 Hydrogenated Castor Oil, Sodium Carbomer, Prunus Armeniaca (Apricot) Fruit* Extract, Prunus Armeniaca (Apricot) Seed Powder, Mel\/Honey\/Miel, Rosa Canina Fruit* Extract, Talc, Lavandula Angustifolia (Lavender) Oil*, Pelargonium Graveolens Flower Oil*, Cucumis Sativus (Cucumber) Fruit Extract, Panthenol, Jojoba Esters, Bisabolol, Citric Acid, Ethylhexylglycerin, Sodium Gluconate, Hydroxyacetophenone, Allantoin, Parfum\/Fragrance, Hexyl Cinnamal, Limonene, Linalool, CI 73360\/Red 30 Lake.<\/p>\n<p>*Uprawa ekologiczna **Rosa Canina Fruit* Napar wodny=Napar z dzikiej r\u00f3\u017cy<\/p>\n","protected":false},"excerpt":{"rendered":"<p> <strong>Dzia\u0142anie:<\/strong> chroni, oczyszczaj\u0105ce, wyg\u0142adza, wyr\u00f3wnuje koloryt sk\u00f3ry, z\u0142uszcza nask\u00f3rek<br \/>  <strong>Gramatura:<\/strong> ml<br \/>  <strong>Konsystencja:<\/strong> peeling<br \/>  <strong>Linie elitarne:<\/strong> nie<br \/>  <strong>Piel\u0119gnacja specyficzna:<\/strong> nie<br \/>  <strong>Pojemno\u015b\u0107:<\/strong> 50<br \/>  <strong>Pora stosowania:<\/strong> raz na jaki\u015b czas<br \/>  <strong>P\u0142e\u0107:<\/strong> damski<br \/>  <strong>S\u0142o\u0144ce:<\/strong> nie<br \/>  <strong>Typ sk\u00f3ry:<\/strong> mieszana\/t\u0142usta, normalna, sucha <\/p>\n","protected":false},"featured_media":59699,"comment_status":"open","ping_status":"closed","template":"","meta":{"_acf_changed":false},"kategoria-hurtowni":[100,101,102],"product_brand":[961],"product_cat":[76],"product_tag":[],"class_list":{"0":"post-59698","1":"product","2":"type-product","3":"status-publish","4":"has-post-thumbnail","6":"kategoria-hurtowni-eco-bio","7":"kategoria-hurtowni-pielegnacja-twarzy","8":"kategoria-hurtowni-twarz","9":"product_brand-apivita","10":"product_cat-primavera","12":"first","13":"outofstock","14":"taxable","15":"shipping-taxable","16":"product-type-simple"},"acf":[],"_links":{"self":[{"href":"https:\/\/premino.pl\/index.php?rest_route=\/wp\/v2\/product\/59698","targetHints":{"allow":["GET"]}}],"collection":[{"href":"https:\/\/premino.pl\/index.php?rest_route=\/wp\/v2\/product"}],"about":[{"href":"https:\/\/premino.pl\/index.php?rest_route=\/wp\/v2\/types\/product"}],"replies":[{"embeddable":true,"href":"https:\/\/premino.pl\/index.php?rest_route=%2Fwp%2Fv2%2Fcomments&post=59698"}],"wp:featuredmedia":[{"embeddable":true,"href":"https:\/\/premino.pl\/index.php?rest_route=\/wp\/v2\/media\/59699"}],"wp:attachment":[{"href":"https:\/\/premino.pl\/index.php?rest_route=%2Fwp%2Fv2%2Fmedia&parent=59698"}],"wp:term":[{"taxonomy":"kategoria-hurtowni","embeddable":true,"href":"https:\/\/premino.pl\/index.php?rest_route=%2Fwp%2Fv2%2Fkategoria-hurtowni&post=59698"},{"taxonomy":"product_brand","embeddable":true,"href":"https:\/\/premino.pl\/index.php?rest_route=%2Fwp%2Fv2%2Fproduct_brand&post=59698"},{"taxonomy":"product_cat","embeddable":true,"href":"https:\/\/premino.pl\/index.php?rest_route=%2Fwp%2Fv2%2Fproduct_cat&post=59698"},{"taxonomy":"product_tag","embeddable":true,"href":"https:\/\/premino.pl\/index.php?rest_route=%2Fwp%2Fv2%2Fproduct_tag&post=59698"}],"curies":[{"name":"wp","href":"https:\/\/api.w.org\/{rel}","templated":true}]}}