{"id":60077,"date":"2026-05-13T19:04:51","date_gmt":"2026-05-13T17:04:51","guid":{"rendered":"https:\/\/premino.pl\/?product=pomadka-do-ust-253-4g"},"modified":"2026-05-13T19:04:52","modified_gmt":"2026-05-13T17:04:52","slug":"pomadka-do-ust-253-4g","status":"publish","type":"product","link":"https:\/\/premino.pl\/?product=pomadka-do-ust-253-4g","title":{"rendered":"Pomadka do ust 253 4g"},"content":{"rendered":"<p>Poznaj limitowan\u0105, wiosenn\u0105 kolekcj\u0119 pomadek Celia w pe\u0142nych kobieco\u015bci odcieniach. Romantyczne i subtelne tonacje inspirowane piwoni\u0105 oraz r\u00f3\u017canym nude to absolutny hit tego sezonu! Aksamitna, lekka formu\u0142a wzbogacona o od\u017cywcze sk\u0142adniki intensywnie nawil\u017ca i piel\u0119gnuje usta, otulaj\u0105c je delikatnym, zmys\u0142owym kolorem wprost stworzonym na wiosn\u0119. Postaw na makija\u017c w kwiatowej palecie barw i wybierz pomadk\u0119 Celia, kt\u00f3ra podkre\u015bli Tw\u00f3j urok i doda Ci \u015bwie\u017co\u015bci ka\u017cdego dnia.<\/p>\n<p><b>Spos\u00f3b u\u017cycia:\u00a0<\/b>Na\u0142\u00f3\u017c pomadk\u0119 na usta, zaczynaj\u0105c od \u015brodkowej cz\u0119\u015bci i delikatnie rozprowadzaj\u0105c j\u0105 ku k\u0105cikom.<\/p>\n<p><strong>Gramatura:<\/strong> g<br \/>\n<strong>Kolor:<\/strong> 253<br \/>\n<strong>Pojemno\u015b\u0107:<\/strong> 4<br \/>\n<strong>P\u0142e\u0107:<\/strong> damski<br \/>\n<strong>Rodzaj:<\/strong> kremowe<br \/>\n<strong>S\u0142o\u0144ce:<\/strong> nie<\/p>\n<p><strong>Uwagi:<\/strong><\/p>\n<p>Tylko do u\u017cytku zewn\u0119trznego.<\/p>\n<p><strong>Sk\u0142adniki:<\/strong><\/p>\n<p>Ricinus Communis Seed Oil, Octyldodecanol, Cera Microcristallina, Mica, Petrolatum, Cera Alba, Butyrospermum Parkii Butter, Caprylic\/Capric Triglyceride, Paraffin, Talc, Glycol Montanate, Synthetic Wax, Aloe Barbadensis Leaf Extract, Helianthus Annuus Seed Oil, Ascorbyl Palmitate, PEG-8, Tocopherol, Ascorbic Acid, Citric Acid, Phenoxyethanol, Caprylyl Glycol, Polyhydroxystearic Acid, Aroma, BHT, oraz barwniki CI 77891, CI 15850, CI 77499, CI 77492, CI 19140, CI 77491<\/p>\n","protected":false},"excerpt":{"rendered":"<p> <strong>Gramatura:<\/strong> g<br \/>  <strong>Kolor:<\/strong> 253<br \/>  <strong>Pojemno\u015b\u0107:<\/strong> 4<br \/>  <strong>P\u0142e\u0107:<\/strong> damski<br \/>  <strong>Rodzaj:<\/strong> kremowe<br \/>  <strong>S\u0142o\u0144ce:<\/strong> nie <\/p>\n","protected":false},"featured_media":60078,"comment_status":"open","ping_status":"closed","template":"","meta":{"_acf_changed":false},"kategoria-hurtowni":[83,105,106],"product_brand":[288],"product_cat":[76],"product_tag":[],"class_list":{"0":"post-60077","1":"product","2":"type-product","3":"status-publish","4":"has-post-thumbnail","6":"kategoria-hurtowni-makijaz","7":"kategoria-hurtowni-makijaz-usta","8":"kategoria-hurtowni-pomadki","9":"product_brand-celia","10":"product_cat-primavera","12":"first","13":"outofstock","14":"taxable","15":"shipping-taxable","16":"product-type-simple"},"acf":[],"_links":{"self":[{"href":"https:\/\/premino.pl\/index.php?rest_route=\/wp\/v2\/product\/60077","targetHints":{"allow":["GET"]}}],"collection":[{"href":"https:\/\/premino.pl\/index.php?rest_route=\/wp\/v2\/product"}],"about":[{"href":"https:\/\/premino.pl\/index.php?rest_route=\/wp\/v2\/types\/product"}],"replies":[{"embeddable":true,"href":"https:\/\/premino.pl\/index.php?rest_route=%2Fwp%2Fv2%2Fcomments&post=60077"}],"wp:featuredmedia":[{"embeddable":true,"href":"https:\/\/premino.pl\/index.php?rest_route=\/wp\/v2\/media\/60078"}],"wp:attachment":[{"href":"https:\/\/premino.pl\/index.php?rest_route=%2Fwp%2Fv2%2Fmedia&parent=60077"}],"wp:term":[{"taxonomy":"kategoria-hurtowni","embeddable":true,"href":"https:\/\/premino.pl\/index.php?rest_route=%2Fwp%2Fv2%2Fkategoria-hurtowni&post=60077"},{"taxonomy":"product_brand","embeddable":true,"href":"https:\/\/premino.pl\/index.php?rest_route=%2Fwp%2Fv2%2Fproduct_brand&post=60077"},{"taxonomy":"product_cat","embeddable":true,"href":"https:\/\/premino.pl\/index.php?rest_route=%2Fwp%2Fv2%2Fproduct_cat&post=60077"},{"taxonomy":"product_tag","embeddable":true,"href":"https:\/\/premino.pl\/index.php?rest_route=%2Fwp%2Fv2%2Fproduct_tag&post=60077"}],"curies":[{"name":"wp","href":"https:\/\/api.w.org\/{rel}","templated":true}]}}