{"id":60223,"date":"2026-05-13T19:05:57","date_gmt":"2026-05-13T17:05:57","guid":{"rendered":"https:\/\/premino.pl\/?product=azelaic-acid-peptide-facial-cream-kojacy-krem-do-twarzy-55ml"},"modified":"2026-05-13T19:05:58","modified_gmt":"2026-05-13T17:05:58","slug":"azelaic-acid-peptide-facial-cream-kojacy-krem-do-twarzy-55ml","status":"publish","type":"product","link":"https:\/\/premino.pl\/?product=azelaic-acid-peptide-facial-cream-kojacy-krem-do-twarzy-55ml","title":{"rendered":"Azelaic Acid Peptide Facial Cream koj\u0105cy krem do twarzy 55ml"},"content":{"rendered":"<p><b>Krem do  twarzy:<\/b><br \/>    &#8211; D\u0142ugotrwale nawil\u017ca: Zapewnia sk\u00f3rze intensywne nawil\u017cenie i tworzy  barier\u0119 ochronn\u0105, zapobiegaj\u0105c\u0105 odparowywaniu wilgoci, utrzymuj\u0105c j\u0105  nawil\u017con\u0105 przez d\u0142ugi czas.<br \/>    &#8211; Wzmacnia barier\u0119 ochronn\u0105 sk\u00f3ry: Pomaga wzmocni\u0107 barier\u0119 ochronn\u0105 sk\u00f3ry i  chroni\u0107 j\u0105 przed zewn\u0119trznymi czynnikami dra\u017cni\u0105cymi.<br \/>    &#8211; Od\u017cywia sk\u00f3r\u0119: Dostarcza r\u00f3\u017cnorodne sk\u0142adniki od\u017cywcze, aby sk\u00f3ra by\u0142a  zdrowa i promienna.<br \/>    &#8211; Poprawia elastyczno\u015b\u0107 sk\u00f3ry i redukuje zmarszczki: Mo\u017ce poprawi\u0107 elastyczno\u015b\u0107  sk\u00f3ry i pom\u00f3c w redukcji drobnych i g\u0142\u0119bokich zmarszczek.<br \/>    &#8211; Poprawia koloryt sk\u00f3ry i zapewnia efekt wybielaj\u0105cy: Mo\u017ce rozja\u015bni\u0107  matowy koloryt sk\u00f3ry i pom\u00f3c z\u0142agodzi\u0107 przebarwienia.<br \/>    &#8211; \u0141agodzi i chroni sk\u00f3r\u0119: Mo\u017ce pom\u00f3c ukoi\u0107 i chroni\u0107 sk\u00f3r\u0119, kt\u00f3ra sta\u0142a si\u0119  wra\u017cliwa pod wp\u0142ywem bod\u017ac\u00f3w zewn\u0119trznych.<br \/>    &#8211; Reguluje r\u00f3wnowag\u0119 nawil\u017cenia i nat\u0142uszczenia sk\u00f3ry: Kremy do twarzy  opracowane dla okre\u015blonych typ\u00f3w sk\u00f3ry mog\u0105 pom\u00f3c w wyr\u00f3wnaniu poziomu  nawil\u017cenia i nat\u0142uszczenia, redukuj\u0105c b\u0142yszczenie lub \u0142agodz\u0105c sucho\u015b\u0107.<\/p>\n<p><b>Kwas azelainowy:<\/b><br \/>&#8211; Z\u0142uszczanie: Delikatnie z\u0142uszcza sk\u00f3r\u0119, oczyszczaj\u0105c pory i redukuj\u0105c widoczno\u015b\u0107 tr\u0105dziku i zask\u00f3rnik\u00f3w.<br \/>&#8211; \u0141agodzenie: Zmniejsza zaczerwienienia i stany zapalne, koj\u0105c sk\u00f3r\u0119 i wyr\u00f3wnuj\u0105c koloryt, idealny w przypadku tr\u0105dziku r\u00f3\u017cowatego.<br \/>&#8211; Poprawa kolorytu sk\u00f3ry: Rozja\u015bnia koloryt sk\u00f3ry poprzez hamowanie produkcji melaniny, pomagaj\u0105c rozja\u015bni\u0107 przebarwienia i hiperpigmentacj\u0119.<br \/>&#8211; Zapobieganie tr\u0105dzikowi: Zwalcza bakterie wywo\u0142uj\u0105ce tr\u0105dzik, zapobiegaj\u0105c wypryskom i wspieraj\u0105c czystsz\u0105, zdrowsz\u0105 cer\u0119.<\/p>\n<p><b>Peptyd:<\/b><br \/>&#8211; Wyg\u0142adzanie zmarszczek: Wspomaga produkcj\u0119 kolagenu, poprawiaj\u0105c j\u0119drno\u015b\u0107 i redukuj\u0105c drobne linie i zmarszczki.<br \/>&#8211; \u0141agodzenie: Zmniejsza stany zapalne, \u0142agodz\u0105c podra\u017cnienia i przyspieszaj\u0105c regeneracj\u0119 tkanek, zapewniaj\u0105c zdrow\u0105 cer\u0119.<br \/>&#8211; Wzmocnienie bariery sk\u00f3rnej: Wzmacnia barier\u0119 sk\u00f3rn\u0105, chroni\u0105c przed czynnikami \u015brodowiskowymi.<\/p>\n<p><b>Stosowanie:<\/b><br \/>Nanie\u015b\u0107 odpowiedni\u0105 ilo\u015b\u0107 na twarz.<\/p>\n<p><strong>Dzia\u0142anie:<\/strong> chroni, nawil\u017caj\u0105ce, od\u017cywcze, redukuje zmarszczki, regeneruje, uelastycznia, wyg\u0142adza, z\u0142uszcza nask\u00f3rek, \u0142agodzi podra\u017cnienia<br \/>\n<strong>Gramatura:<\/strong> ml<br \/>\n<strong>Konsystencja:<\/strong> krem<br \/>\n<strong>Linie elitarne:<\/strong> nie<br \/>\n<strong>Piel\u0119gnacja specyficzna:<\/strong> nie<br \/>\n<strong>Pojemno\u015b\u0107:<\/strong> 55<br \/>\n<strong>Pora stosowania:<\/strong> dowolnie<br \/>\n<strong>P\u0142e\u0107:<\/strong> damski<br \/>\n<strong>Rodzaj sk\u00f3ry:<\/strong> wra\u017cliwa<br \/>\n<strong>S\u0142o\u0144ce:<\/strong> nie<br \/>\n<strong>Typ sk\u00f3ry:<\/strong> mieszana\/t\u0142usta, normalna, sucha<\/p>\n<p><strong>Uwagi:<\/strong><\/p>\n<p>Wy\u0142\u0105cznie do u\u017cytku zewn\u0119trznego. Zaprzesta\u0107 stosowania w przypadku wyst\u0105pienia podra\u017cnienia lub wysypki. Nie stosowa\u0107 na otwarte rany. Przechowywa\u0107 poza zasi\u0119giem dzieci.<\/p>\n<p><strong>Sk\u0142adniki:<\/strong><\/p>\n<p>Aqua(Water), Centella Asiatica Leaf Water, Glycerin, Cetyl Ethylhexanoate, Butylene Glycol, Polyglyceryl-3 Methylglucose Distearate, 1,2-Hexanediol, Stearic Acid, Silica, Glyceryl Stearate, Sodium Polyacryloyldimethyl Taurate, Propanediol, Beeswax, Hydroxyacetophenone, Butyrospermum Parkii (Shea) Butter, Macadamia Integrifolia Seed Oil, Hydrogenated Polydecene, Betaine, Trehalose, Citric Acid, Trideceth-10, Disodium EDTA, Sodium Citrate, Dipotassium Glycyrrhizate, Azelaic Acid, Dipropylene Glycol, Squalane, Asiaticoside, Madecassic Acid, Asiatic Acid, Sodium Hyaluronate, Melaleuca Alternifolia (Tea Tree) Leaf Extract, Hippophae Rhamnoides Fruit Extract, Ethylhexylglycerin, Hydrolyzed Collagen, Beta-Glucan, Caprylyl Glycol, Nelumbium Speciosum Flower Extract, Artemisia Annua Extract, Oryza Sativa (Rice) Extract, Saccharomyces Ferment, Solanum Melongena (Eggplant) Fruit Extract, sh-Oligopeptide-1<\/p>\n","protected":false},"excerpt":{"rendered":"<p> <strong>Dzia\u0142anie:<\/strong> chroni, nawil\u017caj\u0105ce, od\u017cywcze, redukuje zmarszczki, regeneruje, uelastycznia, wyg\u0142adza, z\u0142uszcza nask\u00f3rek, \u0142agodzi podra\u017cnienia<br \/>  <strong>Gramatura:<\/strong> ml<br \/>  <strong>Konsystencja:<\/strong> krem<br \/>  <strong>Linie elitarne:<\/strong> nie<br \/>  <strong>Piel\u0119gnacja specyficzna:<\/strong> nie<br \/>  <strong>Pojemno\u015b\u0107:<\/strong> 55<br \/>  <strong>Pora stosowania:<\/strong> dowolnie<br \/>  <strong>P\u0142e\u0107:<\/strong> damski<br \/>  <strong>Rodzaj sk\u00f3ry:<\/strong> wra\u017cliwa<br \/>  <strong>S\u0142o\u0144ce:<\/strong> nie<br \/>  <strong>Typ sk\u00f3ry:<\/strong> mieszana\/t\u0142usta, normalna, sucha <\/p>\n","protected":false},"featured_media":60224,"comment_status":"open","ping_status":"closed","template":"","meta":{"_acf_changed":false},"kategoria-hurtowni":[90,109,110],"product_brand":[970],"product_cat":[76],"product_tag":[],"class_list":{"0":"post-60223","1":"product","2":"type-product","3":"status-publish","4":"has-post-thumbnail","6":"kategoria-hurtowni-pielegnacja","7":"kategoria-hurtowni-pielegnacja-twarzy-pielegnacja","8":"kategoria-hurtowni-twarz-pielegnacja-twarzy-pielegnacja","9":"product_brand-aplb","10":"product_cat-primavera","12":"first","13":"outofstock","14":"taxable","15":"shipping-taxable","16":"product-type-simple"},"acf":[],"_links":{"self":[{"href":"https:\/\/premino.pl\/index.php?rest_route=\/wp\/v2\/product\/60223","targetHints":{"allow":["GET"]}}],"collection":[{"href":"https:\/\/premino.pl\/index.php?rest_route=\/wp\/v2\/product"}],"about":[{"href":"https:\/\/premino.pl\/index.php?rest_route=\/wp\/v2\/types\/product"}],"replies":[{"embeddable":true,"href":"https:\/\/premino.pl\/index.php?rest_route=%2Fwp%2Fv2%2Fcomments&post=60223"}],"wp:featuredmedia":[{"embeddable":true,"href":"https:\/\/premino.pl\/index.php?rest_route=\/wp\/v2\/media\/60224"}],"wp:attachment":[{"href":"https:\/\/premino.pl\/index.php?rest_route=%2Fwp%2Fv2%2Fmedia&parent=60223"}],"wp:term":[{"taxonomy":"kategoria-hurtowni","embeddable":true,"href":"https:\/\/premino.pl\/index.php?rest_route=%2Fwp%2Fv2%2Fkategoria-hurtowni&post=60223"},{"taxonomy":"product_brand","embeddable":true,"href":"https:\/\/premino.pl\/index.php?rest_route=%2Fwp%2Fv2%2Fproduct_brand&post=60223"},{"taxonomy":"product_cat","embeddable":true,"href":"https:\/\/premino.pl\/index.php?rest_route=%2Fwp%2Fv2%2Fproduct_cat&post=60223"},{"taxonomy":"product_tag","embeddable":true,"href":"https:\/\/premino.pl\/index.php?rest_route=%2Fwp%2Fv2%2Fproduct_tag&post=60223"}],"curies":[{"name":"wp","href":"https:\/\/api.w.org\/{rel}","templated":true}]}}