{"id":60471,"date":"2026-05-13T19:07:37","date_gmt":"2026-05-13T17:07:37","guid":{"rendered":"https:\/\/premino.pl\/?product=toy-cleaner-srodek-do-czyszczenia-gadzetow-erotycznych-300ml"},"modified":"2026-05-13T19:07:37","modified_gmt":"2026-05-13T17:07:37","slug":"toy-cleaner-srodek-do-czyszczenia-gadzetow-erotycznych-300ml","status":"publish","type":"product","link":"https:\/\/premino.pl\/?product=toy-cleaner-srodek-do-czyszczenia-gadzetow-erotycznych-300ml","title":{"rendered":"Toy Cleaner \u015brodek do czyszczenia gad\u017cet\u00f3w erotycznych 300ml"},"content":{"rendered":"<p>Spray dezynfekuj\u0105cy Toy Cleaner to absolutny niezb\u0119dnik dla ka\u017cdego mi\u0142o\u015bnika gad\u017cet\u00f3w. Ten por\u0119czny spray sprawi, \u017ce Twoja kolekcja Satisfyer&#8217;\u00f3w pozostanie nieskazitelnie czysta, wolna od zarazk\u00f3w i zawsze gotowa na kolejne przyjemne doznania.<\/p>\n<p><b>Dlaczego warto u\u017cywa\u0107 Satisfyer Toy Cleaner?<br \/><\/b>Tw\u00f3j Satisfyer zosta\u0142 stworzony, by dostarcza\u0107 Ci regularnych, intensywnych i zapieraj\u0105cych dech w piersiach orgazm\u00f3w. Aby utrzyma\u0107 t\u0119 jako\u015b\u0107 i cieszy\u0107 si\u0119 d\u0142ugotrwa\u0142\u0105 satysfakcj\u0105, niezb\u0119dne jest dok\u0142adne czyszczenie i piel\u0119gnacja.<\/p>\n<p>Satisfyer Toy Cleaner zosta\u0142 opracowany specjalnie z my\u015bl\u0105 o wszystkich produktach intymnych. Jego<b> formu\u0142a na bazie alkoholu skutecznie usuwa brud, grzyby, bakterie i wirusy<\/b>, nie niszcz\u0105c przy tym materia\u0142u. Niezale\u017cnie od tego, czy Tw\u00f3j gad\u017cet wykonany jest z silikonu, szk\u0142a czy plastiku \u2013 Satisfyer Toy Cleaner sprawi, \u017ce pozostanie higienicznie czysty i zawsze gotowy na kolejn\u0105 sesj\u0119 przyjemno\u015bci.<\/p>\n<p>Unikaj stosowania zwyk\u0142ych \u015brodk\u00f3w dezynfekuj\u0105cych, poniewa\u017c mog\u0105 one uszkodzi\u0107 delikatn\u0105 powierzchni\u0119 gad\u017cet\u00f3w, a tak\u017ce podra\u017cni\u0107 sk\u00f3r\u0119, je\u015bli zabawka zostanie u\u017cyta tu\u017c po czyszczeniu. Wystarczy spryska\u0107 gad\u017cet preparatem, przetrze\u0107 lub pozostawi\u0107 do wyschni\u0119cia na powietrzu<b> bez konieczno\u015bci sp\u0142ukiwania<\/b>. Dzi\u0119ki temu Tw\u00f3j\u00a0 Satisfyer zawsze pozostaje higienicznie czysty i gotowy do dzia\u0142ania!<\/p>\n<p><b>Jak u\u017cywa\u0107 Satisfyer Toy Cleaner?<br \/><\/b>Praktyczny atomizer sprawia, \u017ce spryskanie zabawki \u015brodkiem dezynfekuj\u0105cym jest wyj\u0105tkowo proste. Najpierw umyj j\u0105 w ciep\u0142ej wodzie z myd\u0142em, a nast\u0119pnie osusz mi\u0119kk\u0105, niepyl\u0105c\u0105 \u015bciereczk\u0105. Wi\u0119kszo\u015b\u0107 produkt\u00f3w Satisfyer jest wodoodporna (IPX7), wi\u0119c nie musisz obawia\u0107 si\u0119 mycia wod\u0105 (koniecznie zapoznaj si\u0119 z instrukcj\u0105 obs\u0142ugi!). Nast\u0119pnie obficie spryskaj gad\u017cet preparatem i pozostaw na 5\u201310 minut. Na ko\u0144cu przetrzyj go \u015bciereczk\u0105 lub pozw\u00f3l wyschn\u0105\u0107 samoistnie \u2013 i Tw\u00f3j Satisfyer zn\u00f3w jest gotowy do akcji.<\/p>\n<p><strong>Gramatura:<\/strong> ml<br \/>\n<strong>Pojemno\u015b\u0107:<\/strong> 300<br \/>\n<strong>P\u0142e\u0107:<\/strong> unisex<\/p>\n<p><strong>Uwagi:<\/strong><\/p>\n<p>Przechowywa\u0107 w pomieszczeniach suchych. Chroni\u0107 przed bezpo\u015brednim dzia\u0142aniem promieni s\u0142onecznych.<\/p>\n<p><strong>Sk\u0142adniki:<\/strong><\/p>\n<p>Ethanol (CAS No. 64-17-5): 21.0%, Lactic Acid (CAS No. 79-33-4): 2.5%<\/p>\n","protected":false},"excerpt":{"rendered":"<p> <strong>Gramatura:<\/strong> ml<br \/>  <strong>Pojemno\u015b\u0107:<\/strong> 300<br \/>  <strong>P\u0142e\u0107:<\/strong> unisex <\/p>\n","protected":false},"featured_media":60472,"comment_status":"open","ping_status":"closed","template":"","meta":{"_acf_changed":false},"kategoria-hurtowni":[457,134],"product_brand":[617],"product_cat":[76],"product_tag":[],"class_list":{"0":"post-60471","1":"product","2":"type-product","3":"status-publish","4":"has-post-thumbnail","6":"kategoria-hurtowni-akcesoria-intymne","7":"kategoria-hurtowni-intymne","8":"product_brand-satisfyer","9":"product_cat-primavera","11":"first","12":"outofstock","13":"taxable","14":"shipping-taxable","15":"product-type-simple"},"acf":[],"_links":{"self":[{"href":"https:\/\/premino.pl\/index.php?rest_route=\/wp\/v2\/product\/60471","targetHints":{"allow":["GET"]}}],"collection":[{"href":"https:\/\/premino.pl\/index.php?rest_route=\/wp\/v2\/product"}],"about":[{"href":"https:\/\/premino.pl\/index.php?rest_route=\/wp\/v2\/types\/product"}],"replies":[{"embeddable":true,"href":"https:\/\/premino.pl\/index.php?rest_route=%2Fwp%2Fv2%2Fcomments&post=60471"}],"wp:featuredmedia":[{"embeddable":true,"href":"https:\/\/premino.pl\/index.php?rest_route=\/wp\/v2\/media\/60472"}],"wp:attachment":[{"href":"https:\/\/premino.pl\/index.php?rest_route=%2Fwp%2Fv2%2Fmedia&parent=60471"}],"wp:term":[{"taxonomy":"kategoria-hurtowni","embeddable":true,"href":"https:\/\/premino.pl\/index.php?rest_route=%2Fwp%2Fv2%2Fkategoria-hurtowni&post=60471"},{"taxonomy":"product_brand","embeddable":true,"href":"https:\/\/premino.pl\/index.php?rest_route=%2Fwp%2Fv2%2Fproduct_brand&post=60471"},{"taxonomy":"product_cat","embeddable":true,"href":"https:\/\/premino.pl\/index.php?rest_route=%2Fwp%2Fv2%2Fproduct_cat&post=60471"},{"taxonomy":"product_tag","embeddable":true,"href":"https:\/\/premino.pl\/index.php?rest_route=%2Fwp%2Fv2%2Fproduct_tag&post=60471"}],"curies":[{"name":"wp","href":"https:\/\/api.w.org\/{rel}","templated":true}]}}