{"id":60701,"date":"2026-05-13T19:09:02","date_gmt":"2026-05-13T17:09:02","guid":{"rendered":"https:\/\/premino.pl\/?product=rubber-base-baza-kauczkowa-pink-10-5g"},"modified":"2026-05-13T19:09:03","modified_gmt":"2026-05-13T17:09:03","slug":"rubber-base-baza-kauczkowa-pink-10-5g","status":"publish","type":"product","link":"https:\/\/premino.pl\/?product=rubber-base-baza-kauczkowa-pink-10-5g","title":{"rendered":"Rubber Base baza kauczkowa Pink #10 5g"},"content":{"rendered":"<p>Baza kauczukowa przeznaczona jest do stosowania na naturaln\u0105 p\u0142ytk\u0119 paznokcia szczeg\u00f3lnie t\u0119 problematyczn\u0105 tj. \u0142amliw\u0105, kruch\u0105 i uszkodzon\u0105. Produkt\u00a0wzmacnia p\u0142ytk\u0119 paznokcia oraz daje mo\u017cliwo\u015b\u0107 jej nadbudowy. Znacznie zwi\u0119ksza przyczepno\u015b\u0107 do naturalnej p\u0142ytki paznokcia. Zawarta w bazie formu\u0142a kauczuku sprawia, \u017ce jest ona nie tylko\u00a0elastyczna\u00a0ale te\u017c\u00a0trwa\u0142a. Odpowiednia konsystencja sprawia, \u017ce baza nie wylewa si\u0119 na sk\u00f3rki, a jej aplikacja i proces modelowania kszta\u0142tu paznokcia jest \u0142atwy i przyjemny. Baza kauczukowa to\u00a0idealna opcja jako manicure biznesowy, gdy\u017c kolor jest p\u00f3\u0142transparentny. Mo\u017cna j\u0105 \u0142\u0105czy\u0107 z lakierami hybrydowymi SUNONE.<\/p>\n<p>Chcesz zaoszcz\u0119dzi\u0107 czas oraz pieni\u0105dze?\u00a0Baza kauczukowa to 4 mo\u017cliwo\u015bci w jednym produkcie: baza, nadbudowa, przed\u0142u\u017cenie, delikatny kolor.<\/p>\n<p><b>ZALETY:<br \/><\/b>\u2022 trwa\u0142o\u015b\u0107 nawet do 3 tygodni<br \/>\u2022 \u015brednio-g\u0119sta konsystencja u\u0142atwiaj\u0105ca modelowanie kszta\u0142tu<br \/>\u2022 specjalnie dobrany p\u0119dzelek u\u0142atwiaj\u0105cy aplikacj\u0119 produktu<br \/>\u2022 przed\u0142u\u017cenie p\u0142ytki paznokcia nawet do 1 cm<br \/>\u2022 wzmocnienie i nadbudowa p\u0142ytki paznokcia<br \/>\u2022 4 mo\u017cliwo\u015bci w 1 produkcie = oszcz\u0119dno\u015b\u0107 czasu i pieni\u0119dzy<br \/>\u2022 idealna baza do manicure hybrydowego okazjonalnego lub biznesowego, dzi\u0119ki r\u00f3\u017cnorodno\u015bci odcieni oraz delikatnej pigmentacji<\/p>\n<p>BAZA JEST P\u00d3\u0141TRANSPARENTNA!\u00a0Je\u017celi chcemy uzyska\u0107 pe\u0142ne krycie w przypadku kolor\u00f3w p\u00f3\u0142transparentnych to rekomendujemy na\u0142o\u017cenie 3 warstw.<\/p>\n<p><strong>Gramatura:<\/strong> g<br \/>\n<strong>Pojemno\u015b\u0107:<\/strong> 5<br \/>\n<strong>P\u0142e\u0107:<\/strong> damski<br \/>\n<strong>S\u0142o\u0144ce:<\/strong> nie<\/p>\n<p><strong>Uwagi:<\/strong><\/p>\n<p>Chroni\u0107 przed dzie\u0107mi. Mo\u017ce powodowa\u0107 wyst\u0105pienie reakcji alergicznych. Nie spo\u017cywa\u0107. W razie po\u0142kni\u0119cia natychmiast skontaktowa\u0107 si\u0119 z lekarzem. Produkt do u\u017cytku profesjonalnego. Prosz\u0119 uwa\u017cnie przeczyta\u0107 spos\u00f3b u\u017cycia znajduj\u0105cy si\u0119 na etykiecie produktu. Unika\u0107 kontaktu z oczami i sk\u00f3r\u0105. Dra\u017cni\u0105cy dla sk\u00f3ry i oczu. Unika\u0107 kontaktu ze \u015bwiat\u0142em s\u0142onecznym lub ekspozycji LED\/UV. Unika\u0107 bezpo\u015bredniego wdychania.<\/p>\n<p><strong>Sk\u0142adniki:<\/strong><\/p>\n<p>Dipentaerythritol Hexaacrylate, Hydroxypropyl Methacrylate, HEMA, Isobornyl Acrylate, Dimethylacrylamide, Acrylic Acid, Bis(2-Methacryloxyethyl)Phosphate +\/- CI 77891, CI 77491, CI 77492, CI 77742, CI 77510.<\/p>\n","protected":false},"excerpt":{"rendered":"<p> <strong>Gramatura:<\/strong> g<br \/>  <strong>Pojemno\u015b\u0107:<\/strong> 5<br \/>  <strong>P\u0142e\u0107:<\/strong> damski<br \/>  <strong>S\u0142o\u0144ce:<\/strong> nie <\/p>\n","protected":false},"featured_media":60702,"comment_status":"open","ping_status":"closed","template":"","meta":{"_acf_changed":false},"kategoria-hurtowni":[289,83,174],"product_brand":[792],"product_cat":[76],"product_tag":[],"class_list":{"0":"post-60701","1":"product","2":"type-product","3":"status-publish","4":"has-post-thumbnail","6":"kategoria-hurtowni-bazy-i-top-coaty","7":"kategoria-hurtowni-makijaz","8":"kategoria-hurtowni-makijaz-paznokcie","9":"product_brand-sunone","10":"product_cat-primavera","12":"first","13":"outofstock","14":"taxable","15":"shipping-taxable","16":"product-type-simple"},"acf":[],"_links":{"self":[{"href":"https:\/\/premino.pl\/index.php?rest_route=\/wp\/v2\/product\/60701","targetHints":{"allow":["GET"]}}],"collection":[{"href":"https:\/\/premino.pl\/index.php?rest_route=\/wp\/v2\/product"}],"about":[{"href":"https:\/\/premino.pl\/index.php?rest_route=\/wp\/v2\/types\/product"}],"replies":[{"embeddable":true,"href":"https:\/\/premino.pl\/index.php?rest_route=%2Fwp%2Fv2%2Fcomments&post=60701"}],"wp:featuredmedia":[{"embeddable":true,"href":"https:\/\/premino.pl\/index.php?rest_route=\/wp\/v2\/media\/60702"}],"wp:attachment":[{"href":"https:\/\/premino.pl\/index.php?rest_route=%2Fwp%2Fv2%2Fmedia&parent=60701"}],"wp:term":[{"taxonomy":"kategoria-hurtowni","embeddable":true,"href":"https:\/\/premino.pl\/index.php?rest_route=%2Fwp%2Fv2%2Fkategoria-hurtowni&post=60701"},{"taxonomy":"product_brand","embeddable":true,"href":"https:\/\/premino.pl\/index.php?rest_route=%2Fwp%2Fv2%2Fproduct_brand&post=60701"},{"taxonomy":"product_cat","embeddable":true,"href":"https:\/\/premino.pl\/index.php?rest_route=%2Fwp%2Fv2%2Fproduct_cat&post=60701"},{"taxonomy":"product_tag","embeddable":true,"href":"https:\/\/premino.pl\/index.php?rest_route=%2Fwp%2Fv2%2Fproduct_tag&post=60701"}],"curies":[{"name":"wp","href":"https:\/\/api.w.org\/{rel}","templated":true}]}}