{"id":60901,"date":"2026-05-13T19:10:22","date_gmt":"2026-05-13T17:10:22","guid":{"rendered":"https:\/\/premino.pl\/?product=zelazo-kwas-foliowy-suplement-diety-20-tabletek-musujacych"},"modified":"2026-05-13T19:10:23","modified_gmt":"2026-05-13T17:10:23","slug":"zelazo-kwas-foliowy-suplement-diety-20-tabletek-musujacych","status":"publish","type":"product","link":"https:\/\/premino.pl\/?product=zelazo-kwas-foliowy-suplement-diety-20-tabletek-musujacych","title":{"rendered":"\u017belazo + Kwas Foliowy suplement diety 20 tabletek musuj\u0105cych"},"content":{"rendered":"<p>Musuj\u0105ce tabletki zawieraj\u0105ce \u017celazo i kwas foliowy, kt\u00f3re wspomagaj\u0105 produkcj\u0119 czerwonych krwinek oraz przeciwdzia\u0142aj\u0105 anemii. Suplement diety przeznaczony dla os\u00f3b o zwi\u0119kszonym zapotrzebowaniu na \u017celazo, szczeg\u00f3lnie kobiet w ci\u0105\u017cy, os\u00f3b cierpi\u0105cych na anemi\u0119 lub prowadz\u0105cych intensywny tryb \u017cycia. <\/p>\n<p>Produkt bez dodatku cukru, wzbogacony owocowym sokiem, co sprawia, \u017ce jest smaczny i \u0142atwy w stosowaniu. Regularne przyjmowanie jednej tabletki dziennie pomaga w utrzymaniu odpowiedniego poziomu \u017celaza i kwasu foliowego w organizmie.<\/p>\n<p><b>Sk\u0142ad zalecanej dziennej porcji \u2013 1 tabletka:<br \/><\/b>Kwas foliowy 200 \u00b5g (100% RWS*)<br \/>\u017belazo 14 mg (100% RWS*)<\/p>\n<p>*Referencyjne Warto\u015bci Spo\u017cycia.<\/p>\n<p><b>Spos\u00f3b u\u017cycia:<\/b><br \/>Rozpu\u015bci\u0107 1 tabletk\u0119 w szklance (200 ml) ch\u0142odnej wody.<\/p>\n<p><strong>Forma podania:<\/strong> tabletki<br \/>\n<strong>Gramatura:<\/strong> sztuka<br \/>\n<strong>Pojemno\u015b\u0107:<\/strong> 20<br \/>\n<strong>P\u0142e\u0107:<\/strong> unisex<br \/>\n<strong>Rodzaj:<\/strong> witaminy i minera\u0142y<\/p>\n<p><strong>Uwagi:<\/strong><\/p>\n<p>Suplementy diety nie mog\u0105 by\u0107 stosowane jako substytut ( zamiennik) zr\u00f3\u017cnicowanej diety. Zr\u00f3wnowa\u017cona dieta i zdrowy tryb \u017cycia s\u0105 istotne dla zachowania zdrowia. Przechowywa\u0107 w suchym miejscu w temperaturze poni\u017cej 25\u00b0 C, w spos\u00f3b niedost\u0119pny dla ma\u0142ych dzieci. Chroni\u0107 przed \u015bwiat\u0142em.<\/p>\n<p><strong>Sk\u0142adniki:<\/strong><\/p>\n<p>regulatory kwasowo\u015bci: kwas cytrynowy; w\u0119glany sodu; substancja wype\u0142niaj\u0105ca: sorbitole; maltodekstryna; koncentrat soku buraka czerwonego w proszku (koncentrat soku buraka czerwonego; maltodekstryna; regulator kwasowo\u015bci: kwas cytrynowy); aromaty; siarczan \u017celaza (II); substancje przeciwzbrylaj\u0105ce: poliwinylopirolidon, glikol polietylenowy; substancje s\u0142odz\u0105ce: cyklaminiany, sacharyny; kwas pteroilomonoglutaminowy; barwnik: ryboflawiny; sok pomara\u0144czowy w proszku &#8211; 0,1 %.<\/p>\n","protected":false},"excerpt":{"rendered":"<p> <strong>Forma podania:<\/strong> tabletki<br \/>  <strong>Gramatura:<\/strong> sztuka<br \/>  <strong>Pojemno\u015b\u0107:<\/strong> 20<br \/>  <strong>P\u0142e\u0107:<\/strong> unisex<br \/>  <strong>Rodzaj:<\/strong> witaminy i minera\u0142y <\/p>\n","protected":false},"featured_media":60902,"comment_status":"open","ping_status":"closed","template":"","meta":{"_acf_changed":false},"kategoria-hurtowni":[206,205],"product_brand":[988],"product_cat":[76],"product_tag":[],"class_list":{"0":"post-60901","1":"product","2":"type-product","3":"status-publish","4":"has-post-thumbnail","6":"kategoria-hurtowni-suplementy-diety","7":"kategoria-hurtowni-zdrowie","8":"product_brand-dr-vita","9":"product_cat-primavera","11":"first","12":"outofstock","13":"taxable","14":"shipping-taxable","15":"product-type-simple"},"acf":[],"_links":{"self":[{"href":"https:\/\/premino.pl\/index.php?rest_route=\/wp\/v2\/product\/60901","targetHints":{"allow":["GET"]}}],"collection":[{"href":"https:\/\/premino.pl\/index.php?rest_route=\/wp\/v2\/product"}],"about":[{"href":"https:\/\/premino.pl\/index.php?rest_route=\/wp\/v2\/types\/product"}],"replies":[{"embeddable":true,"href":"https:\/\/premino.pl\/index.php?rest_route=%2Fwp%2Fv2%2Fcomments&post=60901"}],"wp:featuredmedia":[{"embeddable":true,"href":"https:\/\/premino.pl\/index.php?rest_route=\/wp\/v2\/media\/60902"}],"wp:attachment":[{"href":"https:\/\/premino.pl\/index.php?rest_route=%2Fwp%2Fv2%2Fmedia&parent=60901"}],"wp:term":[{"taxonomy":"kategoria-hurtowni","embeddable":true,"href":"https:\/\/premino.pl\/index.php?rest_route=%2Fwp%2Fv2%2Fkategoria-hurtowni&post=60901"},{"taxonomy":"product_brand","embeddable":true,"href":"https:\/\/premino.pl\/index.php?rest_route=%2Fwp%2Fv2%2Fproduct_brand&post=60901"},{"taxonomy":"product_cat","embeddable":true,"href":"https:\/\/premino.pl\/index.php?rest_route=%2Fwp%2Fv2%2Fproduct_cat&post=60901"},{"taxonomy":"product_tag","embeddable":true,"href":"https:\/\/premino.pl\/index.php?rest_route=%2Fwp%2Fv2%2Fproduct_tag&post=60901"}],"curies":[{"name":"wp","href":"https:\/\/api.w.org\/{rel}","templated":true}]}}