{"id":60903,"date":"2026-05-13T19:10:22","date_gmt":"2026-05-13T17:10:22","guid":{"rendered":"https:\/\/premino.pl\/?product=multi-witaminy-i-mineraly-suplement-diety-20-tabletek-musujacych"},"modified":"2026-05-13T19:10:23","modified_gmt":"2026-05-13T17:10:23","slug":"multi-witaminy-i-mineraly-suplement-diety-20-tabletek-musujacych","status":"publish","type":"product","link":"https:\/\/premino.pl\/?product=multi-witaminy-i-mineraly-suplement-diety-20-tabletek-musujacych","title":{"rendered":"Multi+ Witaminy i Minera\u0142y suplement diety 20 tabletek musuj\u0105cych"},"content":{"rendered":"<p>Suplement diety w formie musuj\u0105cych tabletek, zawieraj\u0105cy kompleks witamin i minera\u0142\u00f3w niezb\u0119dnych dla codziennego funkcjonowania organizmu. Zawiera witaminy z grupy B, C i E oraz minera\u0142y wspieraj\u0105ce uk\u0142ad odporno\u015bciowy, zdrowie sk\u00f3ry i og\u00f3ln\u0105 witalno\u015b\u0107. Idealny dla os\u00f3b o zwi\u0119kszonym zapotrzebowaniu na witaminy, szczeg\u00f3lnie w okresach intensywnego wysi\u0142ku fizycznego lub psychicznego. Jedna tabletka dziennie pokrywa zapotrzebowanie organizmu na kluczowe sk\u0142adniki. <\/p>\n<p>Produkt bez dodatku cukru, z owocowym smakiem. Mo\u017cna go stosowa\u0107 jako uzupe\u0142nienie codziennej diety.<\/p>\n<p><b>Sk\u0142ad zalecanej dziennej porcji &#8211; 1 tabletka<\/b><br \/>Witamina C &#8211; 80 mg (100% RWS*)<br \/>Niacyna &#8211; 16 mg (100% RWS*)<br \/>Witamina E &#8211; 12 mg (100% RWS*)<br \/>Kwas pantotenowy &#8211; 6 mg (100% RWS*)<br \/>Witamina B6 &#8211; 1,4 mg (100% RWS*)<br \/>Ryboflawina &#8211; 1,4 mg (100% RWS*)<br \/>Tiamina &#8211; 1,1 mg (100% RWS*)<br \/>Kwas foliowy &#8211; 200 \u03bcg (100% RWS*)<br \/>Biotyna &#8211; 50 \u03bcg (100% RWS*)<br \/>Witamina B12 &#8211; 2,5 \u03bcg (100% RWS*)<br \/>Witamina A &#8211; 800 \u03bcg (100% RWS*)<br \/>Witamina D &#8211; 5 \u03bcg (100% RWS*)<br \/>Wap\u0144 &#8211; 120 mg (15% RWS*)<br \/>Magnez &#8211; 56,25 mg (15% RWS*)<br \/>Cynk &#8211; 10 mg (100% RWS*)<br \/>Mied\u017a &#8211; 1 mg (100% RWS*)<br \/>Selen &#8211; 55 \u03bcg (100% RWS*)<br \/>Chrom &#8211; 40 \u03bcg (100% RWS*)<br \/>Molibden &#8211; 50 \u03bcg (100% RWS*)<br \/>Jod &#8211; 150 \u03bcg (100% RWS*)<br \/>*Referencyjne Warto\u015bci Spo\u017cycia.<\/p>\n<p><b>Spos\u00f3b u\u017cycia: <br \/><\/b>rozpu\u015bci\u0107 tabletk\u0119 w szklance (200 ml) ch\u0142odnej wody. Porcja produktu zalecana do spo\u017cycia w ci\u0105gu dnia: 1 tabletka. Nie przekracza\u0107 zalecanej porcji do spo\u017cycia w ci\u0105gu dnia.<\/p>\n<p><strong>Forma podania:<\/strong> tabletki<br \/>\n<strong>Gramatura:<\/strong> sztuka<br \/>\n<strong>Pojemno\u015b\u0107:<\/strong> 20<br \/>\n<strong>P\u0142e\u0107:<\/strong> unisex<br \/>\n<strong>Rodzaj:<\/strong> witaminy i minera\u0142y<\/p>\n<p><strong>Uwagi:<\/strong><\/p>\n<p>Suplementy diety nie mog\u0105 by\u0107 stosowane jako substytut (zamiennik) zr\u00f3\u017cnicowanej diety. Bardzo wa\u017cny jest zr\u00f3wnowa\u017cony spos\u00f3b \u017cywienia i zdrowy tryb \u017cycia. Przechowywa\u0107 w temperaturze do 25\u00b0C, w spos\u00f3b niedost\u0119pny dla ma\u0142ych dzieci. Chroni\u0107 przed \u015bwiat\u0142em.<\/p>\n<p><strong>Sk\u0142adniki:<\/strong><\/p>\n<p>regulatory kwasowo\u015bci: kwas cytrynowy; w\u0119glany sodu; substancja wype\u0142niaj\u0105ca: sorbitole; w\u0119glan wapnia; w\u0119glan magnezu; witaminy (kwas L-askorbinowy, amid kwasu nikotynowego, octan DL-alfa-tokoferylu, D-pantotenian wapnia, chlorowodorek pirydoksyny, ryboflawina, monoazotan tiaminy, kwas pteroilomonoglutaminowy, D-biotyna, cyjanokobalamina); aromaty; koncentrat soku buraka czerwonego w proszku; substancje przeciwzbrylaj\u0105ce: glikol polietylenowy, poliwinylopirolidon; substancje s\u0142odz\u0105ce: cyklaminiany, sacharyny; barwnik: ryboflawiny; selenian (IV) sodu; tlenek cynku; siarczan miedzi (II); sok pomara\u0144czowy w proszku &#8211; 0,1 %.<\/p>\n","protected":false},"excerpt":{"rendered":"<p> <strong>Forma podania:<\/strong> tabletki<br \/>  <strong>Gramatura:<\/strong> sztuka<br \/>  <strong>Pojemno\u015b\u0107:<\/strong> 20<br \/>  <strong>P\u0142e\u0107:<\/strong> unisex<br \/>  <strong>Rodzaj:<\/strong> witaminy i minera\u0142y <\/p>\n","protected":false},"featured_media":60904,"comment_status":"open","ping_status":"closed","template":"","meta":{"_acf_changed":false},"kategoria-hurtowni":[206,205],"product_brand":[988],"product_cat":[76],"product_tag":[],"class_list":{"0":"post-60903","1":"product","2":"type-product","3":"status-publish","4":"has-post-thumbnail","6":"kategoria-hurtowni-suplementy-diety","7":"kategoria-hurtowni-zdrowie","8":"product_brand-dr-vita","9":"product_cat-primavera","11":"first","12":"outofstock","13":"taxable","14":"shipping-taxable","15":"product-type-simple"},"acf":[],"_links":{"self":[{"href":"https:\/\/premino.pl\/index.php?rest_route=\/wp\/v2\/product\/60903","targetHints":{"allow":["GET"]}}],"collection":[{"href":"https:\/\/premino.pl\/index.php?rest_route=\/wp\/v2\/product"}],"about":[{"href":"https:\/\/premino.pl\/index.php?rest_route=\/wp\/v2\/types\/product"}],"replies":[{"embeddable":true,"href":"https:\/\/premino.pl\/index.php?rest_route=%2Fwp%2Fv2%2Fcomments&post=60903"}],"wp:featuredmedia":[{"embeddable":true,"href":"https:\/\/premino.pl\/index.php?rest_route=\/wp\/v2\/media\/60904"}],"wp:attachment":[{"href":"https:\/\/premino.pl\/index.php?rest_route=%2Fwp%2Fv2%2Fmedia&parent=60903"}],"wp:term":[{"taxonomy":"kategoria-hurtowni","embeddable":true,"href":"https:\/\/premino.pl\/index.php?rest_route=%2Fwp%2Fv2%2Fkategoria-hurtowni&post=60903"},{"taxonomy":"product_brand","embeddable":true,"href":"https:\/\/premino.pl\/index.php?rest_route=%2Fwp%2Fv2%2Fproduct_brand&post=60903"},{"taxonomy":"product_cat","embeddable":true,"href":"https:\/\/premino.pl\/index.php?rest_route=%2Fwp%2Fv2%2Fproduct_cat&post=60903"},{"taxonomy":"product_tag","embeddable":true,"href":"https:\/\/premino.pl\/index.php?rest_route=%2Fwp%2Fv2%2Fproduct_tag&post=60903"}],"curies":[{"name":"wp","href":"https:\/\/api.w.org\/{rel}","templated":true}]}}