{"id":61255,"date":"2026-05-13T19:12:40","date_gmt":"2026-05-13T17:12:40","guid":{"rendered":"https:\/\/premino.pl\/?product=youth-supreme-cream-odmladzajacy-krem-do-twarzy-50ml"},"modified":"2026-05-13T19:12:42","modified_gmt":"2026-05-13T17:12:42","slug":"youth-supreme-cream-odmladzajacy-krem-do-twarzy-50ml","status":"publish","type":"product","link":"https:\/\/premino.pl\/?product=youth-supreme-cream-odmladzajacy-krem-do-twarzy-50ml","title":{"rendered":"Youth Supreme Cream odm\u0142adzaj\u0105cy krem do twarzy 50ml"},"content":{"rendered":"<p>Aksamitny krem Youth Supreme Cream, wzbogacony unikaln\u0105 kombinacj\u0105 wysoce skutecznych sk\u0142adnik\u00f3w ochronnych, wspiera kom\u00f3rki sk\u00f3ry na poziomie molekularnym, stymuluj\u0105c ich naturalne procesy naprawcze i przed\u0142u\u017caj\u0105c ich \u017cywotno\u015b\u0107. Dzi\u0119ki temu sk\u00f3ra d\u0142u\u017cej zachowuje m\u0142ody wygl\u0105d, a pierwsze oznaki starzenia s\u0105 wyra\u017anie op\u00f3\u017anione. <\/p>\n<p>Cenne ekstrakty z magnolii dzia\u0142aj\u0105 w g\u0142\u0119bokich warstwach sk\u00f3ry, pomagaj\u0105c chroni\u0107 struktur\u0119 kolagenu i elastyny przed degradacj\u0105. Kom\u00f3rki macierzyste pochodzenia ro\u015blinnego wspieraj\u0105 regeneracj\u0119, a ectoine wzmacnia barier\u0119 ochronn\u0105 sk\u00f3ry i chroni j\u0105 przed stresem \u015brodowiskowym. Kwas hialuronowy intensywnie nawil\u017ca, a czyste drobinki jedwabiu i starannie wyselekcjonowane olejki zapewniaj\u0105 jedwabist\u0105 g\u0142adko\u015b\u0107 i wyra\u017ane wyg\u0142adzenie drobnych zmarszczek. Kompleks SRC\u2122 oraz Renovage dodatkowo wspieraj\u0105 naturalne mechanizmy obronne sk\u00f3ry i wyr\u00f3wnuj\u0105 jej koloryt. <\/p>\n<p>Efekt? Sk\u00f3ra jest widocznie g\u0142adsza, \u015bwie\u017csza i cudownie mi\u0119kka w dotyku.<\/p>\n<p><b>Sk\u0142adniki aktywne:<\/b><br \/>\u2022 Kompleks SRC\u2122<br \/>\u2022 Ekstrakt z magnolii<br \/>\u2022 Fitokom\u00f3rki macierzyste<br \/>\u2022 Ektoina<br \/>\u2022 Kwas hialuronowy<br \/>\u2022 Ekstrakty z czystego jedwabiu<br \/>\u2022 Sk\u0142adnik\u00a0Renovage\u00a0<\/p>\n<p><b>Spos\u00f3b u\u017cycia:\u00a0<\/b>Nanie\u015b na oczyszczon\u0105 sk\u00f3r\u0119 twarzy i szyi. Wmasuj.\u00a0<\/p>\n<p><strong>Dzia\u0142anie:<\/strong> nawil\u017caj\u0105ce, redukuje zmarszczki, uelastycznia, zmi\u0119kcza<br \/>\n<strong>Gramatura:<\/strong> ml<br \/>\n<strong>Konsystencja:<\/strong> krem<br \/>\n<strong>Linie elitarne:<\/strong> tak<br \/>\n<strong>Piel\u0119gnacja specyficzna:<\/strong> nie<br \/>\n<strong>Pojemno\u015b\u0107:<\/strong> 50<br \/>\n<strong>Pora stosowania:<\/strong> dowolnie<br \/>\n<strong>P\u0142e\u0107:<\/strong> damski<br \/>\n<strong>Rodzaj sk\u00f3ry:<\/strong> dojrza\u0142a<br \/>\n<strong>S\u0142o\u0144ce:<\/strong> nie<br \/>\n<strong>Typ sk\u00f3ry:<\/strong> mieszana\/t\u0142usta, normalna<\/p>\n<p><strong>Uwagi:<\/strong><\/p>\n<p>Unika\u0107 kontaktu z oczami. W przypadku dostania si\u0119 do oczu, natychmiast przemyj je du\u017c\u0105 ilo\u015bci\u0105 czystej wody<\/p>\n<p><strong>Sk\u0142adniki:<\/strong><\/p>\n<p>AQUA [WATER], BUTYLENE GLYCOL, CAPRYLIC\/CAPRIC TRIGLYCERIDE, GLYCERIN, C12-15 ALKYL BENZOATE, PENTYLENE GLYCOL, ISOSTEARYL ISOSTEARATE, MACADAMIA INTEGRIFOLIA SEED OIL, SACCHARIDE ISOMERATE, SODIUM HYALURONATE, TEPRENONE, ECTOIN, MALUS DOMESTICA FRUIT CELL CULTURE EXTRACT, HYDROLYZED LUPINE PROTEIN, HYDROLYZED LINSEED EXTRACT, MAGNOLIA OBOVATA BARK EXTRACT, DIMETHICONE, GLYCERYL CAPRYLATE, SERICA POWDER [SILK POWDER], ACRYLATES\/C10-30 ALKYL ACRYLATE CROSSPOLYMER, CARBOMER, HYDROXYETHYLCELLULOSE, XANTHAN GUM, LECITHIN, SODIUM HYDROXIDE, SODIUM CITRATE, CITRIC ACID, TOCOPHERYL ACETATE, ASCORBYL PALMITATE, TOCOPHEROL, TETRASODIUM GLUTAMATE DIACETATE, PARFUM [FRAGRANCE], PHENOXYETHANOL, SODIUM BENZOATE, CI 15 985 [YELLOW 6]<\/p>\n","protected":false},"excerpt":{"rendered":"<p> <strong>Dzia\u0142anie:<\/strong> nawil\u017caj\u0105ce, redukuje zmarszczki, uelastycznia, zmi\u0119kcza<br \/>  <strong>Gramatura:<\/strong> ml<br \/>  <strong>Konsystencja:<\/strong> krem<br \/>  <strong>Linie elitarne:<\/strong> tak<br \/>  <strong>Piel\u0119gnacja specyficzna:<\/strong> nie<br \/>  <strong>Pojemno\u015b\u0107:<\/strong> 50<br \/>  <strong>Pora stosowania:<\/strong> dowolnie<br \/>  <strong>P\u0142e\u0107:<\/strong> damski<br \/>  <strong>Rodzaj sk\u00f3ry:<\/strong> dojrza\u0142a<br \/>  <strong>S\u0142o\u0144ce:<\/strong> nie<br \/>  <strong>Typ sk\u00f3ry:<\/strong> mieszana\/t\u0142usta, normalna <\/p>\n","protected":false},"featured_media":61256,"comment_status":"open","ping_status":"closed","template":"","meta":{"_acf_changed":false},"kategoria-hurtowni":[90,109,110],"product_brand":[995],"product_cat":[76],"product_tag":[],"class_list":{"0":"post-61255","1":"product","2":"type-product","3":"status-publish","4":"has-post-thumbnail","6":"kategoria-hurtowni-pielegnacja","7":"kategoria-hurtowni-pielegnacja-twarzy-pielegnacja","8":"kategoria-hurtowni-twarz-pielegnacja-twarzy-pielegnacja","9":"product_brand-declare","10":"product_cat-primavera","12":"first","13":"outofstock","14":"taxable","15":"shipping-taxable","16":"product-type-simple"},"acf":[],"_links":{"self":[{"href":"https:\/\/premino.pl\/index.php?rest_route=\/wp\/v2\/product\/61255","targetHints":{"allow":["GET"]}}],"collection":[{"href":"https:\/\/premino.pl\/index.php?rest_route=\/wp\/v2\/product"}],"about":[{"href":"https:\/\/premino.pl\/index.php?rest_route=\/wp\/v2\/types\/product"}],"replies":[{"embeddable":true,"href":"https:\/\/premino.pl\/index.php?rest_route=%2Fwp%2Fv2%2Fcomments&post=61255"}],"wp:featuredmedia":[{"embeddable":true,"href":"https:\/\/premino.pl\/index.php?rest_route=\/wp\/v2\/media\/61256"}],"wp:attachment":[{"href":"https:\/\/premino.pl\/index.php?rest_route=%2Fwp%2Fv2%2Fmedia&parent=61255"}],"wp:term":[{"taxonomy":"kategoria-hurtowni","embeddable":true,"href":"https:\/\/premino.pl\/index.php?rest_route=%2Fwp%2Fv2%2Fkategoria-hurtowni&post=61255"},{"taxonomy":"product_brand","embeddable":true,"href":"https:\/\/premino.pl\/index.php?rest_route=%2Fwp%2Fv2%2Fproduct_brand&post=61255"},{"taxonomy":"product_cat","embeddable":true,"href":"https:\/\/premino.pl\/index.php?rest_route=%2Fwp%2Fv2%2Fproduct_cat&post=61255"},{"taxonomy":"product_tag","embeddable":true,"href":"https:\/\/premino.pl\/index.php?rest_route=%2Fwp%2Fv2%2Fproduct_tag&post=61255"}],"curies":[{"name":"wp","href":"https:\/\/api.w.org\/{rel}","templated":true}]}}