{"id":61505,"date":"2026-05-13T19:14:13","date_gmt":"2026-05-13T17:14:13","guid":{"rendered":"https:\/\/premino.pl\/?product=hydro-nawilzenie-nawadniajace-serum-eliksir-tremella-egzosomy-kwas-mlekowy-30ml"},"modified":"2026-05-13T19:14:15","modified_gmt":"2026-05-13T17:14:15","slug":"hydro-nawilzenie-nawadniajace-serum-eliksir-tremella-egzosomy-kwas-mlekowy-30ml","status":"publish","type":"product","link":"https:\/\/premino.pl\/?product=hydro-nawilzenie-nawadniajace-serum-eliksir-tremella-egzosomy-kwas-mlekowy-30ml","title":{"rendered":"Hydro-Nawil\u017cenie nawadniaj\u0105ce serum-eliksir Tremella Egzosomy Kwas Mlekowy 30ml"},"content":{"rendered":"<p>Nawadniaj\u0105ce  serum-eliksir Hydro-Nawil\u017cenie to skoncentrowana formu\u0142a stworzona, by  natychmiast przywr\u00f3ci\u0107 sk\u00f3rze komfort, g\u0142adko\u015b\u0107 i promienny wygl\u0105d.  Intensywnie nawil\u017ca ju\u017c od pierwszej aplikacji, a jego dzia\u0142anie utrzymuje  si\u0119 przez wiele godzin \u2013 idealne rozwi\u0105zanie dla sk\u00f3ry spragnionej  nawodnienia i blasku.    <\/p>\n<p>G\u0142\u00f3wn\u0105 rol\u0119 gra tu Tremella \u2013 wyj\u0105tkowy sk\u0142adnik ro\u015blinny, kt\u00f3ry dzia\u0142a  kilkukrotnie silniej ni\u017c kwas hialuronowy, dog\u0142\u0119bnie nawil\u017caj\u0105c i chroni\u0105c  przed stresem oksydacyjnym. Egzosomy wspieraj\u0105 regeneracj\u0119 kom\u00f3rkow\u0105 i  poprawiaj\u0105 struktur\u0119 sk\u00f3ry, przyspieszaj\u0105c procesy odnowy. Kwas mlekowy  delikatnie z\u0142uszcza, wyg\u0142adza i roz\u015bwietla cer\u0119, przygotowuj\u0105c j\u0105 na pe\u0142ne  wch\u0142oni\u0119cie sk\u0142adnik\u00f3w aktywnych.    <\/p>\n<p>Efekt? Sk\u00f3ra intensywnie nawodniona, j\u0119drniejsza i roz\u015bwietlona, z wyra\u017anie  wyg\u0142adzon\u0105 struktur\u0105 i zmniejszon\u0105 widoczno\u015bci\u0105 por\u00f3w \u2013 ka\u017cdego dnia coraz  bardziej promienna.<\/p>\n<p><b>Stosowanie:\u00a0<\/b>Kilka  kropli wklep w oczyszczon\u0105 sk\u00f3r\u0119 twarzy, szyi i dekoltu, omijaj\u0105c okolice  oczu. Stosuj rano i wieczorem przed kremem do twarzy.<\/p>\n<p><strong>Dzia\u0142anie:<\/strong> chroni, nawil\u017caj\u0105ce, redukuje zmarszczki, regeneruje, uelastycznia, uj\u0119drnia, wyg\u0142adza<br \/>\n<strong>Gramatura:<\/strong> ml<br \/>\n<strong>Konsystencja:<\/strong> emulsja<br \/>\n<strong>Linie elitarne:<\/strong> nie<br \/>\n<strong>Piel\u0119gnacja specyficzna:<\/strong> serum<br \/>\n<strong>Pojemno\u015b\u0107:<\/strong> 30<br \/>\n<strong>Pora stosowania:<\/strong> dowolnie<br \/>\n<strong>P\u0142e\u0107:<\/strong> damski<br \/>\n<strong>Rodzaj sk\u00f3ry:<\/strong> wra\u017cliwa<br \/>\n<strong>S\u0142o\u0144ce:<\/strong> nie<br \/>\n<strong>Typ sk\u00f3ry:<\/strong> mieszana\/t\u0142usta, normalna<\/p>\n<p><strong>Uwagi:<\/strong><\/p>\n<p>Tylko do u\u017cytku zewn\u0119trznego. Unika\u0107 kontaktu z oczami. W przypadku podra\u017cnienia zaprzesta\u0107 stosowania.<\/p>\n<p><strong>Sk\u0142adniki:<\/strong><\/p>\n<p>Aqua, Glycerin, Lactic Acid, Propanediol, Aloe Barbadensis Leaf Juice, Sodium Hydroxide, Olive Oil PEG-7 Esters, Polysorbate 20, Tremella Fuciformis Extract, Calendula Officinalis Meristem Cell Extract, Sodium Hyaluronate, Hyaluronic Acid, Algin, Parfum, Phenoxyethanol, Ethylhexylglycerin, Sodium Benzoate, Potassium Sorbate, Citric Acid, Acetyl Cedrene, Hexamethylindanopyran, Terpineol, Isoeugenyl Acetate, Pinene.<\/p>\n","protected":false},"excerpt":{"rendered":"<p> <strong>Dzia\u0142anie:<\/strong> chroni, nawil\u017caj\u0105ce, redukuje zmarszczki, regeneruje, uelastycznia, uj\u0119drnia, wyg\u0142adza<br \/>  <strong>Gramatura:<\/strong> ml<br \/>  <strong>Konsystencja:<\/strong> emulsja<br \/>  <strong>Linie elitarne:<\/strong> nie<br \/>  <strong>Piel\u0119gnacja specyficzna:<\/strong> serum<br \/>  <strong>Pojemno\u015b\u0107:<\/strong> 30<br \/>  <strong>Pora stosowania:<\/strong> dowolnie<br \/>  <strong>P\u0142e\u0107:<\/strong> damski<br \/>  <strong>Rodzaj sk\u00f3ry:<\/strong> wra\u017cliwa<br \/>  <strong>S\u0142o\u0144ce:<\/strong> nie<br \/>  <strong>Typ sk\u00f3ry:<\/strong> mieszana\/t\u0142usta, normalna <\/p>\n","protected":false},"featured_media":61506,"comment_status":"open","ping_status":"closed","template":"","meta":{"_acf_changed":false},"kategoria-hurtowni":[100,101,102],"product_brand":[822],"product_cat":[76],"product_tag":[],"class_list":{"0":"post-61505","1":"product","2":"type-product","3":"status-publish","4":"has-post-thumbnail","6":"kategoria-hurtowni-eco-bio","7":"kategoria-hurtowni-pielegnacja-twarzy","8":"kategoria-hurtowni-twarz","9":"product_brand-orientana","10":"product_cat-primavera","12":"first","13":"outofstock","14":"taxable","15":"shipping-taxable","16":"product-type-simple"},"acf":[],"_links":{"self":[{"href":"https:\/\/premino.pl\/index.php?rest_route=\/wp\/v2\/product\/61505","targetHints":{"allow":["GET"]}}],"collection":[{"href":"https:\/\/premino.pl\/index.php?rest_route=\/wp\/v2\/product"}],"about":[{"href":"https:\/\/premino.pl\/index.php?rest_route=\/wp\/v2\/types\/product"}],"replies":[{"embeddable":true,"href":"https:\/\/premino.pl\/index.php?rest_route=%2Fwp%2Fv2%2Fcomments&post=61505"}],"wp:featuredmedia":[{"embeddable":true,"href":"https:\/\/premino.pl\/index.php?rest_route=\/wp\/v2\/media\/61506"}],"wp:attachment":[{"href":"https:\/\/premino.pl\/index.php?rest_route=%2Fwp%2Fv2%2Fmedia&parent=61505"}],"wp:term":[{"taxonomy":"kategoria-hurtowni","embeddable":true,"href":"https:\/\/premino.pl\/index.php?rest_route=%2Fwp%2Fv2%2Fkategoria-hurtowni&post=61505"},{"taxonomy":"product_brand","embeddable":true,"href":"https:\/\/premino.pl\/index.php?rest_route=%2Fwp%2Fv2%2Fproduct_brand&post=61505"},{"taxonomy":"product_cat","embeddable":true,"href":"https:\/\/premino.pl\/index.php?rest_route=%2Fwp%2Fv2%2Fproduct_cat&post=61505"},{"taxonomy":"product_tag","embeddable":true,"href":"https:\/\/premino.pl\/index.php?rest_route=%2Fwp%2Fv2%2Fproduct_tag&post=61505"}],"curies":[{"name":"wp","href":"https:\/\/api.w.org\/{rel}","templated":true}]}}