{"id":61507,"date":"2026-05-13T19:14:13","date_gmt":"2026-05-13T17:14:13","guid":{"rendered":"https:\/\/premino.pl\/?product=hydro-nawilzenie-krem-regulujacy-sebum-tremella-niacynamid-pore-out-50ml"},"modified":"2026-05-13T19:14:16","modified_gmt":"2026-05-13T17:14:16","slug":"hydro-nawilzenie-krem-regulujacy-sebum-tremella-niacynamid-pore-out-50ml","status":"publish","type":"product","link":"https:\/\/premino.pl\/?product=hydro-nawilzenie-krem-regulujacy-sebum-tremella-niacynamid-pore-out-50ml","title":{"rendered":"Hydro-Nawil\u017cenie krem reguluj\u0105cy sebum Tremella Niacynamid Pore out 50ml"},"content":{"rendered":"<p>Krem  Reguluj\u0105cy Sebum Hydro-Nawil\u017cenie to lekka, ale skuteczna formu\u0142a stworzona z  my\u015bl\u0105 o potrzebach sk\u00f3ry normalnej, mieszanej, t\u0142ustej i problematycznej.  Intensywnie nawil\u017ca, przywraca r\u00f3wnowag\u0119, a jednocze\u015bnie reguluje wydzielanie  sebum i zmniejsza widoczno\u015b\u0107 por\u00f3w.<\/p>\n<p>W jego sk\u0142adzie znajdziesz Tremell\u0119 \u2013 ro\u015blinny sk\u0142adnik o wyj\u0105tkowo silnym  dzia\u0142aniu nawil\u017caj\u0105cym, kt\u00f3ry potrafi wi\u0105za\u0107 wod\u0119 w sk\u00f3rze kilkukrotnie  mocniej ni\u017c kwas hialuronowy. Niacynamid \u0142agodzi podra\u017cnienia, rozja\u015bnia  przebarwienia i dzia\u0142a normalizuj\u0105co, wspieraj\u0105c zdrowy wygl\u0105d cery. Kompleks  Pore Out precyzyjnie oczyszcza i zw\u0119\u017ca pory, zmniejszaj\u0105c ryzyko powstawania  niedoskona\u0142o\u015bci.    <\/p>\n<p>Efekt? Sk\u00f3ra g\u0142adka, \u015bwie\u017ca, zmatowiona i naturalnie promienna \u2013 dzie\u0144 po  dniu.<\/p>\n<p><b>Stosowanie:\u00a0<\/b>Po  umyciu r\u0105k i oczyszczeniu sk\u00f3ry zaaplikuj krem na policzki, czo\u0142o i brod\u0119.  Masuj ku g\u00f3rze omijaj\u0105c okolice oczu. Wykonaj masa\u017c czterema palcami d\u0142oni  okolicy \u017cuchwy od szyi do g\u00f3rnego policzka. Dla lepszego efektu stosuj  codziennie, rano i wieczorem.<\/p>\n<p><strong>Dzia\u0142anie:<\/strong> nawil\u017caj\u0105ce, przeciwzapalne, redukcja por\u00f3w, redukuje wypryski, redukuje zmarszczki, regeneruje, uelastycznia, wyg\u0142adza, zmi\u0119kcza, \u0142agodzi podra\u017cnienia<br \/>\n<strong>Gramatura:<\/strong> ml<br \/>\n<strong>Konsystencja:<\/strong> krem<br \/>\n<strong>Linie elitarne:<\/strong> nie<br \/>\n<strong>Piel\u0119gnacja specyficzna:<\/strong> nie<br \/>\n<strong>Pojemno\u015b\u0107:<\/strong> 50<br \/>\n<strong>Pora stosowania:<\/strong> dowolnie, dzie\u0144, noc<br \/>\n<strong>P\u0142e\u0107:<\/strong> damski<br \/>\n<strong>Rodzaj sk\u00f3ry:<\/strong> wra\u017cliwa<br \/>\n<strong>S\u0142o\u0144ce:<\/strong> nie<br \/>\n<strong>Typ sk\u00f3ry:<\/strong> mieszana\/t\u0142usta, normalna<\/p>\n<p><strong>Uwagi:<\/strong><\/p>\n<p>Tylko do u\u017cytku zewn\u0119trznego. Unika\u0107 kontaktu z oczami. W przypadku podra\u017cnienia zaprzesta\u0107 stosowania.<\/p>\n<p><strong>Sk\u0142adniki:<\/strong><\/p>\n<p>Aqua, Coco-Caprylate, Glycerin, Prunus Amygdalus Dulcis Oil, Propanediol, Butyrospermum Parkii Butter, Sodium Polyacrylate, Cetearyl Olivate, Cetearyl Alcohol, Sorbitan Olivate, Squalane, Niacinamide, Argania Spinosa Kernel Oil, Simmondsia Chinensis Seed Oil, Clitoria Ternatea Flower Extract, Tremella Fuciformis Extract, Sodium Hyaluronate, Hyaluronic Acid, Tocopherol, Ethylhexyl Cocoate, Parfum, Xanthan Gum, PPG-3 Benzyl Ether Myristate, Polysorbate 20, Pistacia Lentiscus Gum, Lecithin, Phenoxyethanol, Ethylhexylglycerin, Alcohol, Sodium Hydroxide, Sodium Benzoate, Potassium Sorbate, Acetyl Cedrene, Hexamethylindanopyran, Terpineol, Isoeugenyl Acetate, Pinene.<\/p>\n","protected":false},"excerpt":{"rendered":"<p> <strong>Dzia\u0142anie:<\/strong> nawil\u017caj\u0105ce, przeciwzapalne, redukcja por\u00f3w, redukuje wypryski, redukuje zmarszczki, regeneruje, uelastycznia, wyg\u0142adza, zmi\u0119kcza, \u0142agodzi podra\u017cnienia<br \/>  <strong>Gramatura:<\/strong> ml<br \/>  <strong>Konsystencja:<\/strong> krem<br \/>  <strong>Linie elitarne:<\/strong> nie<br \/>  <strong>Piel\u0119gnacja specyficzna:<\/strong> nie<br \/>  <strong>Pojemno\u015b\u0107:<\/strong> 50<br \/>  <strong>Pora stosowania:<\/strong> dowolnie, dzie\u0144, noc<br \/>  <strong>P\u0142e\u0107:<\/strong> damski<br \/>  <strong>Rodzaj sk\u00f3ry:<\/strong> wra\u017cliwa<br \/>  <strong>S\u0142o\u0144ce:<\/strong> nie<br \/>  <strong>Typ sk\u00f3ry:<\/strong> mieszana\/t\u0142usta, normalna <\/p>\n","protected":false},"featured_media":61508,"comment_status":"open","ping_status":"closed","template":"","meta":{"_acf_changed":false},"kategoria-hurtowni":[100,101,102],"product_brand":[822],"product_cat":[76],"product_tag":[],"class_list":{"0":"post-61507","1":"product","2":"type-product","3":"status-publish","4":"has-post-thumbnail","6":"kategoria-hurtowni-eco-bio","7":"kategoria-hurtowni-pielegnacja-twarzy","8":"kategoria-hurtowni-twarz","9":"product_brand-orientana","10":"product_cat-primavera","12":"first","13":"outofstock","14":"taxable","15":"shipping-taxable","16":"product-type-simple"},"acf":[],"_links":{"self":[{"href":"https:\/\/premino.pl\/index.php?rest_route=\/wp\/v2\/product\/61507","targetHints":{"allow":["GET"]}}],"collection":[{"href":"https:\/\/premino.pl\/index.php?rest_route=\/wp\/v2\/product"}],"about":[{"href":"https:\/\/premino.pl\/index.php?rest_route=\/wp\/v2\/types\/product"}],"replies":[{"embeddable":true,"href":"https:\/\/premino.pl\/index.php?rest_route=%2Fwp%2Fv2%2Fcomments&post=61507"}],"wp:featuredmedia":[{"embeddable":true,"href":"https:\/\/premino.pl\/index.php?rest_route=\/wp\/v2\/media\/61508"}],"wp:attachment":[{"href":"https:\/\/premino.pl\/index.php?rest_route=%2Fwp%2Fv2%2Fmedia&parent=61507"}],"wp:term":[{"taxonomy":"kategoria-hurtowni","embeddable":true,"href":"https:\/\/premino.pl\/index.php?rest_route=%2Fwp%2Fv2%2Fkategoria-hurtowni&post=61507"},{"taxonomy":"product_brand","embeddable":true,"href":"https:\/\/premino.pl\/index.php?rest_route=%2Fwp%2Fv2%2Fproduct_brand&post=61507"},{"taxonomy":"product_cat","embeddable":true,"href":"https:\/\/premino.pl\/index.php?rest_route=%2Fwp%2Fv2%2Fproduct_cat&post=61507"},{"taxonomy":"product_tag","embeddable":true,"href":"https:\/\/premino.pl\/index.php?rest_route=%2Fwp%2Fv2%2Fproduct_tag&post=61507"}],"curies":[{"name":"wp","href":"https:\/\/api.w.org\/{rel}","templated":true}]}}