{"id":61557,"date":"2026-05-13T19:14:33","date_gmt":"2026-05-13T17:14:33","guid":{"rendered":"https:\/\/premino.pl\/?product=base-one-clear-zel-budujacy-do-paznokci-50g"},"modified":"2026-05-13T19:14:35","modified_gmt":"2026-05-13T17:14:35","slug":"base-one-clear-zel-budujacy-do-paznokci-50g","status":"publish","type":"product","link":"https:\/\/premino.pl\/?product=base-one-clear-zel-budujacy-do-paznokci-50g","title":{"rendered":"Base One Clear \u017cel buduj\u0105cy do paznokci 50g"},"content":{"rendered":"<p>Znalezienie idealnego \u017celu buduj\u0105cego paznokcie mo\u017ce by\u0107 prawdziwym wyzwaniem. Szukasz \u017celu UV, kt\u00f3ry dzia\u0142a na formy, szablony i tipsy, a jednocze\u015bnie wzmacnia naturaln\u0105 p\u0142ytk\u0119 paznokcia? Silcare oferuje rozwi\u0105zanie, kt\u00f3re podbi\u0142o serca wielu klient\u00f3w: Base One Builder Gel UV, bestseller w asortymencie, uwielbiany od ponad 15 lat!<\/p>\n<p>\u2022 Przejrzysta formu\u0142a.<br \/>\u2022 D\u0142ugotrwa\u0142y manicure &#8211; do 4 tygodni.<br \/>\u2022 Szybka i \u0142atwa aplikacja &#8211; dzi\u0119ki w\u0142a\u015bciwo\u015bciom samopoziomuj\u0105cym.<br \/>\u2022 Wszechstronny &#8211; idealny do r\u00f3\u017cnych technik manicure.<br \/>\u2022 Nie zawiera mikroplastiku.<br \/>\u2022 Dwufazowy &#8211; wymaga warstwy wierzchniej.<br \/>\u2022 Nadaje si\u0119 do wszystkich rodzaj\u00f3w paznokci.<br \/>\u2022 Nie zawiera kwas\u00f3w.<\/p>\n<p><b>Stosowanie:\u00a0<\/b>Na\u0142\u00f3\u017c \u017cel buduj\u0105cy Base One na dobrze przygotowan\u0105 p\u0142ytk\u0119 paznokcia i utward\u017a pod lamp\u0105 UV\/LED o mocy 48 W przez 60 sekund.\u00a0<\/p>\n<p><strong>Gramatura:<\/strong> g<br \/>\n<strong>Kolor:<\/strong> Clear<br \/>\n<strong>Pojemno\u015b\u0107:<\/strong> 50<br \/>\n<strong>P\u0142e\u0107:<\/strong> damski<br \/>\n<strong>S\u0142o\u0144ce:<\/strong> nie<\/p>\n<p><strong>Uwagi:<\/strong><\/p>\n<p>Chroni\u0107 przed dzie\u0107mi. Unika\u0107 kontaktu ze sk\u00f3r\u0105. Unika\u0107 kontaktu z oczami. Nie wdycha\u0107 bezpo\u015brednio par produktu. Unika\u0107 stosowania, je\u015bli wyst\u0119puje nadwra\u017cliwo\u015b\u0107 na kt\u00f3rykolwiek sk\u0142adnik produktu. Nale\u017cy utwardzi\u0107 w lampie UV\/LED 48W. Wy\u0142\u0105cznie do u\u017cytku profesjonalnego<\/p>\n<p><strong>Sk\u0142adniki:<\/strong><\/p>\n<p>Bis-HEMA Polyneopentyl Glycol Adipate\/IPDI Copolymer, Bis-HEA Poly(1,4-Butanediol)-9\/IPDI Copolymer, Trimethylolpropane Trimethacrylate (TMPTMA), Bis-HEA Polyglycol Adipate\/IPDI Copolymer, Hexanediol Dimetharcylate, Hydroxycyclohexyl Phenyl Ketone, Silica Dimethyl Silylate, Benzoyl Isopropanol, Isobornyl Methacrylate (IBOMA), BHT, Cyclohexyl Phenyl Ketone, CI 60725, Cl 74160.<\/p>\n","protected":false},"excerpt":{"rendered":"<p> <strong>Gramatura:<\/strong> g<br \/>  <strong>Kolor:<\/strong> Clear<br \/>  <strong>Pojemno\u015b\u0107:<\/strong> 50<br \/>  <strong>P\u0142e\u0107:<\/strong> damski<br \/>  <strong>S\u0142o\u0144ce:<\/strong> nie <\/p>\n","protected":false},"featured_media":61558,"comment_status":"open","ping_status":"closed","template":"","meta":{"_acf_changed":false},"kategoria-hurtowni":[83,174,267],"product_brand":[115],"product_cat":[76],"product_tag":[],"class_list":{"0":"post-61557","1":"product","2":"type-product","3":"status-publish","4":"has-post-thumbnail","6":"kategoria-hurtowni-makijaz","7":"kategoria-hurtowni-makijaz-paznokcie","8":"kategoria-hurtowni-zele-i-akryle","9":"product_brand-silcare","10":"product_cat-primavera","12":"first","13":"outofstock","14":"taxable","15":"shipping-taxable","16":"product-type-simple"},"acf":[],"_links":{"self":[{"href":"https:\/\/premino.pl\/index.php?rest_route=\/wp\/v2\/product\/61557","targetHints":{"allow":["GET"]}}],"collection":[{"href":"https:\/\/premino.pl\/index.php?rest_route=\/wp\/v2\/product"}],"about":[{"href":"https:\/\/premino.pl\/index.php?rest_route=\/wp\/v2\/types\/product"}],"replies":[{"embeddable":true,"href":"https:\/\/premino.pl\/index.php?rest_route=%2Fwp%2Fv2%2Fcomments&post=61557"}],"wp:featuredmedia":[{"embeddable":true,"href":"https:\/\/premino.pl\/index.php?rest_route=\/wp\/v2\/media\/61558"}],"wp:attachment":[{"href":"https:\/\/premino.pl\/index.php?rest_route=%2Fwp%2Fv2%2Fmedia&parent=61557"}],"wp:term":[{"taxonomy":"kategoria-hurtowni","embeddable":true,"href":"https:\/\/premino.pl\/index.php?rest_route=%2Fwp%2Fv2%2Fkategoria-hurtowni&post=61557"},{"taxonomy":"product_brand","embeddable":true,"href":"https:\/\/premino.pl\/index.php?rest_route=%2Fwp%2Fv2%2Fproduct_brand&post=61557"},{"taxonomy":"product_cat","embeddable":true,"href":"https:\/\/premino.pl\/index.php?rest_route=%2Fwp%2Fv2%2Fproduct_cat&post=61557"},{"taxonomy":"product_tag","embeddable":true,"href":"https:\/\/premino.pl\/index.php?rest_route=%2Fwp%2Fv2%2Fproduct_tag&post=61557"}],"curies":[{"name":"wp","href":"https:\/\/api.w.org\/{rel}","templated":true}]}}