{"id":61577,"date":"2026-05-13T19:14:39","date_gmt":"2026-05-13T17:14:39","guid":{"rendered":"https:\/\/premino.pl\/?product=high-light-led-gel-french-pink-zel-budujacy-100g"},"modified":"2026-05-13T19:14:41","modified_gmt":"2026-05-13T17:14:41","slug":"high-light-led-gel-french-pink-zel-budujacy-100g","status":"publish","type":"product","link":"https:\/\/premino.pl\/?product=high-light-led-gel-french-pink-zel-budujacy-100g","title":{"rendered":"High Light LED Gel French Pink \u017cel buduj\u0105cy 100g"},"content":{"rendered":"<p>Szukasz \u017celu, kt\u00f3ry zapewni nie tylko nieskazitelny wygl\u0105d, ale tak\u017ce niespotykan\u0105 trwa\u0142o\u015b\u0107?\u00a0High Light LED Gel French Pink\u00a0to transparentny \u017cel buduj\u0105cy stworzony z my\u015bl\u0105 o klasycznym french manicure, cho\u0107 jego mo\u017cliwo\u015bci wykraczaj\u0105 daleko poza to.<\/p>\n<p>Jego \u015brednio g\u0119sta, samopoziomuj\u0105ca konsystencja zapewnia wygodn\u0105 aplikacj\u0119 na ka\u017cdym poziomie umiej\u0119tno\u015bci. \u017bel buduj\u0105cy doskonale wsp\u00f3\u0142pracuje z naturaln\u0105 p\u0142ytk\u0105 paznokcia, nie liftinguje, nie \u017c\u00f3\u0142knie i zapewnia d\u0142ugotrwa\u0142y efekt nawet do 4 tygodni. Dodatkowo nowoczesna formu\u0142a zosta\u0142a zoptymalizowana pod k\u0105tem komfortu \u2013 temperatura polimeryzacji zosta\u0142a obni\u017cona a\u017c o 9,3\u00b0C, znacznie zmniejszaj\u0105c uczucie pieczenia w lampie, nawet przy grubszych warstwach. Po przetarciu cleanerem osi\u0105ga jeszcze wy\u017cszy po\u0142ysk ni\u017c jego poprzednik \u2013 dodatkowa zaleta, kt\u00f3ra daje jeszcze pi\u0119kniejszy efekt ko\u0144cowy.<\/p>\n<p>Ten prze\u0142omowy \u017cel buduj\u0105cy od Silcare doskonale sprawdzi si\u0119 zar\u00f3wno do manicure codziennego, jak i \u015blubnego, lub jako \u015bwietna alternatywa dla klasycznego biurowego looku.\u00a0<\/p>\n<p><b>Cechy:<br \/><\/b>\u2022 przed\u0142u\u017canie paznokci i budowanie za pomoc\u0105 form<br \/>\u2022 warstwa konstrukcyjna o wysokiej przezroczysto\u015bci<br \/>\u2022 stylizacje &#8222;szklane paznokcie&#8221; lub &#8222;czysty manicure&#8221;<br \/>\u2022 baza pod pudry, brokaty, efekty lustrzane i zdobienia<br \/>\u2022 paznokcie szklane lub z efektem 3D<br \/>\u2022 trwa\u0142o\u015b\u0107 do 4 tygodni<br \/>\u2022 odporny na \u017c\u00f3\u0142kni\u0119cie<br \/>\u2022 wysoki po\u0142ysk po przetarciu cleanerem<br \/>\u2022 samopoziomuj\u0105cy<br \/>\u2022 tr\u00f3jfazowy<\/p>\n<p><b>Spos\u00f3b u\u017cycia:<\/b><br \/>1. Przygotuj p\u0142ytk\u0119 paznokcia.<br \/>2. Na\u0142\u00f3\u017c cienk\u0105 lub buduj\u0105c\u0105 warstw\u0119 \u017celu High Light LED French Pink.<br \/>3. Utwardzaj pod lamp\u0105 UV\/LED o mocy 48 W przez 60 sekund (dla warstwy powy\u017cej 2,5 mm).<br \/>4. Po utwardzeniu przetrzyj warstw\u0119 dyspersyjn\u0105 cleanerem.<\/p>\n<p><strong>Gramatura:<\/strong> g<br \/>\n<strong>Kolor:<\/strong> French Pink<br \/>\n<strong>Pojemno\u015b\u0107:<\/strong> 100<br \/>\n<strong>P\u0142e\u0107:<\/strong> damski<br \/>\n<strong>S\u0142o\u0144ce:<\/strong> nie<\/p>\n<p><strong>Uwagi:<\/strong><\/p>\n<p>Chroni\u0107 przed dzie\u0107mi. Unika\u0107 kontaktu ze sk\u00f3r\u0105. Unika\u0107 kontaktu z oczami. Nie wdycha\u0107 bezpo\u015brednio par produktu. Unika\u0107 stosowania, je\u015bli wyst\u0119puje nadwra\u017cliwo\u015b\u0107 na kt\u00f3rykolwiek sk\u0142adnik produktu. Nale\u017cy utwardzi\u0107 w lampie UV\/LED 48W. Wy\u0142\u0105cznie do u\u017cytku profesjonalnego<\/p>\n<p><strong>Sk\u0142adniki:<\/strong><\/p>\n<p>Bis-HEMA Polyneopentyl Glycol Adipate\/IPDI Copolymer, Bis-HEA Poly(1,4-Butanediol)-9\/IPDI Copolymer, Trimethylolpropane Trimethacrylate (TMPTMA), Bis-HEA Polyglycol Adipate\/IPDI Copolymer, Hexanediol Dimethacrylate, Hydroxycyclohexyl Phenyl Ketone, Silica Dimethyl Silylate, Diphenyl(2,4,6-trimethylbenzoyl)phosphine oxide, CI 77891, CI 12490, CI 15880, CI 77266<\/p>\n","protected":false},"excerpt":{"rendered":"<p> <strong>Gramatura:<\/strong> g<br \/>  <strong>Kolor:<\/strong> French Pink<br \/>  <strong>Pojemno\u015b\u0107:<\/strong> 100<br \/>  <strong>P\u0142e\u0107:<\/strong> damski<br \/>  <strong>S\u0142o\u0144ce:<\/strong> nie <\/p>\n","protected":false},"featured_media":61578,"comment_status":"open","ping_status":"closed","template":"","meta":{"_acf_changed":false},"kategoria-hurtowni":[83,174,267],"product_brand":[115],"product_cat":[76],"product_tag":[],"class_list":{"0":"post-61577","1":"product","2":"type-product","3":"status-publish","4":"has-post-thumbnail","6":"kategoria-hurtowni-makijaz","7":"kategoria-hurtowni-makijaz-paznokcie","8":"kategoria-hurtowni-zele-i-akryle","9":"product_brand-silcare","10":"product_cat-primavera","12":"first","13":"outofstock","14":"taxable","15":"shipping-taxable","16":"product-type-simple"},"acf":[],"_links":{"self":[{"href":"https:\/\/premino.pl\/index.php?rest_route=\/wp\/v2\/product\/61577","targetHints":{"allow":["GET"]}}],"collection":[{"href":"https:\/\/premino.pl\/index.php?rest_route=\/wp\/v2\/product"}],"about":[{"href":"https:\/\/premino.pl\/index.php?rest_route=\/wp\/v2\/types\/product"}],"replies":[{"embeddable":true,"href":"https:\/\/premino.pl\/index.php?rest_route=%2Fwp%2Fv2%2Fcomments&post=61577"}],"wp:featuredmedia":[{"embeddable":true,"href":"https:\/\/premino.pl\/index.php?rest_route=\/wp\/v2\/media\/61578"}],"wp:attachment":[{"href":"https:\/\/premino.pl\/index.php?rest_route=%2Fwp%2Fv2%2Fmedia&parent=61577"}],"wp:term":[{"taxonomy":"kategoria-hurtowni","embeddable":true,"href":"https:\/\/premino.pl\/index.php?rest_route=%2Fwp%2Fv2%2Fkategoria-hurtowni&post=61577"},{"taxonomy":"product_brand","embeddable":true,"href":"https:\/\/premino.pl\/index.php?rest_route=%2Fwp%2Fv2%2Fproduct_brand&post=61577"},{"taxonomy":"product_cat","embeddable":true,"href":"https:\/\/premino.pl\/index.php?rest_route=%2Fwp%2Fv2%2Fproduct_cat&post=61577"},{"taxonomy":"product_tag","embeddable":true,"href":"https:\/\/premino.pl\/index.php?rest_route=%2Fwp%2Fv2%2Fproduct_tag&post=61577"}],"curies":[{"name":"wp","href":"https:\/\/api.w.org\/{rel}","templated":true}]}}