{"id":61721,"date":"2026-05-13T19:15:38","date_gmt":"2026-05-13T17:15:38","guid":{"rendered":"https:\/\/premino.pl\/?product=caviar-extravagant-mascara-mini-tusz-do-rzes-black-4-5ml"},"modified":"2026-05-13T19:15:38","modified_gmt":"2026-05-13T17:15:38","slug":"caviar-extravagant-mascara-mini-tusz-do-rzes-black-4-5ml","status":"publish","type":"product","link":"https:\/\/premino.pl\/?product=caviar-extravagant-mascara-mini-tusz-do-rzes-black-4-5ml","title":{"rendered":"Caviar Extravagant Mascara Mini tusz do rz\u0119s Black 4.5ml"},"content":{"rendered":"<p>Caviar Extravagant Mascara Mini to bogata, intensywna formu\u0142a, kt\u00f3r\u0105 mo\u017cna nak\u0142ada\u0107 warstwami bez ryzyka osypywania si\u0119 \u2013 dla spektakularnej obj\u0119to\u015bci i widocznego uniesienia rz\u0119s. Zainspirowana prac\u0105 profesjonalnych makija\u017cyst\u00f3w unikalna szczoteczka w kszta\u0142cie koniczyny precyzyjnie chwyta rz\u0119sy od nasady a\u017c po ko\u0144ce, rozdzielaj\u0105c je i definiuj\u0105c. Formu\u0142a wzbogacona o sk\u0142adniki piel\u0119gnacyjne pomaga wzmocni\u0107 rz\u0119sy z czasem, zapewniaj\u0105c efekt bez rozmazywania i odbijania.<\/p>\n<p><b>NAJWA\u017bNIEJSZE KORZY\u015aCI:<br \/><\/b>\u2022 Natychmiastowe zwi\u0119kszenie d\u0142ugo\u015bci i obj\u0119to\u015bci rz\u0119s przy jednoczesnym ich wzmacnianiu.<br \/>\u2022 Wyj\u0105tkowe podkr\u0119cenie i lifting od nasady a\u017c po same ko\u0144c\u00f3wki, dzi\u0119ki intensywnym czarnym i purpurowym pigmentom.<br \/>\u2022 Mo\u017cliwo\u015b\u0107 dok\u0142adania warstw przez ca\u0142y dzie\u0144 bez efektu osypywania \u2013 dla maksymalnej obj\u0119to\u015bci i dramatycznego efektu.<br \/>\u2022 Wzmacnia rz\u0119sy, wspieraj\u0105c ich zdrowy wygl\u0105d<br \/>\u2022 24-godzinna trwa\u0142o\u015b\u0107<br \/>\u2022 Odporno\u015b\u0107 na \u0142uszczenie si\u0119, odbijanie i rozmazywanie<br \/>\u2022 Odporno\u015b\u0107 na wilgo\u0107<br \/>\u2022 Testowany okulistycznie<br \/>\u2022 Odpowiedni dla sk\u00f3ry wra\u017cliwej<br \/>\u2022 Bezpieczny dla os\u00f3b nosz\u0105cych soczewki kontaktowe<\/p>\n<p><\/p>\n<p><strong>Do oczu wra\u017cliwych:<\/strong> tak<br \/>\n<strong>Efekt sztucznych rz\u0119s:<\/strong> nie<br \/>\n<strong>Gramatura:<\/strong> ml<br \/>\n<strong>Kolor:<\/strong> Black<br \/>\n<strong>Podkr\u0119caj\u0105ca:<\/strong> tak<br \/>\n<strong>Pogrubiaj\u0105ca:<\/strong> tak<br \/>\n<strong>Pojemno\u015b\u0107:<\/strong> 4.5<br \/>\n<strong>P\u0142e\u0107:<\/strong> damski<br \/>\n<strong>S\u0142o\u0144ce:<\/strong> nie<br \/>\n<strong>Wodoodporne:<\/strong> tak<br \/>\n<strong>Wyd\u0142u\u017caj\u0105ca:<\/strong> tak<\/p>\n<p><strong>Uwagi:<\/strong><\/p>\n<p>Zawsze aplikuj ostro\u017cnie i higienicznie.<\/p>\n<p><strong>Sk\u0142adniki:<\/strong><\/p>\n<p>WATER (AQUA\/EAU), COPERNICIA CERIFERA (CARNAUBA) WAX (COPERNICIA CERIFERA CERA\/CIRE DE CARNAUBA), GLYCERYL STEARATE, HYDROGENATED OLIVE OIL STEARYL ESTERS, SYNTHETIC WAX, VP\/VA COPOLYMER, STEARIC ACID, HELIANTHUS ANNUUS (SUNFLOWER) SEED WAX, PALMITIC ACID, BUTYLENE GLYCOL, OLEA EUROPAEA (OLIVE) OIL UNSAPONIFIABLES, GLYCERIN, AMINOMETHYL PROPANOL, PRUNUS DOMESTICA SEED EXTRACT, RICINUS COMMUNIS (CASTOR) SEED OIL, 1,2-HEXANEDIOL, CAPRYLYL GLYCOL, POLYIMIDE-1, BUTYROSPERMUM PARKII (SHEA) BUTTER, GALACTOARABINAN, RHUS VERNICIFLUA PEEL WAX, SHOREA ROBUSTA RESIN, SODIUM DEHYDROACETATE, ROSA CENTIFOLIA FLOWER WATER, SYNTHETIC FLUORPHLOGOPITE, SILICA, LECITHIN, MYROTHAMNUS FLABELLIFOLIA LEAF\/STEM EXTRACT, TOCOPHEROL, ASCORBYL PALMITATE, BENZYL ALCOHOL, SODIUM BENZOATE, POTASSIUM SORBATE, CITRIC ACID. +\/- (MAY CONTAIN\/PEUT CONTENIR) ULTRAMARINES (CI 77007), IRON OXIDES (CI 77491, CI 77492, CI 77499), TITANIUM DIOXIDE (CI 77891).<\/p>\n","protected":false},"excerpt":{"rendered":"<p> <strong>Do oczu wra\u017cliwych:<\/strong> tak<br \/>  <strong>Efekt sztucznych rz\u0119s:<\/strong> nie<br \/>  <strong>Gramatura:<\/strong> ml<br \/>  <strong>Kolor:<\/strong> Black<br \/>  <strong>Podkr\u0119caj\u0105ca:<\/strong> tak<br \/>  <strong>Pogrubiaj\u0105ca:<\/strong> tak<br \/>  <strong>Pojemno\u015b\u0107:<\/strong> 4.5<br \/>  <strong>P\u0142e\u0107:<\/strong> damski<br \/>  <strong>S\u0142o\u0144ce:<\/strong> nie<br \/>  <strong>Wodoodporne:<\/strong> tak<br \/>  <strong>Wyd\u0142u\u017caj\u0105ca:<\/strong> tak <\/p>\n","protected":false},"featured_media":61722,"comment_status":"open","ping_status":"closed","template":"","meta":{"_acf_changed":false},"kategoria-hurtowni":[83,126,178],"product_brand":[665],"product_cat":[76],"product_tag":[],"class_list":{"0":"post-61721","1":"product","2":"type-product","3":"status-publish","4":"has-post-thumbnail","6":"kategoria-hurtowni-makijaz","7":"kategoria-hurtowni-makijaz-oczy","8":"kategoria-hurtowni-maskara","9":"product_brand-laura-mercier","10":"product_cat-primavera","12":"first","13":"outofstock","14":"taxable","15":"shipping-taxable","16":"product-type-simple"},"acf":[],"_links":{"self":[{"href":"https:\/\/premino.pl\/index.php?rest_route=\/wp\/v2\/product\/61721","targetHints":{"allow":["GET"]}}],"collection":[{"href":"https:\/\/premino.pl\/index.php?rest_route=\/wp\/v2\/product"}],"about":[{"href":"https:\/\/premino.pl\/index.php?rest_route=\/wp\/v2\/types\/product"}],"replies":[{"embeddable":true,"href":"https:\/\/premino.pl\/index.php?rest_route=%2Fwp%2Fv2%2Fcomments&post=61721"}],"wp:featuredmedia":[{"embeddable":true,"href":"https:\/\/premino.pl\/index.php?rest_route=\/wp\/v2\/media\/61722"}],"wp:attachment":[{"href":"https:\/\/premino.pl\/index.php?rest_route=%2Fwp%2Fv2%2Fmedia&parent=61721"}],"wp:term":[{"taxonomy":"kategoria-hurtowni","embeddable":true,"href":"https:\/\/premino.pl\/index.php?rest_route=%2Fwp%2Fv2%2Fkategoria-hurtowni&post=61721"},{"taxonomy":"product_brand","embeddable":true,"href":"https:\/\/premino.pl\/index.php?rest_route=%2Fwp%2Fv2%2Fproduct_brand&post=61721"},{"taxonomy":"product_cat","embeddable":true,"href":"https:\/\/premino.pl\/index.php?rest_route=%2Fwp%2Fv2%2Fproduct_cat&post=61721"},{"taxonomy":"product_tag","embeddable":true,"href":"https:\/\/premino.pl\/index.php?rest_route=%2Fwp%2Fv2%2Fproduct_tag&post=61721"}],"curies":[{"name":"wp","href":"https:\/\/api.w.org\/{rel}","templated":true}]}}