{"id":62851,"date":"2026-05-13T19:23:47","date_gmt":"2026-05-13T17:23:47","guid":{"rendered":"https:\/\/premino.pl\/?product=mizu-night-cream-krem-do-twarzy-na-noc-50ml"},"modified":"2026-05-13T19:23:48","modified_gmt":"2026-05-13T17:23:48","slug":"mizu-night-cream-krem-do-twarzy-na-noc-50ml","status":"publish","type":"product","link":"https:\/\/premino.pl\/?product=mizu-night-cream-krem-do-twarzy-na-noc-50ml","title":{"rendered":"Mizu Night Cream krem do twarzy na noc 50ml"},"content":{"rendered":"<p>Silnie nawil\u017caj\u0105cy krem na noc MIZU wyg\u0142adza zmarszczki, redukuje zwiotczenie i wzmacnia barier\u0119 hydrolipidow\u0105 sk\u00f3ry. G\u0142\u00f3wnym sk\u0142adnikiem aktywnym produktu jest zielony kawior (naturalny ekstrakt z alg Caulerpa lentillifera). To rzadki i drogi sk\u0142adnik, kt\u00f3ry jest dost\u0119pny tylko w wysokiej jako\u015bci formu\u0142ach kosmetycznych przeciwstarzeniowych. Krem jest odpowiedni dla ka\u017cdego rodzaju sk\u00f3ry, a w szczeg\u00f3lno\u015bci dla suchej. Zapewnia nawil\u017cenie nawet do 24 godzin.<\/p>\n<p><b>CO SI\u0118 DZIEJE, GDY SK\u00d3RA NIE JEST DOSTATECZNIE NAWIL\u017bONA?<br \/><\/b>\u2022 proces starzenia si\u0119 nask\u00f3rka zostaje przyspieszony<br \/>\u2022 uwydatniaj\u0105 si\u0119 wszelkie niedoskona\u0142o\u015bci \u2013 zmarszczki, przebarwienia<br \/>\u2022 sk\u00f3ra matowieje i szarzeje<br \/>\u2022 sk\u00f3ra staje si\u0119 szorstka i nieprzyjemna w dotyku<br \/>\u2022 zwi\u0119ksza si\u0119 sk\u0142onno\u015b\u0107 do podra\u017cnie\u0144, sw\u0119dze\u0144 i zaczerwienie\u0144<\/p>\n<p><b>JAK CZ\u0118STO NALE\u017bY NAWIL\u017bA\u0106 SK\u00d3R\u0118?<br \/><\/b>Sk\u00f3r\u0119 powinni\u015bmy nawil\u017ca\u0107 przez ca\u0142y rok, codziennie, zar\u00f3wno rano, jak i przed p\u00f3j\u015bciem spa\u0107 \u2013 dzi\u0119ki temu uzupe\u0142niamy poziom wody w nask\u00f3rku, ale przede wszystkim, zapobiegamy odwodnieniu. Wyniki bada\u0144 wskazuj\u0105, \u017ce regularna aplikacja kremu na sk\u00f3r\u0119 dwa razy dziennie najefektywniej zapobiega rozwijaniu si\u0119 objaw\u00f3w sucho\u015bci sk\u00f3ry.<\/p>\n<p><b>KREM NA NOC MIZU<br \/><\/b>Bogata konsystencja kremu na noc LAMBRE MIZU, gwarantuje nocn\u0105 piel\u0119gnacj\u0119, kt\u00f3ra intensywnie nawil\u017ca sk\u00f3r\u0119 podczas snu. Formu\u0142a zawiera kompleks starannie wyselekcjonowanych sk\u0142adnik\u00f3w ro\u015blinnych &#8211; Green Caviar, AQUAXYL\u2122, mas\u0142o oliwkowe, kt\u00f3re dzia\u0142aj\u0105 aktywnie podczas snu, by pom\u00f3c w regeneracji Twojej sk\u00f3ry, kiedy odpoczywa. Mniej widocznych oznak starzenia i wypocz\u0119ta, pe\u0142na \u015bwie\u017cego blasku cera ka\u017cdego poranka.<\/p>\n<p>\u2022 aktywna piel\u0119gnacja sk\u00f3ry podczas snu<br \/>\u2022 intensywnie nawil\u017ca i regeneruje<br \/>\u2022 wypocz\u0119ta i pe\u0142na blasku sk\u00f3ra ka\u017cdego ranka<\/p>\n<p>\u00a0<b>SK\u0141ADNIKI AKTYWNE<\/b>:<br \/>\u2022\u00a0Ekstrakt z zielonego kawioru\u00a0&#8211;\u00a0Zielony kawior, zwany te\u017c morsk\u0105 winoro\u015bl\u0105 lub ro\u015blinnymi per\u0142ami prosto z serca Filipin, to pochodz\u0105ce z Azji Po\u0142udniowo-Wschodniej algi bogate w makroelementy o w\u0142a\u015bciwo\u015bciach higroskopijnych, czyli ze zdolno\u015bci\u0105 do \u201ewychwytywania\u201d i \u201ezatrzymywania\u201d wody.<br \/>\u2022\u00a0Aquaxyl\u2122\u00a0&#8211; Nawil\u017caj\u0105cy kompleks stworzony na bazie naturalnych pochodnych cukr\u00f3w. Wzmacnia funkcj\u0119 bariery sk\u00f3ry, a tak\u017ce poziom jej rezerw wodnych. Nie tylko b\u0142yskawicznie nawil\u017cy Twoj\u0105 sk\u00f3r\u0119, ale te\u017c rozprawi si\u0119 z nast\u0119pstwami jej odwodnienia \u2013 szorstko\u015bci\u0105, \u0142uszczeniem si\u0119 czy mikrop\u0119kni\u0119ciami.<br \/>\u2022\u00a0Mas\u0142o oliwkowe\u00a0&#8211; Otrzymywane z oliwkowego oleju ro\u015blinnego w procesie t\u0142oczenia na zimno wybranych owoc\u00f3w oliwki, kt\u00f3re nast\u0119pnie przechodz\u0105 proces rafinacji. Doskonale nawil\u017ca i wyg\u0142adza sk\u00f3r\u0119, a tak\u017ce szybko si\u0119 wch\u0142ania. Wzbogacone nim kosmetyki \u0142atwo rozprowadzaj\u0105 si\u0119 na sk\u00f3rze.<br \/>\u2022\u00a0Betaina\u00a0&#8211; Naturalny surowiec pozyskiwany z buraka cukrowego. Jego g\u0142\u00f3wn\u0105 zalet\u0105 jest zdolno\u015b\u0107 intensywnego nawil\u017cania \u2013 nawil\u017ca nawet silniej ni\u017c woda! Poprzez stabilizacj\u0119 poziomu nawil\u017cenia wp\u0142ywa r\u00f3wnie\u017c na zwi\u0119kszenie elastyczno\u015bci sk\u00f3ry. Posiada r\u00f3wnie\u017c zdolno\u015b\u0107 \u0142agodzenia podra\u017cnie\u0144 sk\u00f3ry.<br \/>\u2022\u00a0Alantoina\u00a0&#8211;\u00a0Substancja pochodzenia naturalnego, kt\u00f3ra posiada szerokie zastosowanie w kosmetyce. Wyst\u0119puje w wielu preparatach przeznaczonych zar\u00f3wno dla dzieci jak i dla doros\u0142ych. Alantoina wykazuje silne dzia\u0142anie nawil\u017caj\u0105ce, co spowodowane jest jej zdolno\u015bci\u0105 nie tylko do przyci\u0105gania cz\u0105steczek wody, ale te\u017c ich magazynowania.<\/p>\n<p><b>STOSOWANIE:<br \/><\/b>Stosowa\u0107 codziennie wieczorem. Delikatnie wmasowa\u0107 w sk\u00f3r\u0119 twarzy, szyi i dekoltu.<\/p>\n<p><strong>Dzia\u0142anie:<\/strong> chroni, nawil\u017caj\u0105ce, redukuje zmarszczki, uelastycznia, wyg\u0142adza<br \/>\n<strong>Gramatura:<\/strong> ml<br \/>\n<strong>Konsystencja:<\/strong> krem<br \/>\n<strong>Linie elitarne:<\/strong> nie<br \/>\n<strong>Piel\u0119gnacja specyficzna:<\/strong> nie<br \/>\n<strong>Pojemno\u015b\u0107:<\/strong> 50<br \/>\n<strong>Pora stosowania:<\/strong> noc<br \/>\n<strong>P\u0142e\u0107:<\/strong> damski<br \/>\n<strong>Rodzaj sk\u00f3ry:<\/strong> dojrza\u0142a<br \/>\n<strong>S\u0142o\u0144ce:<\/strong> nie<br \/>\n<strong>Typ sk\u00f3ry:<\/strong> mieszana\/t\u0142usta, normalna, sucha<\/p>\n<p><strong>Uwagi:<\/strong><\/p>\n<p>Unika\u0107 kontaktu z oczami.<\/p>\n<p><strong>Sk\u0142adniki:<\/strong><\/p>\n<p>AQUA, CAPRYLIC\/CAPRIC TRIGLYCERIDE, C12-13 ALKYL LACTATE, GLYCERIN, ISODECYL NEOPENTANOATE, BETAINE, MYRISTYL MYRISTATE, ARACHIDYL ALCOHOL, BEHENYL ALCOHOL, DECYL COCOATE, XYLITYLGLUCOSIDE, ANHYDROXYLITOL, OLEA EUROPAEA FRUIT OIL, HYDROGENATED VEGETABLE OIL, LIMNANTHES ALBA SEED OIL, ARACHIDYL GLUCOSIDE, CETEARYL ALCOHOL,  CAULERPA LENTILLIFERA EXTRACT, TOCOPHERYL ACETATE, PHENOXYETHANOL, SODIUM ACRYLATE \/ SODIUM ACRYLOYLDIMETHYL TAURATE COPOLYMER, ISOHEXADECANE, DISTARCH PHOSPHATE,  PARFUM, PENTYLENE GLYCOL, CAPRYLYL GLYCOL, ALLANTOIN, ETHYLHEXYLGLYCERIN,  XANTHAN GUM, TRIETHANOLAMINE, ACRYLATES\/C10-30 ALKYL ACRYLATE CROSSPOLYMER,  XYLITOL, GLUCOSE, POLYSORBATE 80, SORBITAN OLEATE, SODIUM BENZOATE, CITRIC ACID, TOCOPHEROL, DISODIUM EDTA.<\/p>\n","protected":false},"excerpt":{"rendered":"<p> <strong>Dzia\u0142anie:<\/strong> chroni, nawil\u017caj\u0105ce, redukuje zmarszczki, uelastycznia, wyg\u0142adza<br \/>  <strong>Gramatura:<\/strong> ml<br \/>  <strong>Konsystencja:<\/strong> krem<br \/>  <strong>Linie elitarne:<\/strong> nie<br \/>  <strong>Piel\u0119gnacja specyficzna:<\/strong> nie<br \/>  <strong>Pojemno\u015b\u0107:<\/strong> 50<br \/>  <strong>Pora stosowania:<\/strong> noc<br \/>  <strong>P\u0142e\u0107:<\/strong> damski<br \/>  <strong>Rodzaj sk\u00f3ry:<\/strong> dojrza\u0142a<br \/>  <strong>S\u0142o\u0144ce:<\/strong> nie<br \/>  <strong>Typ sk\u00f3ry:<\/strong> mieszana\/t\u0142usta, normalna, sucha <\/p>\n","protected":false},"featured_media":62852,"comment_status":"open","ping_status":"closed","template":"","meta":{"_acf_changed":false},"kategoria-hurtowni":[90,109,110],"product_brand":[1021],"product_cat":[76],"product_tag":[],"class_list":{"0":"post-62851","1":"product","2":"type-product","3":"status-publish","4":"has-post-thumbnail","6":"kategoria-hurtowni-pielegnacja","7":"kategoria-hurtowni-pielegnacja-twarzy-pielegnacja","8":"kategoria-hurtowni-twarz-pielegnacja-twarzy-pielegnacja","9":"product_brand-lambre","10":"product_cat-primavera","12":"first","13":"outofstock","14":"taxable","15":"shipping-taxable","16":"product-type-simple"},"acf":[],"_links":{"self":[{"href":"https:\/\/premino.pl\/index.php?rest_route=\/wp\/v2\/product\/62851","targetHints":{"allow":["GET"]}}],"collection":[{"href":"https:\/\/premino.pl\/index.php?rest_route=\/wp\/v2\/product"}],"about":[{"href":"https:\/\/premino.pl\/index.php?rest_route=\/wp\/v2\/types\/product"}],"replies":[{"embeddable":true,"href":"https:\/\/premino.pl\/index.php?rest_route=%2Fwp%2Fv2%2Fcomments&post=62851"}],"wp:featuredmedia":[{"embeddable":true,"href":"https:\/\/premino.pl\/index.php?rest_route=\/wp\/v2\/media\/62852"}],"wp:attachment":[{"href":"https:\/\/premino.pl\/index.php?rest_route=%2Fwp%2Fv2%2Fmedia&parent=62851"}],"wp:term":[{"taxonomy":"kategoria-hurtowni","embeddable":true,"href":"https:\/\/premino.pl\/index.php?rest_route=%2Fwp%2Fv2%2Fkategoria-hurtowni&post=62851"},{"taxonomy":"product_brand","embeddable":true,"href":"https:\/\/premino.pl\/index.php?rest_route=%2Fwp%2Fv2%2Fproduct_brand&post=62851"},{"taxonomy":"product_cat","embeddable":true,"href":"https:\/\/premino.pl\/index.php?rest_route=%2Fwp%2Fv2%2Fproduct_cat&post=62851"},{"taxonomy":"product_tag","embeddable":true,"href":"https:\/\/premino.pl\/index.php?rest_route=%2Fwp%2Fv2%2Fproduct_tag&post=62851"}],"curies":[{"name":"wp","href":"https:\/\/api.w.org\/{rel}","templated":true}]}}