{"id":62861,"date":"2026-05-13T19:23:51","date_gmt":"2026-05-13T17:23:51","guid":{"rendered":"https:\/\/premino.pl\/?product=tto-face-tonic-tonik-do-twarzy-250ml"},"modified":"2026-05-13T19:23:52","modified_gmt":"2026-05-13T17:23:52","slug":"tto-face-tonic-tonik-do-twarzy-250ml","status":"publish","type":"product","link":"https:\/\/premino.pl\/?product=tto-face-tonic-tonik-do-twarzy-250ml","title":{"rendered":"TTO Face Tonic tonik do twarzy 250ml"},"content":{"rendered":"<p>Dok\u0142adnie oczyszcza i \u015bci\u0105ga pory. Zmniejsza zmiany tr\u0105dzikowe, hamuje wytwarzanie sebum. Olejek herbaciany w po\u0142\u0105czeniu z Ac. Net i Echinace\u0105 Purpure\u0105 zapobiega rozwojowi bakterii, efektywnie przeciwdzia\u0142aj\u0105c powstawaniu nowych wykwit\u00f3w tr\u0105dzikowych. Delikatna konsystencja przywraca sk\u00f3rze naturalne pH, od\u015bwie\u017ca i dezynfekuje. Tonik TTO jest bezalkoholowy, dzi\u0119ki czemu nie podra\u017cnia sk\u00f3ry.<\/p>\n<p>\u017beby m\u00f3c cieszy\u0107 si\u0119 zdrow\u0105 i pi\u0119kn\u0105 cer\u0105, bez wzgl\u0119du na wiek, piel\u0119gnacji sk\u00f3ry z problemami nale\u017cy po\u015bwi\u0119ci\u0107 odpowiedni\u0105 uwag\u0119 i zastosowa\u0107 specjalistyczne preparaty. Z my\u015bl\u0105 o sk\u00f3rze wymagaj\u0105cej specjalnej piel\u0119gnacji w ka\u017cdym wieku LAMBRE stworzy\u0142o lini\u0119 kosmetyk\u00f3w z niezwyk\u0142ym olejkiem z drzewa herbacianego s\u0142yn\u0105cym ze zdumiewaj\u0105co skutecznych w\u0142a\u015bciwo\u015bci antybakteryjnych, przeciwzapalnych i antyseptycznych.<\/p>\n<p>\u2022 zmniejsza zmiany tr\u0105dzikowe, dzi\u0119ki ograniczeniu wytwarzania t\u0142uszczu i zmniejszeniu rogowacenia sk\u00f3ry<br \/>\u2022 posiada w\u0142a\u015bciwo\u015bci przeciwzapalne, antybakteryjne, przeciwwirusowe, goj\u0105ce, nawil\u017caj\u0105ce<br \/>\u2022 delikatnie \u015bci\u0105ga rozszerzone pory i zmniejsza tendencj\u0119 do zalegania w nich wydzieliny \u0142ojowej, zmniejsza wydzielanie \u0142oju<br \/>\u2022 zmniejsza sk\u0142onno\u015bci do powstawania zmian tr\u0105dzikowych u os\u00f3b zmagaj\u0105cych si\u0119 z tym problemem<br \/>\u2022 przyczynia si\u0119 do zmniejszenia ilo\u015bci zask\u00f3rnik\u00f3w<br \/>\u2022 odpowiednio nawil\u017ca sk\u00f3r\u0119<br \/>\u2022 jest \u015brodkiem naturalnym, zapobiegaj\u0105cym bakteryjnym chorobom sk\u00f3ry<br \/>\u2022 zmi\u0119kcza i wyg\u0142adza sk\u00f3r\u0119<\/p>\n<p><b>SK\u0141ADNIKI AKTYWNE:<\/b><br \/>\u2022\u00a0AC. NET\u00a0&#8211; to po\u0142\u0105czenie dw\u00f3ch kwas\u00f3w: kwasu oleinowego, kt\u00f3ry powoduje zmniejszenie wydzielania przez sk\u00f3r\u0119 sebum, oraz kwasu nordihydroguaiaretowego (NDGA), kt\u00f3ry jest regulatorem wzrostu kom\u00f3rek i zapobiega nadmiernemu rogowaceniu i stanom zapalnym.<br \/>\u2022\u00a0Ekstrakt z je\u017c\u00f3wki purpurowej Echinacea purpurea\u00a0&#8211; je\u017c\u00f3wka wyst\u0119puje w centralnych regionach USA, a tak\u017ce w Europie. Jest znana jako naturalny antybiotyk stosowany do oczyszczania przy infekcyjnych chorobach sk\u00f3ry. Wykazuje w\u0142a\u015bciwo\u015bci przeciwzapalne, przeciwbakteryjne i przeciwwirusowe. Reguluje flor\u0119 bakteryjn\u0105 sk\u00f3ry, jest silnym stymulatorem uk\u0142adu odporno\u015bciowego, a tak\u017ce aktywuje procesy regeneracji kom\u00f3rek.<br \/>\u2022\u00a0Olejek z drzewa herbacianego\u00a0&#8211; otrzymywany z li\u015bci i ga\u0142\u0119zi drzewa Melaleuca alternifolia metod\u0105 destylacji z par\u0105 wodn\u0105. Jest to p\u0142yn o kolorze blado \u017c\u00f3\u0142tym lub oliwkowym o ciep\u0142ym, \u015bwie\u017cym, kamforowym i nieco korzennym aromacie. Posiada antybakteryjne, antyseptyczne i przeciwwirusowe dzia\u0142anie. Sprzyja szybszemu gojeniu drobnych uszkodze\u0144 sk\u00f3ry. Jest dobrze tolerowany przez sk\u00f3r\u0119.<\/p>\n<p><b>STOSOWANIE:<\/b><br \/>U\u017cywa\u0107 codziennie rano i wieczorem. Tonik mo\u017cna stosowa\u0107 r\u00f3wnie\u017c w ci\u0105gu dnia w celu od\u015bwie\u017cenia i oczyszczenia sk\u00f3ry.<\/p>\n<p><strong>Dzia\u0142anie:<\/strong> nawil\u017caj\u0105ce, przeciwzapalne, redukcja por\u00f3w, r\u00f3wnowa\u017c\u0105ce, wyg\u0142adza, zmi\u0119kcza<br \/>\n<strong>Gramatura:<\/strong> ml<br \/>\n<strong>Konsystencja:<\/strong> tonik<br \/>\n<strong>Linie elitarne:<\/strong> nie<br \/>\n<strong>Piel\u0119gnacja specyficzna:<\/strong> nie<br \/>\n<strong>Pojemno\u015b\u0107:<\/strong> 250<br \/>\n<strong>Pora stosowania:<\/strong> dowolnie<br \/>\n<strong>P\u0142e\u0107:<\/strong> damski<br \/>\n<strong>S\u0142o\u0144ce:<\/strong> nie<br \/>\n<strong>Typ sk\u00f3ry:<\/strong> mieszana\/t\u0142usta, normalna, sucha<\/p>\n<p><strong>Uwagi:<\/strong><\/p>\n<p>Unika\u0107 kontaktu z oczami.<\/p>\n<p><strong>Sk\u0142adniki:<\/strong><\/p>\n<p>AQUA, GLYCERIN, PARFUM, BUTYLENE GLYCOL, PEG-40 HYDROGENATED CASTOR OIL, PPG-26-BUTETH-26, TRIDECETH-9, PEG-5 ETHYLHEXANOATE, POLYSORBATE 20, ECHINACEA PURPUREA EXTRACT, PEG-60 ALMOND GLYCERIDES, CAPRYLYL GLYCOL, MELALEUCA ALTERNIFOLIA LEAF OIL, CARBOMER, NORDIHYDROGUAIARETIC ACID, OLEANOLIC ACID, PHENOXYETHANOL, DMDM HYDANTOIN, METHYLPARABEN, PROPYLPARABEN, DISODIUM EDTA<\/p>\n","protected":false},"excerpt":{"rendered":"<p> <strong>Dzia\u0142anie:<\/strong> nawil\u017caj\u0105ce, przeciwzapalne, redukcja por\u00f3w, r\u00f3wnowa\u017c\u0105ce, wyg\u0142adza, zmi\u0119kcza<br \/>  <strong>Gramatura:<\/strong> ml<br \/>  <strong>Konsystencja:<\/strong> tonik<br \/>  <strong>Linie elitarne:<\/strong> nie<br \/>  <strong>Piel\u0119gnacja specyficzna:<\/strong> nie<br \/>  <strong>Pojemno\u015b\u0107:<\/strong> 250<br \/>  <strong>Pora stosowania:<\/strong> dowolnie<br \/>  <strong>P\u0142e\u0107:<\/strong> damski<br \/>  <strong>S\u0142o\u0144ce:<\/strong> nie<br \/>  <strong>Typ sk\u00f3ry:<\/strong> mieszana\/t\u0142usta, normalna, sucha <\/p>\n","protected":false},"featured_media":62862,"comment_status":"open","ping_status":"closed","template":"","meta":{"_acf_changed":false},"kategoria-hurtowni":[90,109,110],"product_brand":[1021],"product_cat":[76],"product_tag":[],"class_list":{"0":"post-62861","1":"product","2":"type-product","3":"status-publish","4":"has-post-thumbnail","6":"kategoria-hurtowni-pielegnacja","7":"kategoria-hurtowni-pielegnacja-twarzy-pielegnacja","8":"kategoria-hurtowni-twarz-pielegnacja-twarzy-pielegnacja","9":"product_brand-lambre","10":"product_cat-primavera","12":"first","13":"outofstock","14":"taxable","15":"shipping-taxable","16":"product-type-simple"},"acf":[],"_links":{"self":[{"href":"https:\/\/premino.pl\/index.php?rest_route=\/wp\/v2\/product\/62861","targetHints":{"allow":["GET"]}}],"collection":[{"href":"https:\/\/premino.pl\/index.php?rest_route=\/wp\/v2\/product"}],"about":[{"href":"https:\/\/premino.pl\/index.php?rest_route=\/wp\/v2\/types\/product"}],"replies":[{"embeddable":true,"href":"https:\/\/premino.pl\/index.php?rest_route=%2Fwp%2Fv2%2Fcomments&post=62861"}],"wp:featuredmedia":[{"embeddable":true,"href":"https:\/\/premino.pl\/index.php?rest_route=\/wp\/v2\/media\/62862"}],"wp:attachment":[{"href":"https:\/\/premino.pl\/index.php?rest_route=%2Fwp%2Fv2%2Fmedia&parent=62861"}],"wp:term":[{"taxonomy":"kategoria-hurtowni","embeddable":true,"href":"https:\/\/premino.pl\/index.php?rest_route=%2Fwp%2Fv2%2Fkategoria-hurtowni&post=62861"},{"taxonomy":"product_brand","embeddable":true,"href":"https:\/\/premino.pl\/index.php?rest_route=%2Fwp%2Fv2%2Fproduct_brand&post=62861"},{"taxonomy":"product_cat","embeddable":true,"href":"https:\/\/premino.pl\/index.php?rest_route=%2Fwp%2Fv2%2Fproduct_cat&post=62861"},{"taxonomy":"product_tag","embeddable":true,"href":"https:\/\/premino.pl\/index.php?rest_route=%2Fwp%2Fv2%2Fproduct_tag&post=62861"}],"curies":[{"name":"wp","href":"https:\/\/api.w.org\/{rel}","templated":true}]}}