{"id":63117,"date":"2026-05-13T19:25:49","date_gmt":"2026-05-13T17:25:49","guid":{"rendered":"https:\/\/premino.pl\/?product=exfoliac-global-x-pro-intensywnie-dzialajacy-krem-na-niedoskonalosci-30ml"},"modified":"2026-05-13T19:25:49","modified_gmt":"2026-05-13T17:25:49","slug":"exfoliac-global-x-pro-intensywnie-dzialajacy-krem-na-niedoskonalosci-30ml","status":"publish","type":"product","link":"https:\/\/premino.pl\/?product=exfoliac-global-x-pro-intensywnie-dzialajacy-krem-na-niedoskonalosci-30ml","title":{"rendered":"Exfoliac Global X-Pro intensywnie dzia\u0142aj\u0105cy krem na niedoskona\u0142o\u015bci 30ml"},"content":{"rendered":"<p><b>Rewolucja w piel\u0119gnacji sk\u00f3ry tr\u0105dzikowej i z przebarwieniami<br \/><\/b>Nowej generacji formu\u0142a, kt\u00f3ra dzia\u0142a kompleksowo na wszystkie przyczyny tr\u0105dziku \u2014 bez podra\u017cnie\u0144 i przesuszenia!<\/p>\n<p>Masz do\u015b\u0107 agresywnych produkt\u00f3w, kt\u00f3re podra\u017cniaj\u0105 sk\u00f3r\u0119 i nie przynosz\u0105 trwa\u0142ych efekt\u00f3w? Oto piel\u0119gnacja, kt\u00f3ra dzia\u0142a skutecznie, a jednocze\u015bnie \u0142agodnie. Innowacyjna formu\u0142a \u0142\u0105czy a\u017c 8 funkcji w jednym kroku, by walczy\u0107 z tr\u0105dzikiem, przebarwieniami i oznakami starzenia.<\/p>\n<p><b>Zaawansowana kuracja na tr\u0105dzik umiarkowany i ci\u0119\u017cki oraz blizny potr\u0105dzikowe<br \/><\/b>Dzia\u0142a ju\u017c od pierwszej aplikacji \u2013 koi, redukuje niedoskona\u0142o\u015bci i zapobiega nawrotom.<\/p>\n<p><b>8 kompleksowych funkcji:<br \/><\/b>\u2022 Delikatne z\u0142uszczanie biologiczne<br \/>\u2022 Wyg\u0142adzenie struktury sk\u00f3ry<br \/>\u2022 Regulacja sebum i efekt matuj\u0105cy<br \/>\u2022 Dzia\u0142anie przeciwzmarszczkowe<br \/>\u2022 Odbudowa mikrobiomu i neutralizacja bakterii C. acnes<br \/>\u2022 Zmniejszenie ryzyka nawrot\u00f3w tr\u0105dziku<br \/>\u2022 Intensywne nawil\u017cenie przez 24h<br \/>\u2022 Ukojenie sk\u00f3ry od pierwszego u\u017cycia*<\/p>\n<p>*Na podstawie samooceny 27 os\u00f3b.<\/p>\n<p><b>Zaawansowana formu\u0142a:<br \/><\/b>ACNESYL X-PRO<br \/>Ekstrakt z niedojrza\u0142ego granatu po\u0142\u0105czony z morskim postbiotykiem przywraca r\u00f3wnowag\u0119 mikrobiomu poprzez blokowanie komunikacji mi\u0119dzy bakteriami i dezaktywacj\u0119 czynnik\u00f3w wirulencji\u00a0C.Acnes\u00a0. \u0141agodzi pryszcze ju\u017c od pierwszej aplikacji.<\/p>\n<p>X-REGENOL<br \/>Po\u0142\u0105czenie silnego biologicznego eksfolianta z \u017celem AHA o kontrolowanym uwalnianiu \u2014 dla efektywnej, ale \u0142agodnej odnowy kom\u00f3rkowej.<\/p>\n<p>Witamina PP (4%)<br \/>Reguluje wydzielanie sebum i wzmacnia barier\u0119 ochronn\u0105 sk\u00f3ry.<\/p>\n<p>Az\u00e9loglicyna<br \/>\u0141agodniejsza, ale skuteczna pochodna kwasu azelainowego o dzia\u0142aniu antyoksydacyjnym.<\/p>\n<p>Kompleks Gliceryna\u2013Z\u00e9m\u00e9a<br \/>Zapewnia d\u0142ugotrwa\u0142e nawil\u017cenie przez ca\u0142\u0105 dob\u0119.<\/p>\n<p><b>Spos\u00f3b u\u017cycia:<br \/><\/b>Stosuj rano i\/lub wieczorem na oczyszczon\u0105 sk\u00f3r\u0119 twarzy. Idealny r\u00f3wnie\u017c jako uzupe\u0142nienie terapii przeciwtr\u0105dzikowej.<\/p>\n<p><strong>Dzia\u0142anie:<\/strong> matuj\u0105ce, nawil\u017caj\u0105ce, przeciwzapalne, redukuje wypryski, redukuje zmarszczki, rozja\u015bnia przebarwienia, wyg\u0142adza, z\u0142uszcza nask\u00f3rek, \u0142agodzi podra\u017cnienia<br \/>\n<strong>Gramatura:<\/strong> ml<br \/>\n<strong>Konsystencja:<\/strong> krem<br \/>\n<strong>Linie elitarne:<\/strong> nie<br \/>\n<strong>Piel\u0119gnacja specyficzna:<\/strong> nie<br \/>\n<strong>Pojemno\u015b\u0107:<\/strong> 30<br \/>\n<strong>Pora stosowania:<\/strong> dowolnie, dzie\u0144, noc<br \/>\n<strong>P\u0142e\u0107:<\/strong> unisex<br \/>\n<strong>S\u0142o\u0144ce:<\/strong> nie<br \/>\n<strong>Typ sk\u00f3ry:<\/strong> mieszana\/t\u0142usta<\/p>\n<p><strong>Uwagi:<\/strong><\/p>\n<p>Do u\u017cytku zewn\u0119trznego. Przechowywa\u0107 poza zasi\u0119giem dzieci. Przechowywa\u0107 w ch\u0142odnym, suchym miejscu, z dala od \u017ar\u00f3de\u0142 ciep\u0142a i \u015bwiat\u0142a.<\/p>\n<p><strong>Sk\u0142adniki:<\/strong><\/p>\n<p>AQUA (WATER), GLYCERIN, NIACINAMIDE, CAPRYLIC\/CAPRIC TRIGLYCERIDE, ORYZA SATIVA (RICE) POWDER, OENOTHERA BIENNIS (EVENING PRIMROSE) OIL, PROPANEDIOL, IMPERATA CYLINDRICA ROOT EXTRACT, SODIUM POLYACRYLATE, TOCOPHERYL ACETATE, POTASSIUM AZELOYL DIGLYCINATE, PUNICA GRANATUM PERICARP EXTRACT, HELIANTHUS ANNUUS (SUNFLOWER) SEED OIL, SACCHARIDE ISOMERATE, GLYCOLIC ACID, PARFUM (FRAGRANCE), CARBOMER, MALTODEXTRIN, CAPRYLYL GLYCOL, 1,2-HEXANEDIOL, ETHYLHEXYLGLYCERIN, SODIUM HYDROXIDE, LACTIC ACID, SODIUM MAGNESIUM SILICATE, CITRIC ACID, TOCOPHEROL, PAPAIN, SODIUM CITRATE, XANTHAN GUM, ACRYLATES\/C10-30 ALKYL ACRYLATE CROSSPOLYMER, ALGIN, BIOTIN, HEXAMETHYLINDANOPYRAN.<\/p>\n","protected":false},"excerpt":{"rendered":"<p> <strong>Dzia\u0142anie:<\/strong> matuj\u0105ce, nawil\u017caj\u0105ce, przeciwzapalne, redukuje wypryski, redukuje zmarszczki, rozja\u015bnia przebarwienia, wyg\u0142adza, z\u0142uszcza nask\u00f3rek, \u0142agodzi podra\u017cnienia<br \/>  <strong>Gramatura:<\/strong> ml<br \/>  <strong>Konsystencja:<\/strong> krem<br \/>  <strong>Linie elitarne:<\/strong> nie<br \/>  <strong>Piel\u0119gnacja specyficzna:<\/strong> nie<br \/>  <strong>Pojemno\u015b\u0107:<\/strong> 30<br \/>  <strong>Pora stosowania:<\/strong> dowolnie, dzie\u0144, noc<br \/>  <strong>P\u0142e\u0107:<\/strong> unisex<br \/>  <strong>S\u0142o\u0144ce:<\/strong> nie<br \/>  <strong>Typ sk\u00f3ry:<\/strong> mieszana\/t\u0142usta <\/p>\n","protected":false},"featured_media":63118,"comment_status":"open","ping_status":"closed","template":"","meta":{"_acf_changed":false},"kategoria-hurtowni":[211,214,215],"product_brand":[1027],"product_cat":[76],"product_tag":[],"class_list":{"0":"post-63117","1":"product","2":"type-product","3":"status-publish","4":"has-post-thumbnail","6":"kategoria-hurtowni-dermokosmetyki","7":"kategoria-hurtowni-pielegnacja-twarzy-dermokosmetyki","8":"kategoria-hurtowni-twarz-pielegnacja-twarzy-dermokosmetyki","9":"product_brand-noreva","10":"product_cat-primavera","12":"first","13":"outofstock","14":"taxable","15":"shipping-taxable","16":"product-type-simple"},"acf":[],"_links":{"self":[{"href":"https:\/\/premino.pl\/index.php?rest_route=\/wp\/v2\/product\/63117","targetHints":{"allow":["GET"]}}],"collection":[{"href":"https:\/\/premino.pl\/index.php?rest_route=\/wp\/v2\/product"}],"about":[{"href":"https:\/\/premino.pl\/index.php?rest_route=\/wp\/v2\/types\/product"}],"replies":[{"embeddable":true,"href":"https:\/\/premino.pl\/index.php?rest_route=%2Fwp%2Fv2%2Fcomments&post=63117"}],"wp:featuredmedia":[{"embeddable":true,"href":"https:\/\/premino.pl\/index.php?rest_route=\/wp\/v2\/media\/63118"}],"wp:attachment":[{"href":"https:\/\/premino.pl\/index.php?rest_route=%2Fwp%2Fv2%2Fmedia&parent=63117"}],"wp:term":[{"taxonomy":"kategoria-hurtowni","embeddable":true,"href":"https:\/\/premino.pl\/index.php?rest_route=%2Fwp%2Fv2%2Fkategoria-hurtowni&post=63117"},{"taxonomy":"product_brand","embeddable":true,"href":"https:\/\/premino.pl\/index.php?rest_route=%2Fwp%2Fv2%2Fproduct_brand&post=63117"},{"taxonomy":"product_cat","embeddable":true,"href":"https:\/\/premino.pl\/index.php?rest_route=%2Fwp%2Fv2%2Fproduct_cat&post=63117"},{"taxonomy":"product_tag","embeddable":true,"href":"https:\/\/premino.pl\/index.php?rest_route=%2Fwp%2Fv2%2Fproduct_tag&post=63117"}],"curies":[{"name":"wp","href":"https:\/\/api.w.org\/{rel}","templated":true}]}}