{"id":63119,"date":"2026-05-13T19:25:49","date_gmt":"2026-05-13T17:25:49","guid":{"rendered":"https:\/\/premino.pl\/?product=alpha-km-ujedrniajace-mleczko-do-ciala-200ml"},"modified":"2026-05-13T19:25:50","modified_gmt":"2026-05-13T17:25:50","slug":"alpha-km-ujedrniajace-mleczko-do-ciala-200ml","status":"publish","type":"product","link":"https:\/\/premino.pl\/?product=alpha-km-ujedrniajace-mleczko-do-ciala-200ml","title":{"rendered":"Alpha KM uj\u0119drniaj\u0105ce mleczko do cia\u0142a 200ml"},"content":{"rendered":"<p>Utrata j\u0119drno\u015bci i napi\u0119cia sk\u00f3ry? Si\u0119gnij po mleczko do cia\u0142a Alpha KM\u00ae \u2013 intensywn\u0105 piel\u0119gnacj\u0119 przeciwstarzeniow\u0105, kt\u00f3ra nawil\u017ca, regeneruje i tonizuje sk\u00f3r\u0119 dzi\u0119ki synergii kwas\u00f3w AHA i bioceramid\u00f3w. Efekt to widocznie g\u0142adsza, bardziej j\u0119drna i elastyczna sk\u00f3ra. Produkt idealny do codziennej piel\u0119gnacji ca\u0142ego cia\u0142a, szczeg\u00f3lnie polecany na obszary podatne na wiotczenie i oznaki starzenia, takie jak szyja, dekolt, brzuch, ramiona i uda.<\/p>\n<p><b>Sk\u0142adniki aktywne:<br \/><\/b>\u2022 Kwas jab\u0142kowy i glikolowy (AHA) \u2013 redukuj\u0105 zmarszczki, pobudzaj\u0105 odnow\u0119 kom\u00f3rkow\u0105 i syntez\u0119 kolagenu, przywracaj\u0105c sk\u00f3rze elastyczno\u015b\u0107.<br \/>\u2022 Laktat amonowy \u2013 s\u00f3l AHA, kt\u00f3ra z\u0142uszcza, zwi\u0119ksza nawil\u017cenie i wspiera dzia\u0142anie kwas\u00f3w AHA.<br \/>\u2022 Kwas olejowy (\u03a99) \u2013 od\u017cywia, wzmacnia i regeneruje barier\u0119 ochronn\u0105 sk\u00f3ry.<\/p>\n<p><b>Spos\u00f3b u\u017cycia:<\/b><br \/>Stosowa\u0107 rano i\/lub wieczorem na ca\u0142e cia\u0142o.<\/p>\n<p><strong>Dzia\u0142anie:<\/strong> nawil\u017caj\u0105ce, uelastycznia, uj\u0119drnia, wyg\u0142adza<br \/>\n<strong>Gramatura:<\/strong> ml<br \/>\n<strong>Konsystencja:<\/strong> mleczko<br \/>\n<strong>Linie elitarne:<\/strong> nie<br \/>\n<strong>Lokalizacja:<\/strong> ca\u0142e cia\u0142o<br \/>\n<strong>Piel\u0119gnacja cia\u0142a:<\/strong> tak<br \/>\n<strong>Pojemno\u015b\u0107:<\/strong> 200<br \/>\n<strong>P\u0142e\u0107:<\/strong> damski<br \/>\n<strong>S\u0142o\u0144ce:<\/strong> nie<\/p>\n<p><strong>Uwagi:<\/strong><\/p>\n<p>Zawiera kwasy AHA \u2013 po aplikacji unika\u0107 ekspozycji na s\u0142o\u0144ce. Nie stosowa\u0107 na okolice oczu ani b\u0142ony \u015bluzowe.<\/p>\n<p><strong>Sk\u0142adniki:<\/strong><\/p>\n<p>AQUA (WATER), AMMONIUM LACTATE, C12-15 ALKYL BENZOATE, ISONONYL ISONONANOATE, ISOPROPYL PALMITATE, PEG-100 STEARATE, GLYCERYL STEARATE, MALIC ACID, PRUNUS AMYGDALUS DULCIS (SWEET ALMOND) OIL, CERAMIDE NP, GLYCOLIC ACID, OLEIC ACID, ARACHIDYL ALCOHOL, CETYL ALCOHOL, CETYL LACTATE, DIMETHICONE, LACTIC ACID, PARFUM (FRAGRANCE), XANTHAN GUM, SODIUM BENZOATE, BEHENYL ALCOHOL, CHLORPHENESIN, TOCOPHERYL ACETATE, CYCLOPENTASILOXANE, ARACHIDYL GLUCOSIDE, PVP, LIMONENE, HEXYL CINNAMAL, LINALOOL, CITRONELLOL, GERANIOL.<\/p>\n","protected":false},"excerpt":{"rendered":"<p> <strong>Dzia\u0142anie:<\/strong> nawil\u017caj\u0105ce, uelastycznia, uj\u0119drnia, wyg\u0142adza<br \/>  <strong>Gramatura:<\/strong> ml<br \/>  <strong>Konsystencja:<\/strong> mleczko<br \/>  <strong>Linie elitarne:<\/strong> nie<br \/>  <strong>Lokalizacja:<\/strong> ca\u0142e cia\u0142o<br \/>  <strong>Piel\u0119gnacja cia\u0142a:<\/strong> tak<br \/>  <strong>Pojemno\u015b\u0107:<\/strong> 200<br \/>  <strong>P\u0142e\u0107:<\/strong> damski<br \/>  <strong>S\u0142o\u0144ce:<\/strong> nie <\/p>\n","protected":false},"featured_media":63120,"comment_status":"open","ping_status":"closed","template":"","meta":{"_acf_changed":false},"kategoria-hurtowni":[211,212],"product_brand":[1027],"product_cat":[76],"product_tag":[],"class_list":{"0":"post-63119","1":"product","2":"type-product","3":"status-publish","4":"has-post-thumbnail","6":"kategoria-hurtowni-dermokosmetyki","7":"kategoria-hurtowni-pielegnacja-ciala-dermokosmetyki","8":"product_brand-noreva","9":"product_cat-primavera","11":"first","12":"outofstock","13":"taxable","14":"shipping-taxable","15":"product-type-simple"},"acf":[],"_links":{"self":[{"href":"https:\/\/premino.pl\/index.php?rest_route=\/wp\/v2\/product\/63119","targetHints":{"allow":["GET"]}}],"collection":[{"href":"https:\/\/premino.pl\/index.php?rest_route=\/wp\/v2\/product"}],"about":[{"href":"https:\/\/premino.pl\/index.php?rest_route=\/wp\/v2\/types\/product"}],"replies":[{"embeddable":true,"href":"https:\/\/premino.pl\/index.php?rest_route=%2Fwp%2Fv2%2Fcomments&post=63119"}],"wp:featuredmedia":[{"embeddable":true,"href":"https:\/\/premino.pl\/index.php?rest_route=\/wp\/v2\/media\/63120"}],"wp:attachment":[{"href":"https:\/\/premino.pl\/index.php?rest_route=%2Fwp%2Fv2%2Fmedia&parent=63119"}],"wp:term":[{"taxonomy":"kategoria-hurtowni","embeddable":true,"href":"https:\/\/premino.pl\/index.php?rest_route=%2Fwp%2Fv2%2Fkategoria-hurtowni&post=63119"},{"taxonomy":"product_brand","embeddable":true,"href":"https:\/\/premino.pl\/index.php?rest_route=%2Fwp%2Fv2%2Fproduct_brand&post=63119"},{"taxonomy":"product_cat","embeddable":true,"href":"https:\/\/premino.pl\/index.php?rest_route=%2Fwp%2Fv2%2Fproduct_cat&post=63119"},{"taxonomy":"product_tag","embeddable":true,"href":"https:\/\/premino.pl\/index.php?rest_route=%2Fwp%2Fv2%2Fproduct_tag&post=63119"}],"curies":[{"name":"wp","href":"https:\/\/api.w.org\/{rel}","templated":true}]}}