{"id":63215,"date":"2026-05-13T19:26:33","date_gmt":"2026-05-13T17:26:33","guid":{"rendered":"https:\/\/premino.pl\/?product=hair-prodigieux-nawilzajace-mleczko-ulatwiajace-rozczesywanie-wlosow-100ml"},"modified":"2026-05-13T19:26:34","modified_gmt":"2026-05-13T17:26:34","slug":"hair-prodigieux-nawilzajace-mleczko-ulatwiajace-rozczesywanie-wlosow-100ml","status":"publish","type":"product","link":"https:\/\/premino.pl\/?product=hair-prodigieux-nawilzajace-mleczko-ulatwiajace-rozczesywanie-wlosow-100ml","title":{"rendered":"Hair Prodigieux nawil\u017caj\u0105ce mleczko u\u0142atwiaj\u0105ce rozczesywanie w\u0142os\u00f3w 100ml"},"content":{"rendered":"<p><b>Ultralekka piel\u0119gnacja, kt\u00f3ra nawil\u017ca, chroni i dodaje blasku \u2013 bez obci\u0105\u017cania w\u0142os\u00f3w.<br \/><\/b>Ta delikatna, mleczna mgie\u0142ka u\u0142atwia rozczesywanie ju\u017c od pierwszej aplikacji, nadaj\u0105c w\u0142osom lekko\u015b\u0107, spr\u0119\u017cysto\u015b\u0107 i po\u0142ysk. Dzi\u0119ki zawarto\u015bci ekstraktu z komosy ry\u017cowej (quinoa), intensywnie nawil\u017ca i wyg\u0142adza struktur\u0119 w\u0142os\u00f3w, chroni\u0105c je przed dzia\u0142aniem wysokiej temperatury \u2013 a\u017c do 230\u00b0C.<\/p>\n<p>Mgie\u0142ka idealnie sprawdza si\u0119 tak\u017ce na suchych w\u0142osach jako perfumuj\u0105cy akcent wyko\u0144czeniowy \u2013 wystarczy rozprowadzi\u0107 niewielk\u0105 ilo\u015b\u0107 na d\u0142oniach i na\u0142o\u017cy\u0107 na d\u0142ugo\u015bci. Otula w\u0142osy zmys\u0142owym zapachem Huile Prodigieuse\u00ae, zapewniaj\u0105c wyj\u0105tkowe doznania sensoryczne.<\/p>\n<p>\u2022 90% kobiet potwierdzi\u0142o wi\u0119ksz\u0105 elastyczno\u015b\u0107 w\u0142os\u00f3w*<br \/>\u2022 95% zauwa\u017cy\u0142o lekko\u015b\u0107 fryzury*<br \/>\u2022 85% uzna\u0142o rozczesywanie za \u0142atwiejsze ju\u017c po pierwszym u\u017cyciu*<\/p>\n<p>*Test u\u017cytkowy \u2013 20 os\u00f3b, ocena bezpo\u015brednio po aplikacji.<\/p>\n<p><b>Si\u0142a natury w nowoczesnej formie \u2013 fermentowana r\u00f3\u017cowa kamelia<br \/><\/b>Eksperci NUXE udoskonalili legendarny olej z nasion japo\u0144skiej kamelii, znany z piel\u0119gnacyjnych w\u0142a\u015bciwo\u015bci, stosuj\u0105c innowacyjny, opatentowany proces fermentacji. Przez 150 godzin olej poddawany jest naturalnemu dzia\u0142aniu dro\u017cd\u017cy, co pozwala uzyska\u0107 superolej o wy\u017cszej biodost\u0119pno\u015bci i koncentracji sk\u0142adnik\u00f3w aktywnych.<\/p>\n<p><b>Efekty fermentacji:<br \/><\/b>\u2022 G\u0142\u0119bsze wnikanie w struktur\u0119 w\u0142osa<br \/>\u2022 Intensywniejsza regeneracja i od\u017cywienie<br \/>\u2022 L\u017cejsza, jeszcze bardziej biozgodna konsystencja<\/p>\n<p><b>Spos\u00f3b u\u017cycia:<\/b><br \/>Stosuj codziennie \u2013 na wilgotne w\u0142osy, rozpylaj\u0105c produkt na d\u0142ugo\u015bci i ko\u0144ce, lub na suche w\u0142osy, aplikuj\u0105c na d\u0142onie i rozprowadzaj\u0105c na pasmach. Nie sp\u0142ukuj.<\/p>\n<p><strong>Gramatura:<\/strong> ml<br \/>\n<strong>Henna:<\/strong> nie<br \/>\n<strong>Konsystencja:<\/strong> mleczko<br \/>\n<strong>Linie elitarne:<\/strong> nie<br \/>\n<strong>Pojemno\u015b\u0107:<\/strong> 100<br \/>\n<strong>P\u0142e\u0107:<\/strong> damski<br \/>\n<strong>S\u0142o\u0144ce:<\/strong> nie<\/p>\n<p><strong>Uwagi:<\/strong><\/p>\n<p>Unika\u0107 kontaktu z oczami. W przypadku kontaktu z oczami dok\u0142adnie przep\u0142uka\u0107 je wod\u0105.<\/p>\n<p><strong>Sk\u0142adniki:<\/strong><\/p>\n<p>AQUA\/WATER, C14-22 ALCOHOLS, BRASSICAMIDOPROPYL DIMETHYLAMINE, PARFUM\/FRAGRANCE, ARGANIA SPINOSA KERNEL OIL, C12-20 ALKYL GLUCOSIDE, PANTHENOL, LACTIC ACID, CETYL ALCOHOL, STEARYL ALCOHOL, CAMELLIA JAPONICA SEED OIL, HYDROLYZED QUINOA, BENZYL ALCOHOL, PANTOLACTONE, SODIUM BENZOATE, CANDIDA BOMBICOLA\/GLUCOSE\/METHYL RAPESEEDATE FERMENT, TETRAMETHYL ACETYLOCTAHYDRONAPHTHALENES, LINALYL ACETATE, LINALOOL, CITRONELLOL, CITRUS AURANTIUM PEEL OIL, DIMETHYL PHENETHYL ACETATE, LIMONENE, GERANIOL, PELARGONIUM GRAVEOLENS FLOWER OIL, ISOEUGENOL [N5406\/A].<\/p>\n","protected":false},"excerpt":{"rendered":"<p> <strong>Gramatura:<\/strong> ml<br \/>  <strong>Henna:<\/strong> nie<br \/>  <strong>Konsystencja:<\/strong> mleczko<br \/>  <strong>Linie elitarne:<\/strong> nie<br \/>  <strong>Pojemno\u015b\u0107:<\/strong> 100<br \/>  <strong>P\u0142e\u0107:<\/strong> damski<br \/>  <strong>S\u0142o\u0144ce:<\/strong> nie <\/p>\n","protected":false},"featured_media":63216,"comment_status":"open","ping_status":"closed","template":"","meta":{"_acf_changed":false},"kategoria-hurtowni":[211,217],"product_brand":[213],"product_cat":[76],"product_tag":[],"class_list":{"0":"post-63215","1":"product","2":"type-product","3":"status-publish","4":"has-post-thumbnail","6":"kategoria-hurtowni-dermokosmetyki","7":"kategoria-hurtowni-pielegnacja-wlosy-dermokosmetyki","8":"product_brand-nuxe","9":"product_cat-primavera","11":"first","12":"outofstock","13":"taxable","14":"shipping-taxable","15":"product-type-simple"},"acf":[],"_links":{"self":[{"href":"https:\/\/premino.pl\/index.php?rest_route=\/wp\/v2\/product\/63215","targetHints":{"allow":["GET"]}}],"collection":[{"href":"https:\/\/premino.pl\/index.php?rest_route=\/wp\/v2\/product"}],"about":[{"href":"https:\/\/premino.pl\/index.php?rest_route=\/wp\/v2\/types\/product"}],"replies":[{"embeddable":true,"href":"https:\/\/premino.pl\/index.php?rest_route=%2Fwp%2Fv2%2Fcomments&post=63215"}],"wp:featuredmedia":[{"embeddable":true,"href":"https:\/\/premino.pl\/index.php?rest_route=\/wp\/v2\/media\/63216"}],"wp:attachment":[{"href":"https:\/\/premino.pl\/index.php?rest_route=%2Fwp%2Fv2%2Fmedia&parent=63215"}],"wp:term":[{"taxonomy":"kategoria-hurtowni","embeddable":true,"href":"https:\/\/premino.pl\/index.php?rest_route=%2Fwp%2Fv2%2Fkategoria-hurtowni&post=63215"},{"taxonomy":"product_brand","embeddable":true,"href":"https:\/\/premino.pl\/index.php?rest_route=%2Fwp%2Fv2%2Fproduct_brand&post=63215"},{"taxonomy":"product_cat","embeddable":true,"href":"https:\/\/premino.pl\/index.php?rest_route=%2Fwp%2Fv2%2Fproduct_cat&post=63215"},{"taxonomy":"product_tag","embeddable":true,"href":"https:\/\/premino.pl\/index.php?rest_route=%2Fwp%2Fv2%2Fproduct_tag&post=63215"}],"curies":[{"name":"wp","href":"https:\/\/api.w.org\/{rel}","templated":true}]}}