{"id":63481,"date":"2026-05-13T19:28:30","date_gmt":"2026-05-13T17:28:30","guid":{"rendered":"https:\/\/premino.pl\/?product=blush-colour-infusion-roz-do-policzkow-peach-6g"},"modified":"2026-05-13T19:28:31","modified_gmt":"2026-05-13T17:28:31","slug":"blush-colour-infusion-roz-do-policzkow-peach-6g","status":"publish","type":"product","link":"https:\/\/premino.pl\/?product=blush-colour-infusion-roz-do-policzkow-peach-6g","title":{"rendered":"Blush Colour Infusion r\u00f3\u017c do policzk\u00f3w Peach 6g"},"content":{"rendered":"<p>Blush Color Infusion to jedwabi\u015bcie g\u0142adki r\u00f3\u017c do policzk\u00f3w, kt\u00f3ry \u0142atwo si\u0119 rozprowadza i doskonale stapia ze sk\u00f3r\u0105, nadaj\u0105c twarzy naturalny, \u015bwie\u017cy wygl\u0105d. Dzi\u0119ki lekkiej formule i pigmentom Pure Color, kolor nak\u0142ada si\u0119 r\u00f3wnomiernie i utrzymuje si\u0119 nawet do 10 godzin.<\/p>\n<p>Nowoczesna formu\u0142a, wzbogacona o mikrodrobne proszki, pozwala budowa\u0107 intensywno\u015b\u0107 \u2013 od subtelnego zarysu koloru po wyrazisty efekt. R\u00f3\u017c doskonale wsp\u00f3\u0142pracuje z podk\u0142adami w p\u0142ynie, pudrze, a tak\u017ce \u015bwietnie\u00a0wygl\u0105da na go\u0142ej sk\u00f3rze. Zapewnia perfekcyjne dopasowanie do r\u00f3\u017cnych odcieni i typ\u00f3w sk\u00f3ry.<\/p>\n<p><strong>Br\u0105zuj\u0105cy:<\/strong> nie<br \/>\n<strong>Forma podania:<\/strong> prasowany<br \/>\n<strong>Gramatura:<\/strong> g<br \/>\n<strong>Kolor:<\/strong> Peach<br \/>\n<strong>Pojemno\u015b\u0107:<\/strong> 6<br \/>\n<strong>P\u0142e\u0107:<\/strong> damski<br \/>\n<strong>Roz\u015bwietlaj\u0105cy:<\/strong> nie<br \/>\n<strong>S\u0142o\u0144ce:<\/strong> nie<\/p>\n<p><strong>Uwagi:<\/strong><\/p>\n<p>Przechowywa\u0107 w pomieszczeniach suchych. Chroni\u0107 przed bezpo\u015brednim dzia\u0142aniem promieni s\u0142onecznych.<\/p>\n<p><strong>Sk\u0142adniki:<\/strong><\/p>\n<p>TALC, MICA, DIMETHICONE, NYLON-12, ZINC STEARATE, SILICA, MAGNESIUM MYRISTATE, CETYL DIMETHICONE, SODIUM HYALURONATE, CAPRYLYL GLYCOL, LAUROYL LYSINE, HEXYLENE GLYCOL, PHENOXYETHANOL. MAY CONTAIN\/PEUT CONTENIR\/(+\/-): IRON OXIDES (CI 77491, CI 77492, CI 77499), TITANIUM DIOXIDE (CI 77891), RED 6 (CI 15850), RED 7 (CI 15850), ULTRAMARINES (CI 77007), MANGANESE VIOLET (CI 77742), YELLOW 5 LAKE (CI 19140).<\/p>\n","protected":false},"excerpt":{"rendered":"<p> <strong>Br\u0105zuj\u0105cy:<\/strong> nie<br \/>  <strong>Forma podania:<\/strong> prasowany<br \/>  <strong>Gramatura:<\/strong> g<br \/>  <strong>Kolor:<\/strong> Peach<br \/>  <strong>Pojemno\u015b\u0107:<\/strong> 6<br \/>  <strong>P\u0142e\u0107:<\/strong> damski<br \/>  <strong>Roz\u015bwietlaj\u0105cy:<\/strong> nie<br \/>  <strong>S\u0142o\u0144ce:<\/strong> nie <\/p>\n","protected":false},"featured_media":63482,"comment_status":"open","ping_status":"closed","template":"","meta":{"_acf_changed":false},"kategoria-hurtowni":[83,129,183],"product_brand":[665],"product_cat":[76],"product_tag":[],"class_list":{"0":"post-63481","1":"product","2":"type-product","3":"status-publish","4":"has-post-thumbnail","6":"kategoria-hurtowni-makijaz","7":"kategoria-hurtowni-makijaz-twarz","8":"kategoria-hurtowni-roze","9":"product_brand-laura-mercier","10":"product_cat-primavera","12":"first","13":"outofstock","14":"taxable","15":"shipping-taxable","16":"product-type-simple"},"acf":[],"_links":{"self":[{"href":"https:\/\/premino.pl\/index.php?rest_route=\/wp\/v2\/product\/63481","targetHints":{"allow":["GET"]}}],"collection":[{"href":"https:\/\/premino.pl\/index.php?rest_route=\/wp\/v2\/product"}],"about":[{"href":"https:\/\/premino.pl\/index.php?rest_route=\/wp\/v2\/types\/product"}],"replies":[{"embeddable":true,"href":"https:\/\/premino.pl\/index.php?rest_route=%2Fwp%2Fv2%2Fcomments&post=63481"}],"wp:featuredmedia":[{"embeddable":true,"href":"https:\/\/premino.pl\/index.php?rest_route=\/wp\/v2\/media\/63482"}],"wp:attachment":[{"href":"https:\/\/premino.pl\/index.php?rest_route=%2Fwp%2Fv2%2Fmedia&parent=63481"}],"wp:term":[{"taxonomy":"kategoria-hurtowni","embeddable":true,"href":"https:\/\/premino.pl\/index.php?rest_route=%2Fwp%2Fv2%2Fkategoria-hurtowni&post=63481"},{"taxonomy":"product_brand","embeddable":true,"href":"https:\/\/premino.pl\/index.php?rest_route=%2Fwp%2Fv2%2Fproduct_brand&post=63481"},{"taxonomy":"product_cat","embeddable":true,"href":"https:\/\/premino.pl\/index.php?rest_route=%2Fwp%2Fv2%2Fproduct_cat&post=63481"},{"taxonomy":"product_tag","embeddable":true,"href":"https:\/\/premino.pl\/index.php?rest_route=%2Fwp%2Fv2%2Fproduct_tag&post=63481"}],"curies":[{"name":"wp","href":"https:\/\/api.w.org\/{rel}","templated":true}]}}