{"id":63493,"date":"2026-05-13T19:28:35","date_gmt":"2026-05-13T17:28:35","guid":{"rendered":"https:\/\/premino.pl\/?product=loose-setting-powder-puder-do-twarzy-medium-deep-29g"},"modified":"2026-05-13T19:28:36","modified_gmt":"2026-05-13T17:28:36","slug":"loose-setting-powder-puder-do-twarzy-medium-deep-29g","status":"publish","type":"product","link":"https:\/\/premino.pl\/?product=loose-setting-powder-puder-do-twarzy-medium-deep-29g","title":{"rendered":"Loose Setting Powder puder do twarzy Medium Deep 29g"},"content":{"rendered":"<p>Kultowy, klasyczny puder sypki utrwala makija\u017c, zapewniaj\u0105c d\u0142ugotrwa\u0142e, nawet 16-godzinne krycie \u2013 bez dodawania ci\u0119\u017cko\u015bci czy podkre\u015blania tekstury sk\u00f3ry. Ultradelikatna, drobno zmielona formu\u0142a absorbuje sebum i kontroluje b\u0142yszczenie a\u017c do 24 godzin, pozostawiaj\u0105c nieskazitelne, matowe wyko\u0144czenie bez efektu flashbacku na zdj\u0119ciach.<\/p>\n<p>Naprawd\u0119 transparentny \u2013 to absolutna podstawa makija\u017cu w stylu Laury Mercier. Jego wyj\u0105tkowa konsystencja gwarantuje niezr\u00f3wnan\u0105 trwa\u0142o\u015b\u0107 makija\u017cu, nie obci\u0105\u017caj\u0105c sk\u00f3ry. Tworzy jedwabi\u015bcie g\u0142adk\u0105 powierzchni\u0119, idealn\u0105 od rana do wieczora.\u00a0<\/p>\n<p>\u2022 24-godzinna kontrola sebum: Idealny dla cery normalnej i t\u0142ustej \u2013 skutecznie redukuje b\u0142ysk<br \/>\u2022 Oddychaj\u0105ca formu\u0142a<br \/>\u2022 Efekt naturalnej sk\u00f3ry &#8211; nie tworzy efektu maski<br \/>\u2022 Nie utlenia si\u0119 ani nie zmienia odcienia podk\u0142adu<br \/>\u2022 \u0141atwa aplikacja<br \/>\u2022 Brak efektu flashback<\/p>\n<p><b>Kluczowe sk\u0142adniki:<br \/><\/b>\u2022 Witaminy C i E w proszku &#8211; naturalne antyoksydanty, kt\u00f3re z czasem wspieraj\u0105 bardziej jednolity koloryt sk\u00f3ry.<br \/>\u2022 Aminokwasy &#8211; formu\u0142a kompatybilna ze sk\u00f3r\u0105, oferuj\u0105ca d\u0142ugotrwa\u0142e i niewidoczne wyko\u0144czenie.<br \/>\u2022 Ultrafine Texture &#8211; idealnie stapia si\u0119 ze sk\u00f3r\u0105, nie podkre\u015blaj\u0105c niedoskona\u0142o\u015bci ani suchych miejsc.<br \/>\u2022 Botanical Blurring Powder &#8211; ro\u015blinny puder rozmywaj\u0105cy pory i poch\u0142aniaj\u0105cy nadmiar sebum.<\/p>\n<p>Testowany dermatologicznie, nie zatyka por\u00f3w i nie zawiera substancji zapachowych. Odpowiedni dla wszystkich typ\u00f3w sk\u00f3ry \u2013 r\u00f3wnie\u017c wra\u017cliwej.<\/p>\n<p><strong>Br\u0105zuj\u0105cy:<\/strong> nie<br \/>\n<strong>Dzia\u0142anie:<\/strong> koryguj\u0105ce, matuj\u0105ce, wyr\u00f3wnuj\u0105ce<br \/>\n<strong>Forma podania:<\/strong> sypki<br \/>\n<strong>Gramatura:<\/strong> g<br \/>\n<strong>Kolor:<\/strong> Medium Deep<br \/>\n<strong>Pojemno\u015b\u0107:<\/strong> 29<br \/>\n<strong>P\u0142e\u0107:<\/strong> damski<br \/>\n<strong>Roz\u015bwietlaj\u0105cy:<\/strong> nie<br \/>\n<strong>Stopie\u0144 krycia:<\/strong> \u015brednie<br \/>\n<strong>S\u0142o\u0144ce:<\/strong> nie<\/p>\n<p><strong>Uwagi:<\/strong><\/p>\n<p>Przechowywa\u0107 w pomieszczeniach suchych. Chroni\u0107 przed bezpo\u015brednim dzia\u0142aniem promieni s\u0142onecznych.<\/p>\n<p><strong>Sk\u0142adniki:<\/strong><\/p>\n<p>TALC, MAGNESIUM MYRISTATE, NYLON-12, CAPRYLIC\/CAPRIC TRIGLYCERIDE, ETHYLHEXYL PALMITATE, ZEA MAYS (CORN) STARCH, ASCORBYL PALMITATE, TOCOPHEROL, LAUROYL LYSINE, POLYMETHYL METHACRYLATE, METHICONE, SODIUM DEHYDROACETATE, METHYLPARABEN, PROPYLPARABEN, BUTYLPARABEN. MAY CONTAIN\/PEUT CONTENIR\/(+\/-): IRON OXIDES (CI 77491, CI 77492, CI 77499), YELLOW 5 LAKE (CI 19140), ULTRAMARINES (CI 77007)INGREDIENTS: TALC, MAGNESIUM MYRISTATE, NYLON-12, CAPRYLIC\/CAPRIC TRIGLYCERIDE, ETHYLHEXYL PALMITATE, ZEA MAYS (CORN) STARCH, ASCORBYL PALMITATE, TOCOPHEROL, LAUROYL LYSINE, POLYMETHYL METHACRYLATE, METHICONE, SODIUM DEHYDROACETATE, METHYLPARABEN, PROPYLPARABEN, BUTYLPARABEN. MAY CONTAIN\/PEUT CONTENIR\/(+\/-): IRON OXIDES (CI 77491, CI 77492, CI 77499), YELLOW 5 LAKE (CI 19140), ULTRAMARINES (CI 77007).<\/p>\n","protected":false},"excerpt":{"rendered":"<p> <strong>Br\u0105zuj\u0105cy:<\/strong> nie<br \/>  <strong>Dzia\u0142anie:<\/strong> koryguj\u0105ce, matuj\u0105ce, wyr\u00f3wnuj\u0105ce<br \/>  <strong>Forma podania:<\/strong> sypki<br \/>  <strong>Gramatura:<\/strong> g<br \/>  <strong>Kolor:<\/strong> Medium Deep<br \/>  <strong>Pojemno\u015b\u0107:<\/strong> 29<br \/>  <strong>P\u0142e\u0107:<\/strong> damski<br \/>  <strong>Roz\u015bwietlaj\u0105cy:<\/strong> nie<br \/>  <strong>Stopie\u0144 krycia:<\/strong> \u015brednie<br \/>  <strong>S\u0142o\u0144ce:<\/strong> nie <\/p>\n","protected":false},"featured_media":63494,"comment_status":"open","ping_status":"closed","template":"","meta":{"_acf_changed":false},"kategoria-hurtowni":[83,129,180],"product_brand":[665],"product_cat":[76],"product_tag":[],"class_list":{"0":"post-63493","1":"product","2":"type-product","3":"status-publish","4":"has-post-thumbnail","6":"kategoria-hurtowni-makijaz","7":"kategoria-hurtowni-makijaz-twarz","8":"kategoria-hurtowni-pudry","9":"product_brand-laura-mercier","10":"product_cat-primavera","12":"first","13":"outofstock","14":"taxable","15":"shipping-taxable","16":"product-type-simple"},"acf":[],"_links":{"self":[{"href":"https:\/\/premino.pl\/index.php?rest_route=\/wp\/v2\/product\/63493","targetHints":{"allow":["GET"]}}],"collection":[{"href":"https:\/\/premino.pl\/index.php?rest_route=\/wp\/v2\/product"}],"about":[{"href":"https:\/\/premino.pl\/index.php?rest_route=\/wp\/v2\/types\/product"}],"replies":[{"embeddable":true,"href":"https:\/\/premino.pl\/index.php?rest_route=%2Fwp%2Fv2%2Fcomments&post=63493"}],"wp:featuredmedia":[{"embeddable":true,"href":"https:\/\/premino.pl\/index.php?rest_route=\/wp\/v2\/media\/63494"}],"wp:attachment":[{"href":"https:\/\/premino.pl\/index.php?rest_route=%2Fwp%2Fv2%2Fmedia&parent=63493"}],"wp:term":[{"taxonomy":"kategoria-hurtowni","embeddable":true,"href":"https:\/\/premino.pl\/index.php?rest_route=%2Fwp%2Fv2%2Fkategoria-hurtowni&post=63493"},{"taxonomy":"product_brand","embeddable":true,"href":"https:\/\/premino.pl\/index.php?rest_route=%2Fwp%2Fv2%2Fproduct_brand&post=63493"},{"taxonomy":"product_cat","embeddable":true,"href":"https:\/\/premino.pl\/index.php?rest_route=%2Fwp%2Fv2%2Fproduct_cat&post=63493"},{"taxonomy":"product_tag","embeddable":true,"href":"https:\/\/premino.pl\/index.php?rest_route=%2Fwp%2Fv2%2Fproduct_tag&post=63493"}],"curies":[{"name":"wp","href":"https:\/\/api.w.org\/{rel}","templated":true}]}}