{"id":63759,"date":"2026-05-13T19:30:41","date_gmt":"2026-05-13T17:30:41","guid":{"rendered":"https:\/\/premino.pl\/?product=peptydowa-maseczka-do-ust-cherry-10g"},"modified":"2026-05-13T19:30:41","modified_gmt":"2026-05-13T17:30:41","slug":"peptydowa-maseczka-do-ust-cherry-10g","status":"publish","type":"product","link":"https:\/\/premino.pl\/?product=peptydowa-maseczka-do-ust-cherry-10g","title":{"rendered":"Peptydowa maseczka do ust Cherry 10g"},"content":{"rendered":"<p>Odkryj  sekret mi\u0119kkich, g\u0142adkich i l\u015bni\u0105cych ust z peptydow\u0105 maseczk\u0105 Paese.  Intensywna regeneracja i od\u017cywienie w jednym z efektami, kt\u00f3re zachwycaj\u0105.<\/p>\n<p><b>Stosowanie: <\/b>Nanie\u015b\u0107  odpowiedni\u0105 ilo\u015b\u0107 maseczki na usta i rozprowad\u017a j\u0105 r\u00f3wnomiernie po ca\u0142ej  powierzchni ust. Stosuj wed\u0142ug potrzeby, nawet kilka razy dziennie.<\/p>\n<p><strong>Gramatura:<\/strong> g<br \/>\n<strong>Kolor:<\/strong> Cherry<br \/>\n<strong>Pojemno\u015b\u0107:<\/strong> 10<br \/>\n<strong>P\u0142e\u0107:<\/strong> damski<br \/>\n<strong>S\u0142o\u0144ce:<\/strong> nie<\/p>\n<p><strong>Uwagi:<\/strong><\/p>\n<p>Tylko do u\u017cytku zewn\u0119trznego.<\/p>\n<p><strong>Sk\u0142adniki:<\/strong><\/p>\n<p>BIS-DIGLYCERYL POLYACYLADIPATE-2, POLYISOBUTENE, POLYGLYCERYL-3 DIISOSTEARATE, PPG-3 HYDROGENATED CASTOR OIL, OCTYLDODECANOL, CANDELILLA CERA, POLYBUTENE, HYDROGENATED CASTOR OIL\/SEBACIC ACID COPOLYMER, PARFUM, PERSEA GRATISSIMA OIL,LIMNANTHES ALBA SEED OIL, BUTYROSPERMUM PARKII BUTTER, COCOS NUCIFERA OIL, SIMMONDSIA CHINENSIS SEED OIL, RUBUS IDAEUS SEED OIL, GARDENIA TAITENSIS FLOWER EXTRACT, TOCOPHEROL, PALMITOYL TRIPEPTIDE-1, ETHYLHEXYL PALMITATE, TRIBEHENIN, POLYGLYCERYL-2 TRIISOBENZOTRIAZOLYL DODECYL P-CRESOL, DIETHYLHEXYL SYRINGYLIDENEMALONATE, ALUMINUM HYDROXIDE, LECITHIN, ASCORBYL PALMITATE, GLYCERYL STEARATE, SORBITAN ISOSTEARATE, GLYCERYL OLEATE, CAPRYLIC\/CAPRIC TRIGLYCERIDE, CITRIC ACID, PHENOXYETHANOL, ETHYLHEXYLGLYCERIN,BENZYL ALCOHOL, BENZYL CINNAMATE, CINNAMAL, EUGENOL, HEXAMETHYLINDANOPYRAN, VANILLIN, [+\/-: CI 77891, CI 15850, CI 19140, CI 45410].<\/p>\n","protected":false},"excerpt":{"rendered":"<p> <strong>Gramatura:<\/strong> g<br \/>  <strong>Kolor:<\/strong> Cherry<br \/>  <strong>Pojemno\u015b\u0107:<\/strong> 10<br \/>  <strong>P\u0142e\u0107:<\/strong> damski<br \/>  <strong>S\u0142o\u0144ce:<\/strong> nie <\/p>\n","protected":false},"featured_media":63760,"comment_status":"open","ping_status":"closed","template":"","meta":{"_acf_changed":false},"kategoria-hurtowni":[83,105,184],"product_brand":[138],"product_cat":[76],"product_tag":[],"class_list":{"0":"post-63759","1":"product","2":"type-product","3":"status-publish","4":"has-post-thumbnail","6":"kategoria-hurtowni-makijaz","7":"kategoria-hurtowni-makijaz-usta","8":"kategoria-hurtowni-produkt-pielegnacyjny","9":"product_brand-paese","10":"product_cat-primavera","12":"first","13":"outofstock","14":"taxable","15":"shipping-taxable","16":"product-type-simple"},"acf":[],"_links":{"self":[{"href":"https:\/\/premino.pl\/index.php?rest_route=\/wp\/v2\/product\/63759","targetHints":{"allow":["GET"]}}],"collection":[{"href":"https:\/\/premino.pl\/index.php?rest_route=\/wp\/v2\/product"}],"about":[{"href":"https:\/\/premino.pl\/index.php?rest_route=\/wp\/v2\/types\/product"}],"replies":[{"embeddable":true,"href":"https:\/\/premino.pl\/index.php?rest_route=%2Fwp%2Fv2%2Fcomments&post=63759"}],"wp:featuredmedia":[{"embeddable":true,"href":"https:\/\/premino.pl\/index.php?rest_route=\/wp\/v2\/media\/63760"}],"wp:attachment":[{"href":"https:\/\/premino.pl\/index.php?rest_route=%2Fwp%2Fv2%2Fmedia&parent=63759"}],"wp:term":[{"taxonomy":"kategoria-hurtowni","embeddable":true,"href":"https:\/\/premino.pl\/index.php?rest_route=%2Fwp%2Fv2%2Fkategoria-hurtowni&post=63759"},{"taxonomy":"product_brand","embeddable":true,"href":"https:\/\/premino.pl\/index.php?rest_route=%2Fwp%2Fv2%2Fproduct_brand&post=63759"},{"taxonomy":"product_cat","embeddable":true,"href":"https:\/\/premino.pl\/index.php?rest_route=%2Fwp%2Fv2%2Fproduct_cat&post=63759"},{"taxonomy":"product_tag","embeddable":true,"href":"https:\/\/premino.pl\/index.php?rest_route=%2Fwp%2Fv2%2Fproduct_tag&post=63759"}],"curies":[{"name":"wp","href":"https:\/\/api.w.org\/{rel}","templated":true}]}}