{"id":63791,"date":"2026-05-13T19:30:55","date_gmt":"2026-05-13T17:30:55","guid":{"rendered":"https:\/\/premino.pl\/?product=gabka-do-makijazu-midi"},"modified":"2026-05-13T19:30:56","modified_gmt":"2026-05-13T17:30:56","slug":"gabka-do-makijazu-midi","status":"publish","type":"product","link":"https:\/\/premino.pl\/?product=gabka-do-makijazu-midi","title":{"rendered":"G\u0105bka do makija\u017cu midi"},"content":{"rendered":"<p>Odkryj mi\u0119kk\u0105 g\u0105beczk\u0119 do makija\u017cu, kt\u00f3ra sprawi, \u017ce b\u0119dzie on wygl\u0105da\u0142  naturalnie i profesjonalnie. G\u0105beczka jest idealna do produkt\u00f3w p\u0142ynnych,  kremowych i sypkich, zapewnia dok\u0142adne rozprowadzanie i blendowanie.  Przeznaczona jest w szczeg\u00f3lno\u015bci do aplikacji podk\u0142ad\u00f3w, krem\u00f3w BB i pudr\u00f3w,  zapewnia r\u00f3wnomierne pokrycie wi\u0119kszych partii twarzy, takich jak policzki i  czo\u0142o.<\/p>\n<p><b>Jak  u\u017cywa\u0107: <\/b><br \/>    Na mokro: Zwil\u017c g\u0105beczk\u0119 wod\u0105 i odci\u015bnij nadmiar, aby uzyska\u0107 lekkie,  naturalne wyko\u0144czenie.<br \/>    Na sucho: Stosuj do aplikacji sypkiego produktu lub dla uzyskania wi\u0119kszego  krycia.    <\/p>\n<p><b>Piel\u0119gnacja: <\/b><br \/>Po ka\u017cdym u\u017cyciu myj g\u0105beczki w letniej wodzie z dodatkiem  delikatnego myd\u0142a. Pozostaw do wyschni\u0119cia w przewiewnym miejscu, aby  utrzyma\u0107 higien\u0119 i trwa\u0142o\u015b\u0107 produktu.<\/p>\n<p><strong>Gramatura:<\/strong> sztuka<br \/>\n<strong>Pojemno\u015b\u0107:<\/strong> 1<br \/>\n<strong>P\u0142e\u0107:<\/strong> damski<br \/>\n<strong>S\u0142o\u0144ce:<\/strong> nie<\/p>\n<p><strong>Uwagi:<\/strong><\/p>\n<p>Przechowywa\u0107 w suchymi ch\u0142odnym miejscu. Trzyma\u0107 poza zasi\u0119giem dzieci.<\/p>\n<p><strong>Sk\u0142adniki:<\/strong><\/p>\n<p>mi\u0119kki materia\u0142<\/p>\n","protected":false},"excerpt":{"rendered":"<p> <strong>Gramatura:<\/strong> sztuka<br \/>  <strong>Pojemno\u015b\u0107:<\/strong> 1<br \/>  <strong>P\u0142e\u0107:<\/strong> damski<br \/>  <strong>S\u0142o\u0144ce:<\/strong> nie <\/p>\n","protected":false},"featured_media":63792,"comment_status":"open","ping_status":"closed","template":"","meta":{"_acf_changed":false},"kategoria-hurtowni":[185,83,84],"product_brand":[138],"product_cat":[76],"product_tag":[],"class_list":{"0":"post-63791","1":"product","2":"type-product","3":"status-publish","4":"has-post-thumbnail","6":"kategoria-hurtowni-gabki","7":"kategoria-hurtowni-makijaz","8":"kategoria-hurtowni-makijaz-akcesoria","9":"product_brand-paese","10":"product_cat-primavera","12":"first","13":"outofstock","14":"taxable","15":"shipping-taxable","16":"product-type-simple"},"acf":[],"_links":{"self":[{"href":"https:\/\/premino.pl\/index.php?rest_route=\/wp\/v2\/product\/63791","targetHints":{"allow":["GET"]}}],"collection":[{"href":"https:\/\/premino.pl\/index.php?rest_route=\/wp\/v2\/product"}],"about":[{"href":"https:\/\/premino.pl\/index.php?rest_route=\/wp\/v2\/types\/product"}],"replies":[{"embeddable":true,"href":"https:\/\/premino.pl\/index.php?rest_route=%2Fwp%2Fv2%2Fcomments&post=63791"}],"wp:featuredmedia":[{"embeddable":true,"href":"https:\/\/premino.pl\/index.php?rest_route=\/wp\/v2\/media\/63792"}],"wp:attachment":[{"href":"https:\/\/premino.pl\/index.php?rest_route=%2Fwp%2Fv2%2Fmedia&parent=63791"}],"wp:term":[{"taxonomy":"kategoria-hurtowni","embeddable":true,"href":"https:\/\/premino.pl\/index.php?rest_route=%2Fwp%2Fv2%2Fkategoria-hurtowni&post=63791"},{"taxonomy":"product_brand","embeddable":true,"href":"https:\/\/premino.pl\/index.php?rest_route=%2Fwp%2Fv2%2Fproduct_brand&post=63791"},{"taxonomy":"product_cat","embeddable":true,"href":"https:\/\/premino.pl\/index.php?rest_route=%2Fwp%2Fv2%2Fproduct_cat&post=63791"},{"taxonomy":"product_tag","embeddable":true,"href":"https:\/\/premino.pl\/index.php?rest_route=%2Fwp%2Fv2%2Fproduct_tag&post=63791"}],"curies":[{"name":"wp","href":"https:\/\/api.w.org\/{rel}","templated":true}]}}