{"id":63873,"date":"2026-05-13T19:31:32","date_gmt":"2026-05-13T17:31:32","guid":{"rendered":"https:\/\/premino.pl\/?product=nyc-mgielka-do-ciala-250ml"},"modified":"2026-05-13T19:31:32","modified_gmt":"2026-05-13T17:31:32","slug":"nyc-mgielka-do-ciala-250ml","status":"publish","type":"product","link":"https:\/\/premino.pl\/?product=nyc-mgielka-do-ciala-250ml","title":{"rendered":"Nyc mgie\u0142ka do cia\u0142a 250ml"},"content":{"rendered":"<p>Sarah Jessica Parker NYC to zapach, kt\u00f3ry emanuje wolno\u015bci\u0105, energi\u0105 i rado\u015bci\u0105 \u017cycia \u2013 z nut\u0105 niezr\u00f3wnanego stylu. To esencja miasta pe\u0142nego mo\u017cliwo\u015bci, gdzie ka\u017cdy dzie\u0144 przynosi now\u0105 przygod\u0119 i inspiracj\u0119.<\/p>\n<p><b>Nuty zapachowe:<br \/><\/b><br \/><b>Nuta g\u0142owy: <\/b>w\u0142oska mandarynka, poziomka, osmantus<br \/><b>Nuta serca: <\/b>wiciokrzew, r\u00f3\u017ca damasce\u0144ska, mimoza, gardenia<br \/><b>Nuta bazy: <\/b>wanilia, rum, pi\u017cmo, drzewo sanda\u0142owe<\/p>\n<p><strong>Dla dzieci:<\/strong> Nie<br \/>\n<strong>Gramatura:<\/strong> ml<br \/>\n<strong>Linia k\u0105pielowa:<\/strong> mgie\u0142ka do cia\u0142a<br \/>\n<strong>Nuta bazy:<\/strong> drzewo sanda\u0142owe, pi\u017cmo, rum, wanilia<br \/>\n<strong>Nuta g\u0142owy:<\/strong> osmantus, poziomka, w\u0142oska mandarynka<br \/>\n<strong>Nuta g\u0142\u00f3wna:<\/strong> kwiatowe, owocowe<br \/>\n<strong>Nuta serca:<\/strong> gardenia, mimoza, r\u00f3\u017ca damasce\u0144ska, wiciokrzew<br \/>\n<strong>Pojemno\u015b\u0107:<\/strong> 250<br \/>\n<strong>P\u0142e\u0107:<\/strong> damski<\/p>\n<p><strong>Uwagi:<\/strong><\/p>\n<p>PRODUKT  \u0141ATWOPALNY. TYLKO DO U\u017bYTKU ZEWN\u0118TRZNEGO. UNIKA\u0106 KONTAKTU Z OCZAMI.  PRZECHOWYWA\u0106 Z DALA OD \u0179R\u00d3DE\u0141 CIEP\u0141A I OGNIA.<\/p>\n<p><strong>Sk\u0142adniki:<\/strong><\/p>\n<p>Alcohol Denat, Water (Aqua\/Eau), Fragrance (parfum), Isopropyl Myristate, Hydroxycitronellal, Limonene, Hydroxyisohexyl 3-Cyclohexene, Carboxaldehyde, Linalool.<\/p>\n","protected":false},"excerpt":{"rendered":"<p> <strong>Dla dzieci:<\/strong> Nie<br \/>  <strong>Gramatura:<\/strong> ml<br \/>  <strong>Linia k\u0105pielowa:<\/strong> mgie\u0142ka do cia\u0142a<br \/>  <strong>Nuta bazy:<\/strong> drzewo sanda\u0142owe, pi\u017cmo, rum, wanilia<br \/>  <strong>Nuta g\u0142owy:<\/strong> osmantus, poziomka, w\u0142oska mandarynka<br \/>  <strong>Nuta g\u0142\u00f3wna:<\/strong> kwiatowe, owocowe<br \/>  <strong>Nuta serca:<\/strong> gardenia, mimoza, r\u00f3\u017ca damasce\u0144ska, wiciokrzew<br \/>  <strong>Pojemno\u015b\u0107:<\/strong> 250<br \/>  <strong>P\u0142e\u0107:<\/strong> damski <\/p>\n","protected":false},"featured_media":63874,"comment_status":"open","ping_status":"closed","template":"","meta":{"_acf_changed":false},"kategoria-hurtowni":[120,87],"product_brand":[900],"product_cat":[76],"product_tag":[],"class_list":{"0":"post-63873","1":"product","2":"type-product","3":"status-publish","4":"has-post-thumbnail","6":"kategoria-hurtowni-linia-kapielowa","7":"kategoria-hurtowni-perfumy","8":"product_brand-sarah-jessica-parker","9":"product_cat-primavera","11":"first","12":"outofstock","13":"taxable","14":"shipping-taxable","15":"product-type-simple"},"acf":[],"_links":{"self":[{"href":"https:\/\/premino.pl\/index.php?rest_route=\/wp\/v2\/product\/63873","targetHints":{"allow":["GET"]}}],"collection":[{"href":"https:\/\/premino.pl\/index.php?rest_route=\/wp\/v2\/product"}],"about":[{"href":"https:\/\/premino.pl\/index.php?rest_route=\/wp\/v2\/types\/product"}],"replies":[{"embeddable":true,"href":"https:\/\/premino.pl\/index.php?rest_route=%2Fwp%2Fv2%2Fcomments&post=63873"}],"wp:featuredmedia":[{"embeddable":true,"href":"https:\/\/premino.pl\/index.php?rest_route=\/wp\/v2\/media\/63874"}],"wp:attachment":[{"href":"https:\/\/premino.pl\/index.php?rest_route=%2Fwp%2Fv2%2Fmedia&parent=63873"}],"wp:term":[{"taxonomy":"kategoria-hurtowni","embeddable":true,"href":"https:\/\/premino.pl\/index.php?rest_route=%2Fwp%2Fv2%2Fkategoria-hurtowni&post=63873"},{"taxonomy":"product_brand","embeddable":true,"href":"https:\/\/premino.pl\/index.php?rest_route=%2Fwp%2Fv2%2Fproduct_brand&post=63873"},{"taxonomy":"product_cat","embeddable":true,"href":"https:\/\/premino.pl\/index.php?rest_route=%2Fwp%2Fv2%2Fproduct_cat&post=63873"},{"taxonomy":"product_tag","embeddable":true,"href":"https:\/\/premino.pl\/index.php?rest_route=%2Fwp%2Fv2%2Fproduct_tag&post=63873"}],"curies":[{"name":"wp","href":"https:\/\/api.w.org\/{rel}","templated":true}]}}