{"id":63885,"date":"2026-05-13T19:31:38","date_gmt":"2026-05-13T17:31:38","guid":{"rendered":"https:\/\/premino.pl\/?product=witamina-d3-4000-iu-k2-suplement-diety-w-kroplach-50ml"},"modified":"2026-05-13T19:31:38","modified_gmt":"2026-05-13T17:31:38","slug":"witamina-d3-4000-iu-k2-suplement-diety-w-kroplach-50ml","status":"publish","type":"product","link":"https:\/\/premino.pl\/?product=witamina-d3-4000-iu-k2-suplement-diety-w-kroplach-50ml","title":{"rendered":"Witamina D3 4000 IU + K2 suplement diety w kroplach 50ml"},"content":{"rendered":"<p><b>Dlaczego warto wybra\u0107\u00a0Witamin\u0119 D3 4000 IU + K2?<br \/><\/b>\u2022 100% naturalnych sk\u0142adnik\u00f3w<br \/>\u2022 wysokie st\u0119\u017cenie &#8211; 4000 IU w dziennej porcji<br \/>\u2022 naturalna witamina D z lanoliny i K z ciecierzycy<br \/>\u2022 markowe witaminy: Quali\u00ae-D i MenaQ7\u00ae<br \/>\u2022 wygodne dozowanie dzi\u0119ki aplikatorowi<br \/>\u2022 clean label &#8211; najprostszy sk\u0142ad, bez sztucznych dodatk\u00f3w<br \/>\u2022 na bazie oleju MCT z kokosa &#8211; prawid\u0142owe wch\u0142anianie bez spo\u017cywania dodatkowych t\u0142uszcz\u00f3w<\/p>\n<p><b>Szczeg\u00f3lne w\u0142a\u015bciwo\u015bci sk\u0142adnik\u00f3w aktywnych:<br \/><\/b>Witamina D\u00a0pomaga w utrzymaniu zdrowych ko\u015bci oraz w prawid\u0142owym funkcjonowaniu uk\u0142adu odporno\u015bciowego. Wspiera tak\u017ce prawid\u0142owe funkcjonowanie mi\u0119\u015bni.<br \/>Witamina K\u00a0pomaga w utrzymaniu zdrowych ko\u015bci oraz przyczynia si\u0119 do prawid\u0142owego krzepni\u0119cia krwi.<\/p>\n<p><b>Gwarancja jako\u015bci witaminy D i K:<br \/><\/b>Do jej produkcji wykorzystano certyfikowan\u0105 witamin\u0119 D \u2013 Quali\u00ae-D i witamin\u0119 K &#8211; MenaQ7\u00ae. To najwy\u017cszej jako\u015bci witamina D pozyskiwana z lanoliny, we\u0142ny \u017cywych i zdrowych owiec, \u017cyj\u0105cych na australijskich i nowozelandzkich pastwiskach. Dzi\u0119ki drobno rozproszonym cz\u0105steczkom, pozyskanym w specjalistycznych, szwajcarskich laboratoriach, Quali\u00ae-D charakteryzuje si\u0119 bardzo stabiln\u0105 form\u0105. Ten innowacyjny proces sprawi\u0142, \u017ce w preparacie Aura Herbals znajdziesz witamin\u0119 D naturalnego pochodzenia, kt\u00f3ra jest jeszcze szybciej i \u0142atwiej wch\u0142aniana przez organizm ludzki. MenaQ7\u00ae to witamina K o w\u0142a\u015bciwo\u015bciach potwierdzonych w badaniach klinicznych. MenaQ7\u00ae posiada liczne certyfikaty: Non-GMO, Vegan, Kosher, Halal, GRAS, Novel Food oraz akceptacj\u0119 European Food Safety Authority. MenaQ7\u00ae uzyska\u0142 pozytywny wynik w te\u015bcie HPLC \u2013 \u015bwiadczy on o czysto\u015bci i bezpiecze\u0144stwie produktu.<\/p>\n<p><b>Zalecana dzienne spo\u017cycie:<br \/><\/b>Zalecana porcja do spo\u017cycia w ci\u0105gu dnia: 4 aplikacje.<\/p>\n<p>Nie przekraczaj zalecanej dziennej porcji do spo\u017cycia.<\/p>\n<p><b>Spos\u00f3b u\u017cycia:<br \/><\/b>Przed u\u017cyciem mocno wstrz\u0105sn\u0105\u0107. Odmierzy\u0107 zalecan\u0105 porcj\u0119 i doda\u0107 do wody, soku lub innego ch\u0142odnego p\u0142ynu.<\/p>\n<p><strong>Forma podania:<\/strong> krople<br \/>\n<strong>Gramatura:<\/strong> ml<br \/>\n<strong>Pojemno\u015b\u0107:<\/strong> 50<br \/>\n<strong>P\u0142e\u0107:<\/strong> unisex<br \/>\n<strong>Rodzaj:<\/strong> witaminy i minera\u0142y<\/p>\n<p><strong>Uwagi:<\/strong><\/p>\n<p>Nie stosowa\u0107 u os\u00f3b uczulonych na jakikolwiek sk\u0142adnik suplementu. Suplement diety przeznaczony dla os\u00f3b zdrowych powy\u017cej 75 roku \u017cycia. Przed zastosowaniem wskazane jest wykonanie badania 25-(OH)D we krwi oraz konsultacja wyniku z lekarzem lub farmaceut\u0105. Produkt nie powinien by\u0107 stosowany przez osoby przyjmuj\u0105ce \u015brodki przeciwzakrzepowe zawieraj\u0105ce antagonist\u00f3w witaminy K (np. warfaryna i acenokumarol). Suplement diety nie mo\u017ce by\u0107 stosowany jako substytut zr\u00f3\u017cnicowanej diety. Pami\u0119taj, \u017ce bardzo wa\u017cny i zalecany jest zr\u00f3wnowa\u017cony spos\u00f3b \u017cywienia i zdrowy tryb \u017cycia. Mo\u017cliwo\u015b\u0107 wyst\u0119powania osadu &#8211; \u015bwiadectwo obecno\u015bci naturalnych sk\u0142adnik\u00f3w, nie stanowi wady produktu. Suplement diety przeznaczony dla os\u00f3b zdrowych powy\u017cej 75 roku \u017cycia. Przechowuj w suchym miejscu w temperaturze 15-25\u00b0C. Nie zamra\u017caj. Suplement diety przechowuj w spos\u00f3b niedost\u0119pny dla ma\u0142ych dzieci.<\/p>\n<p><strong>Sk\u0142adniki:<\/strong><\/p>\n<p>Olej MCT z kokosa (\u015brednio\u0142a\u0144cuchowe tr\u00f3jglicerydy kwas\u00f3w t\u0142uszczowych), menachinon (MenaQ7\u00ae &#8211; Vitamin K2 as MK7, wit. K z ciecierzycy) przeciwutleniacz: mieszanina tokoferoli, cholekalcyferol (wit. D z lanoliny).<\/p>\n","protected":false},"excerpt":{"rendered":"<p> <strong>Forma podania:<\/strong> krople<br \/>  <strong>Gramatura:<\/strong> ml<br \/>  <strong>Pojemno\u015b\u0107:<\/strong> 50<br \/>  <strong>P\u0142e\u0107:<\/strong> unisex<br \/>  <strong>Rodzaj:<\/strong> witaminy i minera\u0142y <\/p>\n","protected":false},"featured_media":63886,"comment_status":"open","ping_status":"closed","template":"","meta":{"_acf_changed":false},"kategoria-hurtowni":[206,205],"product_brand":[580],"product_cat":[76],"product_tag":[],"class_list":{"0":"post-63885","1":"product","2":"type-product","3":"status-publish","4":"has-post-thumbnail","6":"kategoria-hurtowni-suplementy-diety","7":"kategoria-hurtowni-zdrowie","8":"product_brand-aura-herbals","9":"product_cat-primavera","11":"first","12":"outofstock","13":"taxable","14":"shipping-taxable","15":"product-type-simple"},"acf":[],"_links":{"self":[{"href":"https:\/\/premino.pl\/index.php?rest_route=\/wp\/v2\/product\/63885","targetHints":{"allow":["GET"]}}],"collection":[{"href":"https:\/\/premino.pl\/index.php?rest_route=\/wp\/v2\/product"}],"about":[{"href":"https:\/\/premino.pl\/index.php?rest_route=\/wp\/v2\/types\/product"}],"replies":[{"embeddable":true,"href":"https:\/\/premino.pl\/index.php?rest_route=%2Fwp%2Fv2%2Fcomments&post=63885"}],"wp:featuredmedia":[{"embeddable":true,"href":"https:\/\/premino.pl\/index.php?rest_route=\/wp\/v2\/media\/63886"}],"wp:attachment":[{"href":"https:\/\/premino.pl\/index.php?rest_route=%2Fwp%2Fv2%2Fmedia&parent=63885"}],"wp:term":[{"taxonomy":"kategoria-hurtowni","embeddable":true,"href":"https:\/\/premino.pl\/index.php?rest_route=%2Fwp%2Fv2%2Fkategoria-hurtowni&post=63885"},{"taxonomy":"product_brand","embeddable":true,"href":"https:\/\/premino.pl\/index.php?rest_route=%2Fwp%2Fv2%2Fproduct_brand&post=63885"},{"taxonomy":"product_cat","embeddable":true,"href":"https:\/\/premino.pl\/index.php?rest_route=%2Fwp%2Fv2%2Fproduct_cat&post=63885"},{"taxonomy":"product_tag","embeddable":true,"href":"https:\/\/premino.pl\/index.php?rest_route=%2Fwp%2Fv2%2Fproduct_tag&post=63885"}],"curies":[{"name":"wp","href":"https:\/\/api.w.org\/{rel}","templated":true}]}}