{"id":63895,"date":"2026-05-13T19:31:40","date_gmt":"2026-05-13T17:31:40","guid":{"rendered":"https:\/\/premino.pl\/?product=kolagen-rybi-naticol-wlosy-skora-paznokcie-suplement-diety-60-kapsulek"},"modified":"2026-05-13T19:31:41","modified_gmt":"2026-05-13T17:31:41","slug":"kolagen-rybi-naticol-wlosy-skora-paznokcie-suplement-diety-60-kapsulek","status":"publish","type":"product","link":"https:\/\/premino.pl\/?product=kolagen-rybi-naticol-wlosy-skora-paznokcie-suplement-diety-60-kapsulek","title":{"rendered":"Kolagen Rybi NatiCol\u00ae W\u0142osy Sk\u00f3ra Paznokcie suplement diety 60 kapsu\u0142ek"},"content":{"rendered":"<p><b>Dlaczego warto wybra\u0107 preparat Kolagen Rybi NatiCol\u00ae &#8211; W\u0142osy, Sk\u00f3ra, Paznokcie Aura Herbals?<br \/><\/b>\u2022 zawiera wysokiej jako\u015bci markowy kolagen morski NatiCol\u00ae<br \/>\u2022 wysoka przyswajalno\u015b\u0107 kolagenu &#8211; 4000 dalton\u00f3w<br \/>\u2022 ekstrakt z pestek winogron standaryzowany na proantocyjanidyny (OPC)<br \/>\u2022 produkt zawiera a\u017c 8 sk\u0142adnik\u00f3w aktywnych<br \/>\u2022 dzienna porcja w ca\u0142o\u015bci pokrywa dzienne zapotrzebowanie na witamin\u0119 C, witamin\u0119 E, cynk oraz selen<br \/>\u2022 clean label &#8211; prosty sk\u0142ad, bez zb\u0119dnych dodatk\u00f3w<\/p>\n<p><b>Szczeg\u00f3lne w\u0142a\u015bciwo\u015bci sk\u0142adnik\u00f3w aktywnych:<br \/><\/b>\u2022 Witamina C pomaga w prawid\u0142owej produkcji kolagenu w celu zapewnienia prawid\u0142owego funkcjonowania sk\u00f3ry.<br \/>\u2022 Witamina C i witamina E przyczyniaj\u0105 si\u0119 do ochrony kom\u00f3rek przed uszkodzeniem oksydacyjnym.<br \/>\u2022 Cynk pomaga zachowa\u0107 zdrow\u0105 sk\u00f3r\u0119, w\u0142osy i paznokcie.<br \/>\u2022 Selen pomaga zachowa\u0107 zdrowe w\u0142osy i paznokcie, a tak\u017ce wspomaga organizm w ochronie kom\u00f3rek przed stresem oksydacyjnym.<br \/>\u2022 Biotyna pomaga zachowa\u0107 zdrow\u0105 sk\u00f3r\u0119.\u00a0<\/p>\n<p><b>Gwarancja jako\u015bci:<br \/><\/b>Kolagen morski NatiCol\u00ae to najwy\u017cszej jako\u015bci hydrolizat kolagenowy ekstrahowany ze sk\u00f3r rybich. Stworzony przez francusk\u0105 firm\u0119 Weishardt Group, obecn\u0105 na rynku i buduj\u0105c\u0105 zaufanie ju\u017c od ponad 180 lat. Cz\u0105steczki kolagenu NatiCol\u00ae maj\u0105 \u015bredni\u0105 mas\u0119 cz\u0105steczkow\u0105 4000 dalton\u00f3w. Jest to mniejsza warto\u015b\u0107 ni\u017c granica przenikalno\u015bci jelita, dzi\u0119ki czemu kolagen w preparatach Aura Herbals cechuje si\u0119 bardzo wysok\u0105 przyswajalno\u015bci\u0105.<\/p>\n<p><b>Zalecane dzienne spo\u017cycie:<br \/><\/b>Zalecana porcja do spo\u017cycia w ci\u0105gu dnia: 1-2 kapsu\u0142ki.<br \/>Nie przekraczaj zalecanej porcji do spo\u017cycia w ci\u0105gu dnia.<\/p>\n<p><b>Spos\u00f3b u\u017cycia:<br \/><\/b>1-2 kapsu\u0142ki popi\u0107 wod\u0105. Stosowa\u0107 raz dziennie.<\/p>\n<p><strong>Forma podania:<\/strong> kapsu\u0142ki<br \/>\n<strong>Gramatura:<\/strong> sztuka<br \/>\n<strong>Pojemno\u015b\u0107:<\/strong> 60<br \/>\n<strong>P\u0142e\u0107:<\/strong> unisex<br \/>\n<strong>Rodzaj:<\/strong> witaminy i minera\u0142y<\/p>\n<p><strong>Uwagi:<\/strong><\/p>\n<p>Nie stosowa\u0107 w przypadku alergii na jakikolwiek sk\u0142adnik suplementu. Suplement diety nie mo\u017ce by\u0107 stosowany jako substytut zr\u00f3\u017cnicowanej diety. Pami\u0119taj, \u017ce bardzo wa\u017cny i zalecany jest zr\u00f3wnowa\u017cony spos\u00f3b \u017cywienia i zdrowy tryb \u017cycia. Przechowuj w suchym miejscu w temperaturze poni\u017cej 25\u00b0C. Suplement diety przechowuj w spos\u00f3b niedost\u0119pny dla ma\u0142ych dzieci.<\/p>\n<p><strong>Sk\u0142adniki:<\/strong><\/p>\n<p>Kolagen ze sk\u00f3r ryb morskich NatiCol\u00ae, inulina, kwas L-askorbinowy (witamina C), ekstrakt z nasion winoro\u015bli w\u0142a\u015bciwej (Vitis vinifera) DER 15:1 stand. na 95% proantocyjanidyn\u00f3w (OPC), kwas hialuronowy, L-leucyna, octan DL-alfa tokoferylu (witamina E), glukonian cynku (cynk), selenian (IV) sodu (selen), D-biotyna (biotyna), otoczka kapsu\u0142ki: hydroksypropylometyloceluloza.<\/p>\n","protected":false},"excerpt":{"rendered":"<p> <strong>Forma podania:<\/strong> kapsu\u0142ki<br \/>  <strong>Gramatura:<\/strong> sztuka<br \/>  <strong>Pojemno\u015b\u0107:<\/strong> 60<br \/>  <strong>P\u0142e\u0107:<\/strong> unisex<br \/>  <strong>Rodzaj:<\/strong> witaminy i minera\u0142y <\/p>\n","protected":false},"featured_media":63896,"comment_status":"open","ping_status":"closed","template":"","meta":{"_acf_changed":false},"kategoria-hurtowni":[206,205],"product_brand":[580],"product_cat":[76],"product_tag":[],"class_list":{"0":"post-63895","1":"product","2":"type-product","3":"status-publish","4":"has-post-thumbnail","6":"kategoria-hurtowni-suplementy-diety","7":"kategoria-hurtowni-zdrowie","8":"product_brand-aura-herbals","9":"product_cat-primavera","11":"first","12":"outofstock","13":"taxable","14":"shipping-taxable","15":"product-type-simple"},"acf":[],"_links":{"self":[{"href":"https:\/\/premino.pl\/index.php?rest_route=\/wp\/v2\/product\/63895","targetHints":{"allow":["GET"]}}],"collection":[{"href":"https:\/\/premino.pl\/index.php?rest_route=\/wp\/v2\/product"}],"about":[{"href":"https:\/\/premino.pl\/index.php?rest_route=\/wp\/v2\/types\/product"}],"replies":[{"embeddable":true,"href":"https:\/\/premino.pl\/index.php?rest_route=%2Fwp%2Fv2%2Fcomments&post=63895"}],"wp:featuredmedia":[{"embeddable":true,"href":"https:\/\/premino.pl\/index.php?rest_route=\/wp\/v2\/media\/63896"}],"wp:attachment":[{"href":"https:\/\/premino.pl\/index.php?rest_route=%2Fwp%2Fv2%2Fmedia&parent=63895"}],"wp:term":[{"taxonomy":"kategoria-hurtowni","embeddable":true,"href":"https:\/\/premino.pl\/index.php?rest_route=%2Fwp%2Fv2%2Fkategoria-hurtowni&post=63895"},{"taxonomy":"product_brand","embeddable":true,"href":"https:\/\/premino.pl\/index.php?rest_route=%2Fwp%2Fv2%2Fproduct_brand&post=63895"},{"taxonomy":"product_cat","embeddable":true,"href":"https:\/\/premino.pl\/index.php?rest_route=%2Fwp%2Fv2%2Fproduct_cat&post=63895"},{"taxonomy":"product_tag","embeddable":true,"href":"https:\/\/premino.pl\/index.php?rest_route=%2Fwp%2Fv2%2Fproduct_tag&post=63895"}],"curies":[{"name":"wp","href":"https:\/\/api.w.org\/{rel}","templated":true}]}}