{"id":63899,"date":"2026-05-13T19:31:43","date_gmt":"2026-05-13T17:31:43","guid":{"rendered":"https:\/\/premino.pl\/?product=berberyna-490mg-suplement-diety-60-kapsulek"},"modified":"2026-05-13T19:31:43","modified_gmt":"2026-05-13T17:31:43","slug":"berberyna-490mg-suplement-diety-60-kapsulek","status":"publish","type":"product","link":"https:\/\/premino.pl\/?product=berberyna-490mg-suplement-diety-60-kapsulek","title":{"rendered":"Berberyna 490mg suplement diety 60 kapsu\u0142ek"},"content":{"rendered":"<p><b>Dlaczego warto wybra\u0107 preparat Berberyna 490 mg w kapsu\u0142kach Aura Herbals?<br \/><\/b>\u2022 ekstrakt standaryzowany na berberyn\u0119 HCL (chlorowodorek berberyny)<br \/>\u2022 w 100% odpowiedni dla wegan<br \/>\u2022 490 mg berberyny w dziennej porcji<br \/>\u2022 naturalny ekstrakt z korzenia Berberis aristata<br \/>\u2022 100% naturalnych sk\u0142adnik\u00f3w<br \/>\u2022 ro\u015blinne kapsu\u0142ki Vcaps\u00ae \u2013 otoczka kapsu\u0142ki z celulozy ro\u015blinnej<br \/>\u2022 clean label &#8211; najprostszy sk\u0142ad, bez zb\u0119dnych dodatk\u00f3w<\/p>\n<p><b>Szczeg\u00f3lne w\u0142a\u015bciwo\u015bci berberysu:<br \/><\/b>\u2022 Wspiera zdrowie w\u0105troby.<br \/>\u2022 Wp\u0142ywa na kontrol\u0119 poziomu glukozy we krwi.<\/p>\n<p><b>Wykonane badania:<br \/><\/b>Suplement diety wyprodukowany w polskim zak\u0142adzie produkcyjnym Aura Herbals. Wszystkie procesy odbywaj\u0105 si\u0119 zgodnie z procedurami GMP\/HACCP.<br \/>Preparat w formie markowych kapsu\u0142ek Vcaps\u00ae z celulozy ro\u015blinnej. Wygodne do po\u0142kni\u0119cia kapsu\u0142ki zapewniaj\u0105 d\u0142u\u017csze uwalnianie substancji aktywnych w organizmie. S\u0105 w pe\u0142ni odpowiednie dla wegan i wegetarian. To idealna alternatywa dla tradycyjnych kapsu\u0142ek wykonanych z \u017celatyny.<\/p>\n<p><b>Zalecana dzienne spo\u017cycie:<br \/><\/b>Zalecana porcja do spo\u017cycia: 2 kapsu\u0142ki<\/p>\n<p>Nie przekraczaj zalecanej dziennej porcji do spo\u017cycia.<\/p>\n<p><b>Spos\u00f3b u\u017cycia:<br \/><\/b>1 kapsu\u0142k\u0119 popi\u0107 wod\u0105. Stosowa\u0107 dwa razy dziennie.<\/p>\n<p><strong>Forma podania:<\/strong> kapsu\u0142ki<br \/>\n<strong>Gramatura:<\/strong> sztuka<br \/>\n<strong>Pojemno\u015b\u0107:<\/strong> 60<br \/>\n<strong>P\u0142e\u0107:<\/strong> unisex<br \/>\n<strong>Rodzaj:<\/strong> odchudzanie<\/p>\n<p><strong>Uwagi:<\/strong><\/p>\n<p>Nie nale\u017cy przekracza\u0107 zalecanej porcji do spo\u017cycia w ci\u0105gu dnia. Produkt niewskazany dla dzieci i m\u0142odzie\u017cy poni\u017cej 18 roku \u017cycia, kobiet w ci\u0105\u017cy i karmi\u0105cych piersi\u0105. Nale\u017cy pami\u0119ta\u0107, \u017ce bardzo wa\u017cny i zalecany jest zr\u00f3wnowa\u017cony spos\u00f3b \u017cywienia i zdrowy tryb \u017cycia. Nie stosowa\u0107 w przypadku alergii na jakikolwiek sk\u0142adnik suplementu. Suplement diety nie mo\u017ce by\u0107 stosowany jako substytut zr\u00f3\u017cnicowanej diety. Przechowuj w suchym miejscu w temperaturze poni\u017cej 25\u00b0C. Suplement diety przechowuj w spos\u00f3b niedost\u0119pny dla ma\u0142ych dzieci.<\/p>\n<p><strong>Sk\u0142adniki:<\/strong><\/p>\n<p>ekstrakt z korzenia berberysu (Berberis aristata) DER 18:1 standaryzowany na 98% berberyny HCL (chlorowodorek berberyny), inulina, L-leucyna, otoczka kapsu\u0142ki: hydroksypropylometyloceluloza.<\/p>\n","protected":false},"excerpt":{"rendered":"<p> <strong>Forma podania:<\/strong> kapsu\u0142ki<br \/>  <strong>Gramatura:<\/strong> sztuka<br \/>  <strong>Pojemno\u015b\u0107:<\/strong> 60<br \/>  <strong>P\u0142e\u0107:<\/strong> unisex<br \/>  <strong>Rodzaj:<\/strong> odchudzanie <\/p>\n","protected":false},"featured_media":63900,"comment_status":"open","ping_status":"closed","template":"","meta":{"_acf_changed":false},"kategoria-hurtowni":[206,205],"product_brand":[580],"product_cat":[76],"product_tag":[],"class_list":{"0":"post-63899","1":"product","2":"type-product","3":"status-publish","4":"has-post-thumbnail","6":"kategoria-hurtowni-suplementy-diety","7":"kategoria-hurtowni-zdrowie","8":"product_brand-aura-herbals","9":"product_cat-primavera","11":"first","12":"outofstock","13":"taxable","14":"shipping-taxable","15":"product-type-simple"},"acf":[],"_links":{"self":[{"href":"https:\/\/premino.pl\/index.php?rest_route=\/wp\/v2\/product\/63899","targetHints":{"allow":["GET"]}}],"collection":[{"href":"https:\/\/premino.pl\/index.php?rest_route=\/wp\/v2\/product"}],"about":[{"href":"https:\/\/premino.pl\/index.php?rest_route=\/wp\/v2\/types\/product"}],"replies":[{"embeddable":true,"href":"https:\/\/premino.pl\/index.php?rest_route=%2Fwp%2Fv2%2Fcomments&post=63899"}],"wp:featuredmedia":[{"embeddable":true,"href":"https:\/\/premino.pl\/index.php?rest_route=\/wp\/v2\/media\/63900"}],"wp:attachment":[{"href":"https:\/\/premino.pl\/index.php?rest_route=%2Fwp%2Fv2%2Fmedia&parent=63899"}],"wp:term":[{"taxonomy":"kategoria-hurtowni","embeddable":true,"href":"https:\/\/premino.pl\/index.php?rest_route=%2Fwp%2Fv2%2Fkategoria-hurtowni&post=63899"},{"taxonomy":"product_brand","embeddable":true,"href":"https:\/\/premino.pl\/index.php?rest_route=%2Fwp%2Fv2%2Fproduct_brand&post=63899"},{"taxonomy":"product_cat","embeddable":true,"href":"https:\/\/premino.pl\/index.php?rest_route=%2Fwp%2Fv2%2Fproduct_cat&post=63899"},{"taxonomy":"product_tag","embeddable":true,"href":"https:\/\/premino.pl\/index.php?rest_route=%2Fwp%2Fv2%2Fproduct_tag&post=63899"}],"curies":[{"name":"wp","href":"https:\/\/api.w.org\/{rel}","templated":true}]}}